{"id":482,"date":"2019-12-04T18:19:14","date_gmt":"2019-12-04T21:19:14","guid":{"rendered":"http:\/\/eventos.ifg.edu.br\/semantec-jatai\/?page_id=482"},"modified":"2019-12-04T18:19:14","modified_gmt":"2019-12-04T21:19:14","slug":"certificados-oficina-league-of-legends","status":"publish","type":"page","link":"https:\/\/eventos.ifg.edu.br\/semantec-jatai\/certificados-oficina-league-of-legends\/","title":{"rendered":"Certificados Oficina: League of Legends"},"content":{"rendered":"<p><a href=\"http:\/\/eventos.ifg.edu.br\/semantec-jatai\/wp-content\/uploads\/sites\/29\/2019\/12\/oficina-1.pdf\">ADEILTON THALLES NEVES MARQUES<\/a><br \/>\n<a href=\"http:\/\/eventos.ifg.edu.br\/semantec-jatai\/wp-content\/uploads\/sites\/29\/2019\/12\/oficina-2.pdf\">ANTHONY SILVA LIMA<\/a><br \/>\n<a href=\"http:\/\/eventos.ifg.edu.br\/semantec-jatai\/wp-content\/uploads\/sites\/29\/2019\/12\/oficina-3.pdf\">ARTHUR MAXIMIANO DE FILGUEIRA E PERES<\/a><br \/>\n<a href=\"http:\/\/eventos.ifg.edu.br\/semantec-jatai\/wp-content\/uploads\/sites\/29\/2019\/12\/oficina-4.pdf\">ARTHUR SOUZA BARROS<\/a><br \/>\n<a href=\"http:\/\/eventos.ifg.edu.br\/semantec-jatai\/wp-content\/uploads\/sites\/29\/2019\/12\/oficina-5.pdf\">BRUNO C\u00c2NDIDO FERREIRA<\/a><br \/>\n<a href=\"http:\/\/eventos.ifg.edu.br\/semantec-jatai\/wp-content\/uploads\/sites\/29\/2019\/12\/oficina-6.pdf\">CARLOS EDUARDO VIEIRA DA SILVA<\/a><br \/>\n<a href=\"http:\/\/eventos.ifg.edu.br\/semantec-jatai\/wp-content\/uploads\/sites\/29\/2019\/12\/oficina-7.pdf\">CELINA ARIELA OLIVEIRA BLALZ<\/a><br \/>\n<a href=\"http:\/\/eventos.ifg.edu.br\/semantec-jatai\/wp-content\/uploads\/sites\/29\/2019\/12\/oficina-8.pdf\">ELISEU GON\u00c7ALVES SOUZA<\/a><br \/>\n<a href=\"http:\/\/eventos.ifg.edu.br\/semantec-jatai\/wp-content\/uploads\/sites\/29\/2019\/12\/oficina-9.pdf\">FELIPE FILGUEIRA<\/a><br \/>\n<a href=\"http:\/\/eventos.ifg.edu.br\/semantec-jatai\/wp-content\/uploads\/sites\/29\/2019\/12\/oficina-10.pdf\">FELIPE GON\u00c7ALVES DE SOUZA<\/a><br \/>\n<a href=\"http:\/\/eventos.ifg.edu.br\/semantec-jatai\/wp-content\/uploads\/sites\/29\/2019\/12\/oficina-11.pdf\">FRANCIS AUGUSTO MENEZES MORAES<\/a><br \/>\n<a href=\"http:\/\/eventos.ifg.edu.br\/semantec-jatai\/wp-content\/uploads\/sites\/29\/2019\/12\/oficina-12.pdf\">GABRIEL BEZERRA DE PAULO<\/a><br \/>\n<a href=\"http:\/\/eventos.ifg.edu.br\/semantec-jatai\/wp-content\/uploads\/sites\/29\/2019\/12\/oficina-13.pdf\">GABRIEL CARVALHO VILAS BOAS<\/a><br \/>\n<a href=\"http:\/\/eventos.ifg.edu.br\/semantec-jatai\/wp-content\/uploads\/sites\/29\/2019\/12\/oficina-14.pdf\">GERALDO MEDEIROS DOS SANTOS FILHO<\/a><br \/>\n<a href=\"http:\/\/eventos.ifg.edu.br\/semantec-jatai\/wp-content\/uploads\/sites\/29\/2019\/12\/oficina-15.pdf\">GUILHERME HENRIQUE SILVA E SOUZA<\/a><br \/>\n<a href=\"http:\/\/eventos.ifg.edu.br\/semantec-jatai\/wp-content\/uploads\/sites\/29\/2019\/12\/oficina-16.pdf\">HENRIQUE FRANCO HERRMANN<\/a><br \/>\n<a href=\"http:\/\/eventos.ifg.edu.br\/semantec-jatai\/wp-content\/uploads\/sites\/29\/2019\/12\/oficina-17.pdf\">\u00cdCARO DE OLIVEIRA RADIN<\/a><br \/>\n<a href=\"http:\/\/eventos.ifg.edu.br\/semantec-jatai\/wp-content\/uploads\/sites\/29\/2019\/12\/oficina-18.pdf\">JO\u00c3O PAULO DE OLIVEIRA SOUZA<\/a><br \/>\n<a href=\"http:\/\/eventos.ifg.edu.br\/semantec-jatai\/wp-content\/uploads\/sites\/29\/2019\/12\/oficina-19.pdf\">JO\u00c3O PEDRO LOPES RIBEIRO<\/a><br \/>\n<a href=\"http:\/\/eventos.ifg.edu.br\/semantec-jatai\/wp-content\/uploads\/sites\/29\/2019\/12\/oficina-20.pdf\">JOS\u00c9 BERNADINO<\/a><br \/>\n<a href=\"http:\/\/eventos.ifg.edu.br\/semantec-jatai\/wp-content\/uploads\/sites\/29\/2019\/12\/oficina-21.pdf\">LUCAS RODRIGUES DA SILVA<\/a><br \/>\n<a href=\"http:\/\/eventos.ifg.edu.br\/semantec-jatai\/wp-content\/uploads\/sites\/29\/2019\/12\/oficina-22.pdf\">LUCAS RODRIGUES MARTINS<\/a><br \/>\n<a href=\"http:\/\/eventos.ifg.edu.br\/semantec-jatai\/wp-content\/uploads\/sites\/29\/2019\/12\/oficina-23.pdf\">MAIKELL OLIVEIRA CRUZ<\/a><br \/>\n<a href=\"http:\/\/eventos.ifg.edu.br\/semantec-jatai\/wp-content\/uploads\/sites\/29\/2019\/12\/oficina-24.pdf\">MARCO ANT\u00d4NIO ASSIS CARVALHO SILVA<\/a><br \/>\n<a href=\"http:\/\/eventos.ifg.edu.br\/semantec-jatai\/wp-content\/uploads\/sites\/29\/2019\/12\/oficina-25.pdf\">MARCOS VINICIUS VIEIRA MATOS<\/a><br \/>\n<a href=\"http:\/\/eventos.ifg.edu.br\/semantec-jatai\/wp-content\/uploads\/sites\/29\/2019\/12\/oficina-26.pdf\">MATHEUS ASSIS DE SOUZA<\/a><br \/>\n<a href=\"http:\/\/eventos.ifg.edu.br\/semantec-jatai\/wp-content\/uploads\/sites\/29\/2019\/12\/oficina-27.pdf\">NUELTON GON\u00c7ALVES DE SOUZA FILHO<\/a><br \/>\n<a href=\"http:\/\/eventos.ifg.edu.br\/semantec-jatai\/wp-content\/uploads\/sites\/29\/2019\/12\/oficina-28.pdf\">PEDRO LUCAS DE ASSIS SILVA<\/a><br \/>\n<a href=\"http:\/\/eventos.ifg.edu.br\/semantec-jatai\/wp-content\/uploads\/sites\/29\/2019\/12\/oficina-29.pdf\">RIAN SIM\u00c3O GOMES<\/a><br \/>\n<a href=\"http:\/\/eventos.ifg.edu.br\/semantec-jatai\/wp-content\/uploads\/sites\/29\/2019\/12\/oficina-30.pdf\">THIAGO SILVA PARDIM<\/a><br \/>\n<a href=\"http:\/\/eventos.ifg.edu.br\/semantec-jatai\/wp-content\/uploads\/sites\/29\/2019\/12\/oficina-31.pdf\">TIAGO GARCIA<\/a><br \/>\n<a href=\"http:\/\/eventos.ifg.edu.br\/semantec-jatai\/wp-content\/uploads\/sites\/29\/2019\/12\/oficina-32.pdf\">VICTOR KAU\u00ca DE FREITAS MACHADO<\/a><br \/>\n<a href=\"http:\/\/eventos.ifg.edu.br\/semantec-jatai\/wp-content\/uploads\/sites\/29\/2019\/12\/oficina-33.pdf\">VINICIUS RIBEIRO JUNIOR<\/a><br \/>\n<a href=\"http:\/\/eventos.ifg.edu.br\/semantec-jatai\/wp-content\/uploads\/sites\/29\/2019\/12\/oficina-34.pdf\">WELLINGTON VIEIRA FERREIRA<\/a><br \/>\n<a href=\"http:\/\/eventos.ifg.edu.br\/semantec-jatai\/wp-content\/uploads\/sites\/29\/2019\/12\/oficina-35.pdf\">WERIQUES PEREIRA DE OLIVEIRA<\/a><br \/>\n<a href=\"http:\/\/eventos.ifg.edu.br\/semantec-jatai\/wp-content\/uploads\/sites\/29\/2019\/12\/oficina-36.pdf\">YAGO MURILO FERREIRA DOS SANTOS<\/a><\/p>\n","protected":false},"excerpt":{"rendered":"<p>ADEILTON THALLES NEVES MARQUES ANTHONY SILVA LIMA ARTHUR MAXIMIANO DE FILGUEIRA E PERES ARTHUR SOUZA BARROS BRUNO C\u00c2NDIDO FERREIRA CARLOS EDUARDO VIEIRA DA SILVA CELINA ARIELA OLIVEIRA BLALZ ELISEU GON\u00c7ALVES SOUZA FELIPE FILGUEIRA FELIPE GON\u00c7ALVES DE SOUZA FRANCIS AUGUSTO MENEZES MORAES GABRIEL BEZERRA DE PAULO GABRIEL CARVALHO VILAS BOAS GERALDO MEDEIROS DOS SANTOS FILHO GUILHERME &hellip; <\/p>\n<p><a class=\"more-link btn\" href=\"https:\/\/eventos.ifg.edu.br\/semantec-jatai\/certificados-oficina-league-of-legends\/\">Continue lendo<\/a><\/p>\n","protected":false},"author":65,"featured_media":0,"parent":0,"menu_order":0,"comment_status":"closed","ping_status":"closed","template":"","meta":{"ngg_post_thumbnail":0,"footnotes":""},"class_list":["post-482","page","type-page","status-publish","hentry","nodate","item-wrap"],"_links":{"self":[{"href":"https:\/\/eventos.ifg.edu.br\/semantec-jatai\/wp-json\/wp\/v2\/pages\/482"}],"collection":[{"href":"https:\/\/eventos.ifg.edu.br\/semantec-jatai\/wp-json\/wp\/v2\/pages"}],"about":[{"href":"https:\/\/eventos.ifg.edu.br\/semantec-jatai\/wp-json\/wp\/v2\/types\/page"}],"author":[{"embeddable":true,"href":"https:\/\/eventos.ifg.edu.br\/semantec-jatai\/wp-json\/wp\/v2\/users\/65"}],"replies":[{"embeddable":true,"href":"https:\/\/eventos.ifg.edu.br\/semantec-jatai\/wp-json\/wp\/v2\/comments?post=482"}],"version-history":[{"count":1,"href":"https:\/\/eventos.ifg.edu.br\/semantec-jatai\/wp-json\/wp\/v2\/pages\/482\/revisions"}],"predecessor-version":[{"id":483,"href":"https:\/\/eventos.ifg.edu.br\/semantec-jatai\/wp-json\/wp\/v2\/pages\/482\/revisions\/483"}],"wp:attachment":[{"href":"https:\/\/eventos.ifg.edu.br\/semantec-jatai\/wp-json\/wp\/v2\/media?parent=482"}],"curies":[{"name":"wp","href":"https:\/\/api.w.org\/{rel}","templated":true}]}}