{"id":376,"date":"2019-12-04T16:57:25","date_gmt":"2019-12-04T19:57:25","guid":{"rendered":"http:\/\/eventos.ifg.edu.br\/semantec-jatai\/?page_id=376"},"modified":"2019-12-04T16:57:35","modified_gmt":"2019-12-04T19:57:35","slug":"participantes","status":"publish","type":"page","link":"https:\/\/eventos.ifg.edu.br\/semantec-jatai\/participantes\/","title":{"rendered":"Certificados Participantes"},"content":{"rendered":"<p><a href=\"http:\/\/eventos.ifg.edu.br\/semantec-jatai\/wp-content\/uploads\/sites\/29\/2019\/12\/participantes-1.pdf\">ADRIANA REZENDE<\/a><br \/>\n<a href=\"http:\/\/eventos.ifg.edu.br\/semantec-jatai\/wp-content\/uploads\/sites\/29\/2019\/12\/participantes-2.pdf\">ALINE QUEIROZ DOURADO<\/a><br \/>\n<a href=\"http:\/\/eventos.ifg.edu.br\/semantec-jatai\/wp-content\/uploads\/sites\/29\/2019\/12\/participantes-3.pdf\">AMANDA ARANTES<\/a><br \/>\n<a href=\"http:\/\/eventos.ifg.edu.br\/semantec-jatai\/wp-content\/uploads\/sites\/29\/2019\/12\/participantes-4.pdf\">ANDREA AP STOS DO NASCIMENTO<\/a><br \/>\n<a href=\"http:\/\/eventos.ifg.edu.br\/semantec-jatai\/wp-content\/uploads\/sites\/29\/2019\/12\/participantes-5.pdf\">ANNA LAURA CORDEIRO E CASTRO<\/a><br \/>\n<a href=\"http:\/\/eventos.ifg.edu.br\/semantec-jatai\/wp-content\/uploads\/sites\/29\/2019\/12\/participantes-6.pdf\">ANNE<\/a><br \/>\n<a href=\"http:\/\/eventos.ifg.edu.br\/semantec-jatai\/wp-content\/uploads\/sites\/29\/2019\/12\/participantes-7.pdf\">ANT\u00d4NIO A C  J\u00daNIOR<\/a><br \/>\n<a href=\"http:\/\/eventos.ifg.edu.br\/semantec-jatai\/wp-content\/uploads\/sites\/29\/2019\/12\/participantes-8.pdf\">ANT\u00d4NIO ANDR\u00c9 CAVALCANTE SANTOS OLIVEIRA<\/a><br \/>\n<a href=\"http:\/\/eventos.ifg.edu.br\/semantec-jatai\/wp-content\/uploads\/sites\/29\/2019\/12\/participantes-9.pdf\">ARTHUR GRUSZCZYNSKI SANTANA SANTOS<\/a><br \/>\n<a href=\"http:\/\/eventos.ifg.edu.br\/semantec-jatai\/wp-content\/uploads\/sites\/29\/2019\/12\/participantes-10.pdf\">ARTHUR SOUZA BARROS<\/a><br \/>\n<a href=\"http:\/\/eventos.ifg.edu.br\/semantec-jatai\/wp-content\/uploads\/sites\/29\/2019\/12\/participantes-11.pdf\">B\u00c1RBARA FERNANDES OLIVEIRA<\/a><br \/>\n<a href=\"http:\/\/eventos.ifg.edu.br\/semantec-jatai\/wp-content\/uploads\/sites\/29\/2019\/12\/participantes-12.pdf\">BEATRIZ CRISTINA MANTELLI<\/a><br \/>\n<a href=\"http:\/\/eventos.ifg.edu.br\/semantec-jatai\/wp-content\/uploads\/sites\/29\/2019\/12\/participantes-13.pdf\">CAIO AMANCIO CHAVES<\/a><br \/>\n<a href=\"http:\/\/eventos.ifg.edu.br\/semantec-jatai\/wp-content\/uploads\/sites\/29\/2019\/12\/participantes-14.pdf\">CARLOS ALEXANDRE FARIA OLIVEIRA<\/a><br \/>\n<a href=\"http:\/\/eventos.ifg.edu.br\/semantec-jatai\/wp-content\/uploads\/sites\/29\/2019\/12\/participantes-15.pdf\">CARMELUCELENE FAGUNDES BERNARDES<\/a><br \/>\n<a href=\"http:\/\/eventos.ifg.edu.br\/semantec-jatai\/wp-content\/uploads\/sites\/29\/2019\/12\/participantes-16.pdf\">CARMENCITA FERREIRA SILVA ASSIS<\/a><br \/>\n<a href=\"http:\/\/eventos.ifg.edu.br\/semantec-jatai\/wp-content\/uploads\/sites\/29\/2019\/12\/participantes-17.pdf\">DAIANE MARTINS DE OLIVEIRA<\/a><br \/>\n<a href=\"http:\/\/eventos.ifg.edu.br\/semantec-jatai\/wp-content\/uploads\/sites\/29\/2019\/12\/participantes-18.pdf\">DAMI\u00c3O CARLOS DA SILVA<\/a><br \/>\n<a href=\"http:\/\/eventos.ifg.edu.br\/semantec-jatai\/wp-content\/uploads\/sites\/29\/2019\/12\/participantes-19.pdf\">DANIELA OLIVEIRA<\/a><br \/>\n<a href=\"http:\/\/eventos.ifg.edu.br\/semantec-jatai\/wp-content\/uploads\/sites\/29\/2019\/12\/participantes-20.pdf\">DANILA ALC\u00c2NTARA BARBOSA DOS REIS<\/a><br \/>\n<a href=\"http:\/\/eventos.ifg.edu.br\/semantec-jatai\/wp-content\/uploads\/sites\/29\/2019\/12\/participantes-21.pdf\">DEBORA  FERREIRA DOS SANTOS<\/a><br \/>\n<a href=\"http:\/\/eventos.ifg.edu.br\/semantec-jatai\/wp-content\/uploads\/sites\/29\/2019\/12\/participantes-22.pdf\">DENER KENNEDY CAETANO RODRIGUES<\/a><br \/>\n<a href=\"http:\/\/eventos.ifg.edu.br\/semantec-jatai\/wp-content\/uploads\/sites\/29\/2019\/12\/participantes-23.pdf\">DENNER PAULINO MATIAS<\/a><br \/>\n<a href=\"http:\/\/eventos.ifg.edu.br\/semantec-jatai\/wp-content\/uploads\/sites\/29\/2019\/12\/participantes-24.pdf\">EFRAINO<\/a><br \/>\n<a href=\"http:\/\/eventos.ifg.edu.br\/semantec-jatai\/wp-content\/uploads\/sites\/29\/2019\/12\/participantes-25.pdf\">ELIANE FERREIRA DOS SANTOS<\/a><br \/>\n<a href=\"http:\/\/eventos.ifg.edu.br\/semantec-jatai\/wp-content\/uploads\/sites\/29\/2019\/12\/participantes-26.pdf\">ELIANE RAIMANN<\/a><br \/>\n<a href=\"http:\/\/eventos.ifg.edu.br\/semantec-jatai\/wp-content\/uploads\/sites\/29\/2019\/12\/participantes-27.pdf\">ELIENE SANTOS OZORIO<\/a><br \/>\n<a href=\"http:\/\/eventos.ifg.edu.br\/semantec-jatai\/wp-content\/uploads\/sites\/29\/2019\/12\/participantes-28.pdf\">EVELINY FRANCO DE OLIVEIRA<\/a><br \/>\n<a href=\"http:\/\/eventos.ifg.edu.br\/semantec-jatai\/wp-content\/uploads\/sites\/29\/2019\/12\/participantes-29.pdf\">F\u00c1BIO ALVES PIRES<\/a><br \/>\n<a href=\"http:\/\/eventos.ifg.edu.br\/semantec-jatai\/wp-content\/uploads\/sites\/29\/2019\/12\/participantes-30.pdf\">FABRICIO RIBEIRO BUENO<\/a><br \/>\n<a href=\"http:\/\/eventos.ifg.edu.br\/semantec-jatai\/wp-content\/uploads\/sites\/29\/2019\/12\/participantes-31.pdf\">FELIPE GON\u00c7ALVES DE SOUZA<\/a><br \/>\n<a href=\"http:\/\/eventos.ifg.edu.br\/semantec-jatai\/wp-content\/uploads\/sites\/29\/2019\/12\/participantes-32.pdf\">FRANCIELE SOUSA SILVA<\/a><br \/>\n<a href=\"http:\/\/eventos.ifg.edu.br\/semantec-jatai\/wp-content\/uploads\/sites\/29\/2019\/12\/participantes-33.pdf\">FRANCIELLE OGREGON<\/a><br \/>\n<a href=\"http:\/\/eventos.ifg.edu.br\/semantec-jatai\/wp-content\/uploads\/sites\/29\/2019\/12\/participantes-34.pdf\">FRANCIS AUGUSTO MENEZES MORAES<\/a><br \/>\n<a href=\"http:\/\/eventos.ifg.edu.br\/semantec-jatai\/wp-content\/uploads\/sites\/29\/2019\/12\/participantes-35.pdf\">GABRIEL BEZERRA DE PAULO<\/a><br \/>\n<a href=\"http:\/\/eventos.ifg.edu.br\/semantec-jatai\/wp-content\/uploads\/sites\/29\/2019\/12\/participantes-36.pdf\">GABRIEL CARVALHO VILAS BOAS<\/a><br \/>\n<a href=\"http:\/\/eventos.ifg.edu.br\/semantec-jatai\/wp-content\/uploads\/sites\/29\/2019\/12\/participantes-37.pdf\">GABRIEL DE JESUS OGREGON<\/a><br \/>\n<a href=\"http:\/\/eventos.ifg.edu.br\/semantec-jatai\/wp-content\/uploads\/sites\/29\/2019\/12\/participantes-38.pdf\">GABRIEL SOUZA<\/a><br \/>\n<a href=\"http:\/\/eventos.ifg.edu.br\/semantec-jatai\/wp-content\/uploads\/sites\/29\/2019\/12\/participantes-39.pdf\">GABRIELLA SANTOS CARVALHO<\/a><br \/>\n<a href=\"http:\/\/eventos.ifg.edu.br\/semantec-jatai\/wp-content\/uploads\/sites\/29\/2019\/12\/participantes-40.pdf\">GABRIELLY SOUSA PEREIRA<\/a><br \/>\n<a href=\"http:\/\/eventos.ifg.edu.br\/semantec-jatai\/wp-content\/uploads\/sites\/29\/2019\/12\/participantes-41.pdf\">GEOVANNA CASTRO TELES DE LIMA<\/a><br \/>\n<a href=\"http:\/\/eventos.ifg.edu.br\/semantec-jatai\/wp-content\/uploads\/sites\/29\/2019\/12\/participantes-42.pdf\">GERALDO MEDEIROS DOS SANTOS FILHO<\/a><br \/>\n<a href=\"http:\/\/eventos.ifg.edu.br\/semantec-jatai\/wp-content\/uploads\/sites\/29\/2019\/12\/participantes-43.pdf\">GLAUCENI<\/a><br \/>\n<a href=\"http:\/\/eventos.ifg.edu.br\/semantec-jatai\/wp-content\/uploads\/sites\/29\/2019\/12\/participantes-44.pdf\">GRACIANA FRANCO FRITAS<\/a><br \/>\n<a href=\"http:\/\/eventos.ifg.edu.br\/semantec-jatai\/wp-content\/uploads\/sites\/29\/2019\/12\/participantes-45.pdf\">GUILHERME FERREIRA LIMA<\/a><br \/>\n<a href=\"http:\/\/eventos.ifg.edu.br\/semantec-jatai\/wp-content\/uploads\/sites\/29\/2019\/12\/participantes-46.pdf\">ICARO DE OLIVEIRA RADIN<\/a><br \/>\n<a href=\"http:\/\/eventos.ifg.edu.br\/semantec-jatai\/wp-content\/uploads\/sites\/29\/2019\/12\/participantes-47.pdf\">INGRID KLEINHEISTERKAMP<\/a><br \/>\n<a href=\"http:\/\/eventos.ifg.edu.br\/semantec-jatai\/wp-content\/uploads\/sites\/29\/2019\/12\/participantes-48.pdf\">JACKSON DOUGLAS LEAL SILVA<\/a><br \/>\n<a href=\"http:\/\/eventos.ifg.edu.br\/semantec-jatai\/wp-content\/uploads\/sites\/29\/2019\/12\/participantes-49.pdf\">JAIR JEFFERSON<\/a><br \/>\n<a href=\"http:\/\/eventos.ifg.edu.br\/semantec-jatai\/wp-content\/uploads\/sites\/29\/2019\/12\/participantes-50.pdf\">JESSICA BARBOSA SANTANA RODRIGUES<\/a><br \/>\n<a href=\"http:\/\/eventos.ifg.edu.br\/semantec-jatai\/wp-content\/uploads\/sites\/29\/2019\/12\/participantes-51.pdf\">JO\u00c3O PEDRO LOPES RIBEIRO<\/a><br \/>\n<a href=\"http:\/\/eventos.ifg.edu.br\/semantec-jatai\/wp-content\/uploads\/sites\/29\/2019\/12\/participantes-52.pdf\">KAILA DE ASSIS RESSEL PEREIRA<\/a><br \/>\n<a href=\"http:\/\/eventos.ifg.edu.br\/semantec-jatai\/wp-content\/uploads\/sites\/29\/2019\/12\/participantes-53.pdf\">LARA STEFANE MARQUES DE OLIVEIRA<\/a><br \/>\n<a href=\"http:\/\/eventos.ifg.edu.br\/semantec-jatai\/wp-content\/uploads\/sites\/29\/2019\/12\/participantes-54.pdf\">LAURA ALMEIDA DIAMANTINO<\/a><br \/>\n<a href=\"http:\/\/eventos.ifg.edu.br\/semantec-jatai\/wp-content\/uploads\/sites\/29\/2019\/12\/participantes-55.pdf\">LAURA RESSEL GUILHERME<\/a><br \/>\n<a href=\"http:\/\/eventos.ifg.edu.br\/semantec-jatai\/wp-content\/uploads\/sites\/29\/2019\/12\/participantes-56.pdf\">LEANDRO CASTRO GUIMAR\u00c3ES<\/a><br \/>\n<a href=\"http:\/\/eventos.ifg.edu.br\/semantec-jatai\/wp-content\/uploads\/sites\/29\/2019\/12\/participantes-57.pdf\">LEANDRO SOUZA FERREIRA<\/a><br \/>\n<a href=\"http:\/\/eventos.ifg.edu.br\/semantec-jatai\/wp-content\/uploads\/sites\/29\/2019\/12\/participantes-58.pdf\">LILIAN PEREIRA DE SOUZA<\/a><br \/>\n<a href=\"http:\/\/eventos.ifg.edu.br\/semantec-jatai\/wp-content\/uploads\/sites\/29\/2019\/12\/participantes-59.pdf\">LUCIANA BIGOLIN MARTINI<\/a><br \/>\n<a href=\"http:\/\/eventos.ifg.edu.br\/semantec-jatai\/wp-content\/uploads\/sites\/29\/2019\/12\/participantes-60.pdf\">MARIA EDUARDA SANTOS NASCIMENTO<\/a><br \/>\n<a href=\"http:\/\/eventos.ifg.edu.br\/semantec-jatai\/wp-content\/uploads\/sites\/29\/2019\/12\/participantes-61.pdf\">MARIA GERUSA DE OLIVEIRA<\/a><br \/>\n<a href=\"http:\/\/eventos.ifg.edu.br\/semantec-jatai\/wp-content\/uploads\/sites\/29\/2019\/12\/participantes-62.pdf\">MARIA LUANA BATISTA DOS SANTOS ARAGAARAG\u00c3O<\/a><br \/>\n<a href=\"http:\/\/eventos.ifg.edu.br\/semantec-jatai\/wp-content\/uploads\/sites\/29\/2019\/12\/participantes-63.pdf\">MIKAELA VIEIRA<\/a><br \/>\n<a href=\"http:\/\/eventos.ifg.edu.br\/semantec-jatai\/wp-content\/uploads\/sites\/29\/2019\/12\/participantes-64.pdf\">NAT\u00c1LIA RODRIGUES CARVALHO<\/a><br \/>\n<a href=\"http:\/\/eventos.ifg.edu.br\/semantec-jatai\/wp-content\/uploads\/sites\/29\/2019\/12\/participantes-65.pdf\">PATR\u00cdCIA TINOCO SANTOS<\/a><br \/>\n<a href=\"http:\/\/eventos.ifg.edu.br\/semantec-jatai\/wp-content\/uploads\/sites\/29\/2019\/12\/participantes-66.pdf\">PEDRO LUCAS DE ASSIS SILVA<\/a><br \/>\n<a href=\"http:\/\/eventos.ifg.edu.br\/semantec-jatai\/wp-content\/uploads\/sites\/29\/2019\/12\/participantes-67.pdf\">RAQUEL SOUZA SILVA<\/a><br \/>\n<a href=\"http:\/\/eventos.ifg.edu.br\/semantec-jatai\/wp-content\/uploads\/sites\/29\/2019\/12\/participantes-68.pdf\">RODRIGO MANOEL VIEIRA OLIVEIRA<\/a><br \/>\n<a href=\"http:\/\/eventos.ifg.edu.br\/semantec-jatai\/wp-content\/uploads\/sites\/29\/2019\/12\/participantes-69.pdf\">THAISA<\/a><br \/>\n<a href=\"http:\/\/eventos.ifg.edu.br\/semantec-jatai\/wp-content\/uploads\/sites\/29\/2019\/12\/participantes-70.pdf\">THIAGO VILELA AIMI<\/a><br \/>\n<a href=\"http:\/\/eventos.ifg.edu.br\/semantec-jatai\/wp-content\/uploads\/sites\/29\/2019\/12\/participantes-71.pdf\">THULIO SOUSA FRAGA<\/a><br \/>\n<a href=\"http:\/\/eventos.ifg.edu.br\/semantec-jatai\/wp-content\/uploads\/sites\/29\/2019\/12\/participantes-72.pdf\">VITORIA FALLER<\/a><br \/>\n<a href=\"http:\/\/eventos.ifg.edu.br\/semantec-jatai\/wp-content\/uploads\/sites\/29\/2019\/12\/participantes-73.pdf\">VIT\u00d3RIA MARIANO MORAIS<\/a><br \/>\n<a href=\"http:\/\/eventos.ifg.edu.br\/semantec-jatai\/wp-content\/uploads\/sites\/29\/2019\/12\/participantes-74.pdf\">WALLISON HENRIQUE GOUVEIA LIMA<\/a><br \/>\n<a href=\"http:\/\/eventos.ifg.edu.br\/semantec-jatai\/wp-content\/uploads\/sites\/29\/2019\/12\/participantes-75.pdf\">WANDER LUIZ SILVA LIMA<\/a><br \/>\n<a href=\"http:\/\/eventos.ifg.edu.br\/semantec-jatai\/wp-content\/uploads\/sites\/29\/2019\/12\/participantes-76.pdf\">WELLINGTON VIEIRA FERREIRA<\/a><br \/>\n<a href=\"http:\/\/eventos.ifg.edu.br\/semantec-jatai\/wp-content\/uploads\/sites\/29\/2019\/12\/participantes-77.pdf\">WILKER BRUNO F. SOUZA<\/a><br \/>\n<a href=\"http:\/\/eventos.ifg.edu.br\/semantec-jatai\/wp-content\/uploads\/sites\/29\/2019\/12\/participantes-78.pdf\">WILLIAM ALVES \u00c1RTICO<\/a><\/p>\n","protected":false},"excerpt":{"rendered":"<p>ADRIANA REZENDE ALINE QUEIROZ DOURADO AMANDA ARANTES ANDREA AP STOS DO NASCIMENTO ANNA LAURA CORDEIRO E CASTRO ANNE ANT\u00d4NIO A C J\u00daNIOR ANT\u00d4NIO ANDR\u00c9 CAVALCANTE SANTOS OLIVEIRA ARTHUR GRUSZCZYNSKI SANTANA SANTOS ARTHUR SOUZA BARROS B\u00c1RBARA FERNANDES OLIVEIRA BEATRIZ CRISTINA MANTELLI CAIO AMANCIO CHAVES CARLOS ALEXANDRE FARIA OLIVEIRA CARMELUCELENE FAGUNDES BERNARDES CARMENCITA FERREIRA SILVA ASSIS DAIANE &hellip; <\/p>\n<p><a class=\"more-link btn\" href=\"https:\/\/eventos.ifg.edu.br\/semantec-jatai\/participantes\/\">Continue lendo<\/a><\/p>\n","protected":false},"author":65,"featured_media":0,"parent":0,"menu_order":0,"comment_status":"closed","ping_status":"closed","template":"","meta":{"ngg_post_thumbnail":0,"footnotes":""},"class_list":["post-376","page","type-page","status-publish","hentry","nodate","item-wrap"],"_links":{"self":[{"href":"https:\/\/eventos.ifg.edu.br\/semantec-jatai\/wp-json\/wp\/v2\/pages\/376"}],"collection":[{"href":"https:\/\/eventos.ifg.edu.br\/semantec-jatai\/wp-json\/wp\/v2\/pages"}],"about":[{"href":"https:\/\/eventos.ifg.edu.br\/semantec-jatai\/wp-json\/wp\/v2\/types\/page"}],"author":[{"embeddable":true,"href":"https:\/\/eventos.ifg.edu.br\/semantec-jatai\/wp-json\/wp\/v2\/users\/65"}],"replies":[{"embeddable":true,"href":"https:\/\/eventos.ifg.edu.br\/semantec-jatai\/wp-json\/wp\/v2\/comments?post=376"}],"version-history":[{"count":2,"href":"https:\/\/eventos.ifg.edu.br\/semantec-jatai\/wp-json\/wp\/v2\/pages\/376\/revisions"}],"predecessor-version":[{"id":396,"href":"https:\/\/eventos.ifg.edu.br\/semantec-jatai\/wp-json\/wp\/v2\/pages\/376\/revisions\/396"}],"wp:attachment":[{"href":"https:\/\/eventos.ifg.edu.br\/semantec-jatai\/wp-json\/wp\/v2\/media?parent=376"}],"curies":[{"name":"wp","href":"https:\/\/api.w.org\/{rel}","templated":true}]}}