{"id":335,"date":"2019-12-04T16:45:49","date_gmt":"2019-12-04T19:45:49","guid":{"rendered":"http:\/\/eventos.ifg.edu.br\/semantec-jatai\/?page_id=335"},"modified":"2019-12-04T16:45:49","modified_gmt":"2019-12-04T19:45:49","slug":"certificados-avaliadores","status":"publish","type":"page","link":"https:\/\/eventos.ifg.edu.br\/semantec-jatai\/certificados-avaliadores\/","title":{"rendered":"Certificados Avaliadores"},"content":{"rendered":"<p><a href=\"http:\/\/eventos.ifg.edu.br\/semantec-jatai\/wp-content\/uploads\/sites\/29\/2019\/12\/avaliadores-1.pdf\">ALADIR FERREIRA DA SILVA J\u00daNIOR<\/a><br \/>\n<a href=\"http:\/\/eventos.ifg.edu.br\/semantec-jatai\/wp-content\/uploads\/sites\/29\/2019\/12\/avaliadores-2.pdf\">CARLOS C\u00c9ZAR DA SILVA<\/a><br \/>\n<a href=\"http:\/\/eventos.ifg.edu.br\/semantec-jatai\/wp-content\/uploads\/sites\/29\/2019\/12\/avaliadores-3.pdf\">CARMENCITA FERREIRA SILVA ASSIS<\/a><br \/>\n<a href=\"http:\/\/eventos.ifg.edu.br\/semantec-jatai\/wp-content\/uploads\/sites\/29\/2019\/12\/avaliadores-4.pdf\">DANILLO VAZ BORGES DE ASSIS<\/a><br \/>\n<a href=\"http:\/\/eventos.ifg.edu.br\/semantec-jatai\/wp-content\/uploads\/sites\/29\/2019\/12\/avaliadores-5.pdf\">EULHER CHAVES CARVALHO<\/a><br \/>\n<a href=\"http:\/\/eventos.ifg.edu.br\/semantec-jatai\/wp-content\/uploads\/sites\/29\/2019\/12\/avaliadores-6.pdf\">EVALDO SILVA<\/a><br \/>\n<a href=\"http:\/\/eventos.ifg.edu.br\/semantec-jatai\/wp-content\/uploads\/sites\/29\/2019\/12\/avaliadores-7.pdf\">HYAGO ERNANE GON\u00c7ALVES SQUIAVE<\/a><br \/>\n<a href=\"http:\/\/eventos.ifg.edu.br\/semantec-jatai\/wp-content\/uploads\/sites\/29\/2019\/12\/avaliadores-8.pdf\">JAQUELINE OLIVEIRA REZENDE<\/a><br \/>\n<a href=\"http:\/\/eventos.ifg.edu.br\/semantec-jatai\/wp-content\/uploads\/sites\/29\/2019\/12\/avaliadores-9.pdf\">JOS\u00c9 ANT\u00d4NIO LAMBERT<\/a><br \/>\n<a href=\"http:\/\/eventos.ifg.edu.br\/semantec-jatai\/wp-content\/uploads\/sites\/29\/2019\/12\/avaliadores-10.pdf\">KENNYA RESENDE MENDON\u00c7A<\/a><br \/>\n<a href=\"http:\/\/eventos.ifg.edu.br\/semantec-jatai\/wp-content\/uploads\/sites\/29\/2019\/12\/avaliadores-11.pdf\">LAISSE SILVA LEMOS<\/a><br \/>\n<a href=\"http:\/\/eventos.ifg.edu.br\/semantec-jatai\/wp-content\/uploads\/sites\/29\/2019\/12\/avaliadores-12.pdf\">LUCIANA BIGOLIN MARTINI<\/a><br \/>\n<a href=\"http:\/\/eventos.ifg.edu.br\/semantec-jatai\/wp-content\/uploads\/sites\/29\/2019\/12\/avaliadores-13.pdf\">LUCIANA TAVARES BORGES<\/a><br \/>\n<a href=\"http:\/\/eventos.ifg.edu.br\/semantec-jatai\/wp-content\/uploads\/sites\/29\/2019\/12\/avaliadores-14.pdf\">LUCIANO DE SOUZA COSTA E SILVA<\/a><br \/>\n<a href=\"http:\/\/eventos.ifg.edu.br\/semantec-jatai\/wp-content\/uploads\/sites\/29\/2019\/12\/avaliadores-15.pdf\">MARCELO SEMENSATO<\/a><br \/>\n<a href=\"http:\/\/eventos.ifg.edu.br\/semantec-jatai\/wp-content\/uploads\/sites\/29\/2019\/12\/avaliadores-16.pdf\">MARLUCE SILVA SOUZA<\/a><br \/>\n<a href=\"http:\/\/eventos.ifg.edu.br\/semantec-jatai\/wp-content\/uploads\/sites\/29\/2019\/12\/avaliadores-17.pdf\">MAYLON PEREIRA DA SILVA<\/a><br \/>\n<a href=\"http:\/\/eventos.ifg.edu.br\/semantec-jatai\/wp-content\/uploads\/sites\/29\/2019\/12\/avaliadores-18.pdf\">NILIAN FERREIRA GUIMAR\u00c3ES CARVALHO<\/a><br \/>\n<a href=\"http:\/\/eventos.ifg.edu.br\/semantec-jatai\/wp-content\/uploads\/sites\/29\/2019\/12\/avaliadores-19.pdf\">PATRICIA TINOCO SANTOS<\/a><br \/>\n<a href=\"http:\/\/eventos.ifg.edu.br\/semantec-jatai\/wp-content\/uploads\/sites\/29\/2019\/12\/avaliadores-20.pdf\">PAULO HENRIQUE DE SOUZA<\/a><br \/>\n<a href=\"http:\/\/eventos.ifg.edu.br\/semantec-jatai\/wp-content\/uploads\/sites\/29\/2019\/12\/avaliadores-21.pdf\">RAFAEL C\u00d4RTES FERREIRA<\/a><br \/>\n<a href=\"http:\/\/eventos.ifg.edu.br\/semantec-jatai\/wp-content\/uploads\/sites\/29\/2019\/12\/avaliadores-22.pdf\">RITA RODRIGUES DE SOUZA<\/a><br \/>\n<a href=\"http:\/\/eventos.ifg.edu.br\/semantec-jatai\/wp-content\/uploads\/sites\/29\/2019\/12\/avaliadores-23.pdf\">TALLYTA DA SILVA CURADO<\/a><\/p>\n","protected":false},"excerpt":{"rendered":"<p>ALADIR FERREIRA DA SILVA J\u00daNIOR CARLOS C\u00c9ZAR DA SILVA CARMENCITA FERREIRA SILVA ASSIS DANILLO VAZ BORGES DE ASSIS EULHER CHAVES CARVALHO EVALDO SILVA HYAGO ERNANE GON\u00c7ALVES SQUIAVE JAQUELINE OLIVEIRA REZENDE JOS\u00c9 ANT\u00d4NIO LAMBERT KENNYA RESENDE MENDON\u00c7A LAISSE SILVA LEMOS LUCIANA BIGOLIN MARTINI LUCIANA TAVARES BORGES LUCIANO DE SOUZA COSTA E SILVA MARCELO SEMENSATO MARLUCE SILVA &hellip; <\/p>\n<p><a class=\"more-link btn\" href=\"https:\/\/eventos.ifg.edu.br\/semantec-jatai\/certificados-avaliadores\/\">Continue lendo<\/a><\/p>\n","protected":false},"author":65,"featured_media":0,"parent":0,"menu_order":0,"comment_status":"closed","ping_status":"closed","template":"","meta":{"ngg_post_thumbnail":0,"footnotes":""},"class_list":["post-335","page","type-page","status-publish","hentry","nodate","item-wrap"],"_links":{"self":[{"href":"https:\/\/eventos.ifg.edu.br\/semantec-jatai\/wp-json\/wp\/v2\/pages\/335"}],"collection":[{"href":"https:\/\/eventos.ifg.edu.br\/semantec-jatai\/wp-json\/wp\/v2\/pages"}],"about":[{"href":"https:\/\/eventos.ifg.edu.br\/semantec-jatai\/wp-json\/wp\/v2\/types\/page"}],"author":[{"embeddable":true,"href":"https:\/\/eventos.ifg.edu.br\/semantec-jatai\/wp-json\/wp\/v2\/users\/65"}],"replies":[{"embeddable":true,"href":"https:\/\/eventos.ifg.edu.br\/semantec-jatai\/wp-json\/wp\/v2\/comments?post=335"}],"version-history":[{"count":1,"href":"https:\/\/eventos.ifg.edu.br\/semantec-jatai\/wp-json\/wp\/v2\/pages\/335\/revisions"}],"predecessor-version":[{"id":336,"href":"https:\/\/eventos.ifg.edu.br\/semantec-jatai\/wp-json\/wp\/v2\/pages\/335\/revisions\/336"}],"wp:attachment":[{"href":"https:\/\/eventos.ifg.edu.br\/semantec-jatai\/wp-json\/wp\/v2\/media?parent=335"}],"curies":[{"name":"wp","href":"https:\/\/api.w.org\/{rel}","templated":true}]}}