{"id":214,"date":"2018-07-24T21:43:35","date_gmt":"2018-07-25T00:43:35","guid":{"rendered":"http:\/\/eventos.ifg.edu.br\/semantec-jatai\/?page_id=214"},"modified":"2019-07-09T19:25:31","modified_gmt":"2019-07-09T22:25:31","slug":"submissao-de-trabalhos-2","status":"publish","type":"page","link":"https:\/\/eventos.ifg.edu.br\/semantec-jatai\/submissao-de-trabalhos-2\/","title":{"rendered":"Submiss\u00e3o de Trabalhos 2018"},"content":{"rendered":"<h1>Trabalhos Aprovados<\/h1>\n<p>A Comiss\u00e3o Cient\u00edfica da 21\u00aa Semantec divulga a lista de trabalhos aprovados:<\/p>\n<ul>\n<li>A cultura de Jata\u00ed<\/li>\n<li>Os Lagos de Jata\u00ed<\/li>\n<li>A Seguran\u00e7a em Jata\u00ed<\/li>\n<li>Educa\u00e7\u00e3o em Jata\u00ed<\/li>\n<li>Com\u00e9rcio e Agroneg\u00f3cio<\/li>\n<\/ul>\n<ul>\n<li>Saneamento B\u00e1sico e Infraestrutura.<\/li>\n<li>Microsc\u00f3pio caseiro<\/li>\n<li>Pra\u00e7as<\/li>\n<li>Energia da Batata<\/li>\n<\/ul>\n<ul>\n<li>Rob\u00f4 M\u00f3vel Seguidor de Linha<\/li>\n<li>Cubo de LED 3D Controlado Por Ardu\u00edno<\/li>\n<li>Experimentos Envolvendo Eletromagnetismo<\/li>\n<li>Gerador Magn\u00e9tico de Energia<\/li>\n<\/ul>\n<p>O objetivo geral da XXI Semantec \u00e9 promover a apresenta\u00e7\u00e3o de trabalhos e mostras estudantis de cunho cient\u00edfico e, ainda, de pesquisas de inicia\u00e7\u00e3o cient\u00edfica que reflitam a investiga\u00e7\u00e3o cr\u00edtica, o debate e a proposta de interven\u00e7\u00e3o sobre assuntos relativos  \u00e0 \u201cCi\u00eancia para redu\u00e7\u00e3o das desigualdades\u201d.<\/p>\n<p>Conforme <a href=\"http:\/\/eventos.ifg.edu.br\/semantec-jatai\/wp-content\/uploads\/sites\/29\/2018\/09\/Regulamento-21\u00aa-Semantec-2018-06-09.pdf\">Regulamento 21\u00aa Semantec 2018<\/a>, os trabalhos dever\u00e3o ter entre 3 e 10 p\u00e1ginas, incluindo ilustra\u00e7\u00f5es, tabelas e refer\u00eancias bibliogr\u00e1ficas. Cada trabalho dever\u00e1 ter no m\u00e1ximo seis autores, al\u00e9m do orientador e do coorientador. Todos os trabalhos dever\u00e3o ter como orientador servidores docentes ou t\u00e9cnico-administrativos, estudantes dos cursos superiores do c\u00e2mpus ou servidores do Dante Mosconi.<\/p>\n<p>Para efetivar a inscri\u00e7\u00e3o, os autores dever\u00e3o enviar os arquivos contendo o trabalho para o email semantec.jatai@gmail.com entre os dias 10 de julho e 17 de setembro. Paralelamente \u00e0 Semantec ocorrer\u00e1 o Conhecendo o IFG, atividade de extens\u00e3o que abre as portas do IFG aos estudantes das s\u00e9ries finais do ensino fundamental e do ensino m\u00e9dio das escolas jataienses. &#8211;&gt;<\/p>\n<p><a href=\"http:\/\/eventos.ifg.edu.br\/semantec-jatai\/wp-content\/uploads\/sites\/29\/2018\/09\/Regulamento-21\u00aa-Semantec-2018-06-09.pdf\">Regulamento 21\u00aa Semantec 2018<\/a><\/p>\n<p><a href=\"http:\/\/eventos.ifg.edu.br\/semantec-jatai\/wp-content\/uploads\/sites\/29\/2018\/09\/Anexo-I-Modelo-de-Trabalho-Cient\u00edfico.docx\">Anexo I &#8211; Modelo de Trabalho Cient\u00edfico<\/a><\/p>\n<p><a href=\"http:\/\/eventos.ifg.edu.br\/semantec-jatai\/wp-content\/uploads\/sites\/29\/2018\/09\/Anexo-II-Modelo-de-Mostra-de-Trabalhos.docx\">Anexo II &#8211; Modelo de Mostra de Trabalhos<\/a><\/p>\n<p><a href=\"http:\/\/eventos.ifg.edu.br\/semantec-jatai\/wp-content\/uploads\/sites\/29\/2018\/09\/Anexo-III-Modelo-de-Mostra-de-Cursos.docx\">Anexo III &#8211; Modelo de Mostra de Cursos<\/a><\/p>\n<p><a href=\"http:\/\/eventos.ifg.edu.br\/semantec-jatai\/wp-content\/uploads\/sites\/29\/2018\/09\/Anexo-IV-Modelo-de-Oficina.docx\">Anexo IV &#8211; Modelo de Oficina<\/a><\/p>\n","protected":false},"excerpt":{"rendered":"<p>Trabalhos Aprovados A Comiss\u00e3o Cient\u00edfica da 21\u00aa Semantec divulga a lista de trabalhos aprovados: A cultura de Jata\u00ed Os Lagos de Jata\u00ed A Seguran\u00e7a em Jata\u00ed Educa\u00e7\u00e3o em Jata\u00ed Com\u00e9rcio e Agroneg\u00f3cio Saneamento B\u00e1sico e Infraestrutura. Microsc\u00f3pio caseiro Pra\u00e7as Energia da Batata Rob\u00f4 M\u00f3vel Seguidor de Linha Cubo de LED 3D Controlado Por Ardu\u00edno Experimentos &hellip; <\/p>\n<p><a class=\"more-link btn\" href=\"https:\/\/eventos.ifg.edu.br\/semantec-jatai\/submissao-de-trabalhos-2\/\">Continue lendo<\/a><\/p>\n","protected":false},"author":65,"featured_media":0,"parent":0,"menu_order":0,"comment_status":"closed","ping_status":"closed","template":"","meta":{"ngg_post_thumbnail":0,"footnotes":""},"class_list":["post-214","page","type-page","status-publish","hentry","nodate","item-wrap"],"_links":{"self":[{"href":"https:\/\/eventos.ifg.edu.br\/semantec-jatai\/wp-json\/wp\/v2\/pages\/214"}],"collection":[{"href":"https:\/\/eventos.ifg.edu.br\/semantec-jatai\/wp-json\/wp\/v2\/pages"}],"about":[{"href":"https:\/\/eventos.ifg.edu.br\/semantec-jatai\/wp-json\/wp\/v2\/types\/page"}],"author":[{"embeddable":true,"href":"https:\/\/eventos.ifg.edu.br\/semantec-jatai\/wp-json\/wp\/v2\/users\/65"}],"replies":[{"embeddable":true,"href":"https:\/\/eventos.ifg.edu.br\/semantec-jatai\/wp-json\/wp\/v2\/comments?post=214"}],"version-history":[{"count":13,"href":"https:\/\/eventos.ifg.edu.br\/semantec-jatai\/wp-json\/wp\/v2\/pages\/214\/revisions"}],"predecessor-version":[{"id":284,"href":"https:\/\/eventos.ifg.edu.br\/semantec-jatai\/wp-json\/wp\/v2\/pages\/214\/revisions\/284"}],"wp:attachment":[{"href":"https:\/\/eventos.ifg.edu.br\/semantec-jatai\/wp-json\/wp\/v2\/media?parent=214"}],"curies":[{"name":"wp","href":"https:\/\/api.w.org\/{rel}","templated":true}]}}