{"id":189,"date":"2017-12-13T17:43:26","date_gmt":"2017-12-13T19:43:26","guid":{"rendered":"http:\/\/eventos.ifg.edu.br\/semantec-jatai\/?page_id=189"},"modified":"2023-03-20T10:15:37","modified_gmt":"2023-03-20T13:15:37","slug":"declaracoes","status":"publish","type":"page","link":"https:\/\/eventos.ifg.edu.br\/semantec-jatai\/declaracoes\/","title":{"rendered":"Certificados"},"content":{"rendered":"<h3>Certificados da 24\u00aa Semantec<\/h3>\n<p><strong>*Os Certificados foram gerados de acordo com os dados de inscri\u00e7\u00e3o e coleta de frequ\u00eancia durante o evento.<\/strong><\/p>\n<p><a href=\"http:\/\/eventos.ifg.edu.br\/semantec-jatai\/wp-content\/uploads\/sites\/29\/2017\/12\/Certificados-Monitores-1.pdf\">Certificados Monitores<\/a><\/p>\n<p><a href=\"http:\/\/eventos.ifg.edu.br\/semantec-jatai\/wp-content\/uploads\/sites\/29\/2017\/12\/Certificados-Monitores-Mostra-de-Biologia-e-Manuten\u00e7\u00e3o-Eletroeletronica.pdf\">Certificados &#8211; Monitores &#8211; Mostra de Biologia e Manuten\u00e7\u00e3o Eletroeletr\u00f4nica<\/a><\/p>\n<p><a href=\"http:\/\/eventos.ifg.edu.br\/semantec-jatai\/wp-content\/uploads\/sites\/29\/2017\/12\/Certificados-Orientadores-1.pdf\">Certificados Orientadores<\/a><\/p>\n<p><a href=\"http:\/\/eventos.ifg.edu.br\/semantec-jatai\/wp-content\/uploads\/sites\/29\/2017\/12\/Certificados-Comiss\u00e3o-Organizadora.pdf\">Certificados &#8211; Comiss\u00e3o Organizadora<\/a><\/p>\n<p><a href=\"http:\/\/eventos.ifg.edu.br\/semantec-jatai\/wp-content\/uploads\/sites\/29\/2017\/12\/Certificados-Remanescentes.pdf\">Certificados Remanescentes<\/a><\/p>\n<h3>Certificados da 23\u00aa Semantec<\/h3>\n<p><strong>*Os Certificados foram gerados de acordo com os dados de inscri\u00e7\u00e3o e coleta de frequ\u00eancia durante o evento.<\/strong><\/p>\n<p><a href=\"http:\/\/eventos.ifg.edu.br\/semantec-jatai\/wp-content\/uploads\/sites\/29\/2017\/12\/Certificados-1.pdf\">Apresenta\u00e7\u00e3o de Trabalhos<\/a><\/p>\n<h3>Certificados da 22\u00aa Semantec<\/h3>\n<p><strong>*Os Certificados foram gerados de acordo com os dados de inscri\u00e7\u00e3o e coleta de frequ\u00eancia durante o evento.<\/strong><br \/>\n<a href=\"http:\/\/eventos.ifg.edu.br\/semantec-jatai\/certificados-avaliadores\/\">Avaliadores<\/a><br \/>\n<a href=\"http:\/\/eventos.ifg.edu.br\/semantec-jatai\/participantes\/\">Participantes<\/a><br \/>\n<a href=\"http:\/\/eventos.ifg.edu.br\/semantec-jatai\/certificados-oficina-league-of-legends\/\">Oficina: League of Legends<\/a><br \/>\n<a href=\"http:\/\/eventos.ifg.edu.br\/semantec-jatai\/certificados-de-apresentacoes-de-trabalhos\/\">Apresenta\u00e7\u00f5es de Trabalhos<\/a><br \/>\n<a href=\"http:\/\/eventos.ifg.edu.br\/semantec-jatai\/certificados-comissao-organizadora\/\">Comiss\u00e3o Organizadora<\/a><br \/>\n<a href=\"http:\/\/eventos.ifg.edu.br\/semantec-jatai\/certificados-minicurso\/\">Minicursos<\/a><br \/>\n<a href=\"http:\/\/eventos.ifg.edu.br\/semantec-jatai\/certificados-de-mostras\/\">Mostras<\/a><\/p>\n<h3>Declara\u00e7\u00f5es e Certificados da 21\u00aa Semantec<\/h3>\n<p><a href=\"http:\/\/eventos.ifg.edu.br\/semantec-jatai\/wp-content\/uploads\/sites\/29\/2017\/12\/Avaliadores.pdf\">Avaliadores<\/a><br \/>\n<a href=\"http:\/\/eventos.ifg.edu.br\/semantec-jatai\/wp-content\/uploads\/sites\/29\/2017\/12\/Comissao-Organizadora.pdf\">Comiss\u00e3o Organizadora<\/a><br \/>\n<a href=\"http:\/\/eventos.ifg.edu.br\/semantec-jatai\/wp-content\/uploads\/sites\/29\/2017\/12\/Declara\u00e7\u00f5es-de-Participa\u00e7\u00e3o.pdf\">Declara\u00e7\u00f5es de Participa\u00e7\u00e3o<\/a><br \/>\n<a href=\"http:\/\/eventos.ifg.edu.br\/semantec-jatai\/wp-content\/uploads\/sites\/29\/2017\/12\/Mostras-Alunos.pdf\">Mostras &#8211; Alunos<\/a><br \/>\n<a href=\"http:\/\/eventos.ifg.edu.br\/semantec-jatai\/wp-content\/uploads\/sites\/29\/2017\/12\/Orientadores-de-Mostras.pdf\">Orientadores de Mostras<\/a><br \/>\n<a href=\"http:\/\/eventos.ifg.edu.br\/semantec-jatai\/wp-content\/uploads\/sites\/29\/2017\/12\/Orientadores-de-Trabalhos.pdf\">Orientadores de Trabalhos<\/a><br \/>\n<a href=\"http:\/\/eventos.ifg.edu.br\/semantec-jatai\/wp-content\/uploads\/sites\/29\/2017\/12\/Pareceristas.pdf\">Pareceristas<\/a><br \/>\n<a href=\"http:\/\/eventos.ifg.edu.br\/semantec-jatai\/wp-content\/uploads\/sites\/29\/2017\/12\/Premia\u00e7\u00e3o-Alunos.pdf\">Premia\u00e7\u00e3o &#8211; Alunos<\/a><br \/>\n<a href=\"http:\/\/eventos.ifg.edu.br\/semantec-jatai\/wp-content\/uploads\/sites\/29\/2017\/12\/Premia\u00e7\u00e3o-Orientadores.pdf\">Premia\u00e7\u00e3o &#8211; Orientadores<\/a><br \/>\n<a href=\"http:\/\/eventos.ifg.edu.br\/semantec-jatai\/wp-content\/uploads\/sites\/29\/2017\/12\/Trabalhos-Alunos.pdf\">Trabalhos &#8211; Alunos<\/a><br \/>\n<a href=\"http:\/\/eventos.ifg.edu.br\/semantec-jatai\/wp-content\/uploads\/sites\/29\/2017\/12\/Certificados-Retificados.pdf\">Certificados Retificados<\/a><\/p>\n<h3>Declara\u00e7\u00f5es e Certificados da 20\u00aa Semantec<\/h3>\n<p><b>Palestras:<\/b><br \/>\n<a href=\"http:\/\/eventos.ifg.edu.br\/semantec-jatai\/wp-content\/uploads\/sites\/29\/2017\/12\/ADMINISTRANDO-REDES-COM-SOFTWARES-LIVRES.pdf\">ADMINISTRANDO REDES COM SOFTWARES LIVRES<\/a><br \/>\n<a href=\"http:\/\/eventos.ifg.edu.br\/semantec-jatai\/wp-content\/uploads\/sites\/29\/2017\/12\/DESENVOLVENDO-FELICIDADE-COMO-VIRTUDE-PROFISSIONAL.pdf\">DESENVOLVENDO FELICIDADE COMO VIRTUDE PROFISSIONAL<\/a><br \/>\n<a href=\"http:\/\/eventos.ifg.edu.br\/semantec-jatai\/wp-content\/uploads\/sites\/29\/2017\/12\/GENERALIDADES-SOBRE-DESEMPENHO-T\u00c9RMICO-E-AC\u00daSTICO-DE-EDIFICA\u00c7\u00d5ES.pdf\">GENERALIDADES SOBRE DESEMPENHO T\u00c9RMICO E AC\u00daSTICO DE EDIFICA\u00c7\u00d5ES<\/a><br \/>\n<a href=\"http:\/\/eventos.ifg.edu.br\/semantec-jatai\/wp-content\/uploads\/sites\/29\/2017\/12\/O-USO-DE-DRONES-NA-TOPOGRAFIA.pdf\">O USO DE DRONES NA TOPOGRAFIA<\/a><br \/>\n<a href=\"http:\/\/eventos.ifg.edu.br\/semantec-jatai\/wp-content\/uploads\/sites\/29\/2017\/12\/OTIMIZA\u00c7\u00c3O-DE-CANTEIRO-DE-OBRAS.pdf\">OTIMIZA\u00c7\u00c3O DE CANTEIRO DE OBRAS<\/a><\/p>\n<p><b>Minicursos:<\/b><br \/>\n<a href=\"http:\/\/eventos.ifg.edu.br\/semantec-jatai\/wp-content\/uploads\/sites\/29\/2017\/12\/AUTOCAD-PARA-PROJETOS-TOPOGR\u00c1FICOS.pdf\">AUTOCAD PARA PROJETOS TOPOGR\u00c1FICOS<\/a><\/p>\n<p><b>Oficinas:<\/b><br \/>\n<a href=\"http:\/\/eventos.ifg.edu.br\/semantec-jatai\/wp-content\/uploads\/sites\/29\/2017\/12\/COMO-OBTER-SUCESSO-EM-PROCESSOS-SELETIVOS.pdf\">COMO OBTER SUCESSO EM PROCESSOS SELETIVOS<\/a><br \/>\n<a href=\"http:\/\/eventos.ifg.edu.br\/semantec-jatai\/wp-content\/uploads\/sites\/29\/2017\/12\/ZUMBA-TEORIA-E-PR\u00c1TICA.pdf\">ZUMBA &#8211; TEORIA E PR\u00c1TICA<\/a><\/p>\n","protected":false},"excerpt":{"rendered":"<p>Certificados da 24\u00aa Semantec *Os Certificados foram gerados de acordo com os dados de inscri\u00e7\u00e3o e coleta de frequ\u00eancia durante o evento. Certificados Monitores Certificados &#8211; Monitores &#8211; Mostra de Biologia e Manuten\u00e7\u00e3o Eletroeletr\u00f4nica Certificados Orientadores Certificados &#8211; Comiss\u00e3o Organizadora Certificados Remanescentes Certificados da 23\u00aa Semantec *Os Certificados foram gerados de acordo com os dados &hellip; <\/p>\n<p><a class=\"more-link btn\" href=\"https:\/\/eventos.ifg.edu.br\/semantec-jatai\/declaracoes\/\">Continue lendo<\/a><\/p>\n","protected":false},"author":65,"featured_media":0,"parent":0,"menu_order":0,"comment_status":"closed","ping_status":"closed","template":"","meta":{"ngg_post_thumbnail":0,"footnotes":""},"class_list":["post-189","page","type-page","status-publish","hentry","nodate","item-wrap"],"_links":{"self":[{"href":"https:\/\/eventos.ifg.edu.br\/semantec-jatai\/wp-json\/wp\/v2\/pages\/189"}],"collection":[{"href":"https:\/\/eventos.ifg.edu.br\/semantec-jatai\/wp-json\/wp\/v2\/pages"}],"about":[{"href":"https:\/\/eventos.ifg.edu.br\/semantec-jatai\/wp-json\/wp\/v2\/types\/page"}],"author":[{"embeddable":true,"href":"https:\/\/eventos.ifg.edu.br\/semantec-jatai\/wp-json\/wp\/v2\/users\/65"}],"replies":[{"embeddable":true,"href":"https:\/\/eventos.ifg.edu.br\/semantec-jatai\/wp-json\/wp\/v2\/comments?post=189"}],"version-history":[{"count":29,"href":"https:\/\/eventos.ifg.edu.br\/semantec-jatai\/wp-json\/wp\/v2\/pages\/189\/revisions"}],"predecessor-version":[{"id":828,"href":"https:\/\/eventos.ifg.edu.br\/semantec-jatai\/wp-json\/wp\/v2\/pages\/189\/revisions\/828"}],"wp:attachment":[{"href":"https:\/\/eventos.ifg.edu.br\/semantec-jatai\/wp-json\/wp\/v2\/media?parent=189"}],"curies":[{"name":"wp","href":"https:\/\/api.w.org\/{rel}","templated":true}]}}