{"id":89,"date":"2021-06-05T15:57:49","date_gmt":"2021-06-05T18:57:49","guid":{"rendered":"http:\/\/eventos.ifg.edu.br\/semanapedagogiaoes\/?page_id=89"},"modified":"2022-06-09T18:32:57","modified_gmt":"2022-06-09T21:32:57","slug":"programacao","status":"publish","type":"page","link":"https:\/\/eventos.ifg.edu.br\/semanapedagogiaoes\/programacao\/","title":{"rendered":"PROGRAMA\u00c7\u00c3O GERAL"},"content":{"rendered":"<p><img fetchpriority=\"high\" decoding=\"async\" class=\"alignnone size-full wp-image-177\" src=\"http:\/\/eventos.ifg.edu.br\/semanapedagogiaoes\/wp-content\/uploads\/sites\/68\/2021\/05\/banner.png\" alt=\"banner\" width=\"1500\" height=\"500\"><\/p>\n<p>Confira <a href=\"https:\/\/www.ifg.edu.br\/attachments\/article\/30216\/Programa%C3%A7%C3%A3o_Final_VISEMana.pdf\">aqui a programa\u00e7\u00e3o completa <\/a>da VI Semana da Licenciatura em Pedagogia e do II Encontro Anual de Egressos do curso de Pedagogia&nbsp;<\/p>\n<p style=\"text-align: center\"><strong>Dia 08\/06\/2022 (QUARTA-FEIRA)<\/strong><\/p>\n<p><strong>19h \u00e0s 22h:<\/strong><\/p>\n<p><strong>Confer\u00eancia Forma\u00e7\u00e3o de professores e processo democr\u00e1tico<\/strong><\/p>\n<p>Profa. Dra. Estelamaris Brant Scarel (PUC GO)<\/p>\n<p>Media\u00e7\u00e3o: Profa. Dra. Daniela Rodrigues de Sousa<\/p>\n<p>Transmiss\u00e3o: Canal do C\u00e2mpus Goi\u00e2nia Oeste no Youtube<\/p>\n<p><a href=\"https:\/\/www.youtube.com\/watch?v=lMHT098gFXQ\">https:\/\/www.youtube.com\/watch?v=lMHT098gFXQ<\/a><\/p>\n<p>&nbsp;<\/p>\n<p>&nbsp;<\/p>\n<p style=\"text-align: center\"><strong>Dia 09\/06\/2022 (QUINTA-FEIRA)<\/strong><\/p>\n<p><strong>19h \u00e0s 22h:<\/strong><\/p>\n<ul>\n<li>Atividades ocorrer\u00e3o de modo <em>online<\/em> pelo <em>Google Meet<\/em><\/li>\n<li><u>Links ser\u00e3o divulgados posteriormente pela comiss\u00e3o<\/u><\/li>\n<\/ul>\n<h3 style=\"text-align: center\">OFICINAS<\/h3>\n<table width=\"727\">\n<tbody>\n<tr>\n<td colspan=\"2\" width=\"223\"><strong>OFICINA<\/strong><\/td>\n<td width=\"164\"><strong>PROPONENTE<\/strong><\/td>\n<td width=\"87\"><strong>HOR\u00c1RIO<\/strong><\/td>\n<td width=\"253\"><strong>LINK DE INSCRI\u00c7\u00c3O<\/strong><\/td>\n<\/tr>\n<tr>\n<td width=\"29\">01<\/td>\n<td width=\"193\"><strong><span style=\"color: #333399\">A literatura, a arte de contar hist\u00f3rias e a forma\u00e7\u00e3o de leitores<\/span><\/strong><\/td>\n<td width=\"164\">Andressa Regina Gagliardi de Moraes\/ Daniela Rodrigues de Sousa<\/td>\n<td width=\"87\">19h \u00e0s 21h<\/td>\n<td width=\"253\"><a href=\"https:\/\/forms.gle\/dDiuGj3P53FRdBmB7\">https:\/\/forms.gle\/dDiuGj3P53FRdBmB7<\/a><\/td>\n<\/tr>\n<tr>\n<td width=\"29\">02<\/td>\n<td width=\"193\"><strong><span style=\"color: #333399\">Conta\u00e7\u00e3o de hist\u00f3rias a partir de anima\u00e7\u00f5es que falam outra l\u00edngua<\/span><\/strong><\/td>\n<td width=\"164\">Ana Beatriz Machado de Freitas<\/td>\n<td width=\"87\">19h \u00e0s 21h<\/td>\n<td width=\"253\"><a href=\"https:\/\/forms.gle\/zvZkx6EonDYYqpGh9\">https:\/\/forms.gle\/zvZkx6EonDYYqpGh9<\/a><\/td>\n<\/tr>\n<tr>\n<td width=\"29\">03<\/td>\n<td width=\"193\"><strong><span style=\"color: #333399\">Modelagem em Biscuit<\/span><\/strong><\/td>\n<td width=\"164\">Josefa Mislene de Souza Afonso<\/td>\n<td width=\"87\">19h \u00e0s 21h<\/td>\n<td width=\"253\"><a href=\"https:\/\/forms.gle\/cjBdB1GuwTzeQmxZ7\">https:\/\/forms.gle\/cjBdB1GuwTzeQmxZ7<\/a><\/td>\n<\/tr>\n<\/tbody>\n<\/table>\n<h3 style=\"text-align: center\">MINICURSOS<\/h3>\n<table width=\"728\">\n<tbody>\n<tr>\n<td colspan=\"2\" width=\"219\"><strong>MINICURSO<\/strong><\/td>\n<td width=\"169\"><strong>PROPONENTE<\/strong><\/td>\n<td width=\"88\"><strong>HOR\u00c1RIO<\/strong><\/td>\n<td width=\"253\"><strong>LINK DE INSCRI\u00c7\u00c3O<\/strong><\/td>\n<\/tr>\n<tr>\n<td width=\"29\">01<\/td>\n<td width=\"189\"><strong><span style=\"color: #333399\">CAS \u2013 Goi\u00e2nia: Forma\u00e7\u00e3o de professores e trabalho com o estudante surdo<\/span><\/strong><\/td>\n<td width=\"169\">NAPNE Goi\u00e2nia Oeste\/ Francisco Marcelo Bessa<\/td>\n<td width=\"88\">19h \u00e0s 22h<\/td>\n<td width=\"253\"><a href=\"https:\/\/forms.gle\/fVECzc7UworGp3km6\">https:\/\/forms.gle\/fVECzc7UworGp3km6<\/a><\/td>\n<\/tr>\n<tr>\n<td width=\"29\">02<\/td>\n<td width=\"189\"><strong><span style=\"color: #333399\">Conceitos e fundamentos da defici\u00eancia visual e a pr\u00e1xis pedag\u00f3gica voltada para o estudante deficiente visual<\/span><\/strong><\/td>\n<td width=\"169\">Francisco Marcelo Bessa<\/td>\n<td width=\"88\">19h \u00e0s 22h<\/td>\n<td width=\"253\"><a href=\"https:\/\/forms.gle\/8cikRZf9nCiMNhTM9\">https:\/\/forms.gle\/8cikRZf9nCiMNhTM9<\/a><\/td>\n<\/tr>\n<tr>\n<td width=\"29\">03<\/td>\n<td width=\"189\"><strong><span style=\"color: #333399\">O papel dos peri\u00f3dicos jornal\u00edsticos na constru\u00e7\u00e3o do conhecimento Hist\u00f3rico<\/span><\/strong><\/td>\n<td width=\"169\">Mois\u00e9s de Oliveira Melo<\/td>\n<td width=\"88\">19h \u00e0s 21h<\/td>\n<td width=\"253\"><a href=\"https:\/\/forms.gle\/S9ASBxuRHpjLMT4v9\">https:\/\/forms.gle\/S9ASBxuRHpjLMT4v9<\/a><\/td>\n<\/tr>\n<\/tbody>\n<\/table>\n<p><strong>&nbsp;<\/strong><\/p>\n<p style=\"text-align: center\"><strong>Dia 10\/06\/2022 (SEXTA-FEIRA)<\/strong><\/p>\n<p><strong>19h \u00e0s 22h:<\/strong><\/p>\n<p><strong>Confer\u00eancia:<\/strong> Identidade docente: dimens\u00f5es da constitui\u00e7\u00e3o do ser professor\/a.&nbsp;<\/p>\n<p>Profa. Dra. Ivone Garcia Barbosa&nbsp;(FE\/UFG)<\/p>\n<p>Profa. Viviane Rosa da Silva (Egressa)<\/p>\n<p>Media\u00e7\u00e3o: Profa. Dra. Telma Aparecida Teles Martins Silveira<\/p>\n<p>Transmiss\u00e3o: Canal do C\u00e2mpus Goi\u00e2nia Oeste no Youtube<\/p>\n<p><a href=\"https:\/\/www.youtube.com\/watch?v=jLHxu8oDiZ0\">https:\/\/www.youtube.com\/watch?v=jLHxu8oDiZ0<\/a><\/p>\n<p>&nbsp;<\/p>\n<p>&nbsp;<\/p>\n<p style=\"text-align: center\"><strong>Dia 11\/06\/2022 (S\u00c1BADO)<\/strong><\/p>\n<p><strong>08h \u00e0s 10h:<\/strong><\/p>\n<ul>\n<li>A apresenta\u00e7\u00e3o dos trabalhos\/comunica\u00e7\u00e3o oral ocorrer\u00e1 no dia 11\/06\/2022 das 08h \u00e0s 10h.<br \/>\n<table>\n<tbody>\n<tr>\n<td colspan=\"2\">\n<h3 style=\"text-align: center\"><span style=\"color: #0000ff\"><strong>SALA 1<\/strong><\/span><\/h3>\n<\/td>\n<\/tr>\n<tr>\n<td width=\"510\"><strong>Link:<\/strong><\/td>\n<td width=\"423\"><a href=\"https:\/\/meet.google.com\/oem-iyib-tgh\">https:\/\/meet.google.com\/oem-iyib-tgh <\/a><\/td>\n<\/tr>\n<tr>\n<td width=\"510\"><strong>Media\u00e7\u00e3o:<\/strong><\/td>\n<td width=\"423\">Profa. Rachel Benta Messias e Profa. Jacqueline de Oliveira Veiga Iglesias<\/td>\n<\/tr>\n<tr>\n<td width=\"510\">\n<p style=\"text-align: center\"><strong>T\u00edtulo do Trabalho<\/strong><\/p>\n<\/td>\n<td width=\"423\">\n<p style=\"text-align: center\"><strong>Autores<\/strong><\/p>\n<\/td>\n<\/tr>\n<tr>\n<td width=\"510\"><span style=\"color: #0000ff\">PROJETO DE EXTENS\u00c3O TCHAM TCHAM: ESTOU LENDO! RELATO DE EXPERI\u00caNCIA<\/span><\/td>\n<td width=\"423\">Andressa Regina Gagliardi de Moraes, Lenora Alfonso Gon\u00e7alves Falc\u00e3o, Madi\u00e9lia Rodrigues Correia<\/td>\n<\/tr>\n<tr>\n<td width=\"510\"><span style=\"color: #0000ff\">EDUCA\u00c7\u00c3O INFANTIL O CONTEXTO DA EDUCA\u00c7\u00c3O INFANTIL NO BRASIL EM TEMPOS HIST\u00d3RICOS E ATUAIS, E EM TEMPOS DE PANDEMIA<\/span><\/td>\n<td width=\"423\">Andressa Regina Gagliardi de Moraes, Daniela Rodrigues de Souza, Stef\u00e2nia Maria Maciel da Silva<\/td>\n<\/tr>\n<tr>\n<td width=\"510\"><span style=\"color: #0000ff\">MOVIMENTOS SOCIAIS E A LUTA EM DEFESA DOS DIREITOS DAS CRIAN\u00c7AS: ESTUDO DO MOVIMENTO PESTALOZZIANO<\/span><\/td>\n<td width=\"423\">Lenora Afonso Gon\u00e7alves Falc\u00e3o, Madi\u00e9lia Rodrigues Correia, Val\u00e9ria Rodrigues de Oliveira<\/td>\n<\/tr>\n<tr>\n<td width=\"510\"><span style=\"color: #0000ff\">DIAS MELHORES: UM RELATO DE EXPERI\u00caNCIA DE UMA ESTUDANTE DE PEDAGOGIA EM SUA TRAJET\u00d3RIA ACAD\u00caMICA PELO GRUPO DE EXTENS\u00c3O TCHAM TCHAM: ESTOU LENDO!<\/span><\/td>\n<td width=\"423\">Lenora Alfonso Gon\u00e7alves Falc\u00e3o<\/td>\n<\/tr>\n<tr>\n<td width=\"510\"><span style=\"color: #0000ff\">EDUCA\u00c7\u00c3O PARA AS RELA\u00c7\u00d5ES \u00c9TNICO-RACIAIS E AS PR\u00c1TICAS PEDAG\u00d3GICAS ANTIRRACISTAS PARA A INF\u00c2NCIA<\/span><\/td>\n<td width=\"423\">Elaine Alves de Morais, Ingrid Sousa Lima dos Santos, Madi\u00e9lia Rodrigues Correia<\/td>\n<\/tr>\n<tr>\n<td width=\"510\"><span style=\"color: #0000ff\">RELATO DE EXPERI\u00caNCIA SOBRE O PROJETO INTEGRADOR EPISTEMOLOGIAS NEGRAS DA DISCIPLINA DE PCC IV [2021-2]: AS ESCREVIV\u00caNCIAS DA AUTORA NEUSA SANTOS SOUZA NA OBRA \u201cTORNAR-SE NEGRO OU AS VICISSITUDES DA IDENTIDADE DO NEGRO BRASILEIRO EM ASCENS\u00c3O SOCIAL\u201d.<\/span><\/td>\n<td width=\"423\">Andressa Regina Gagliardi de Moraes<\/td>\n<\/tr>\n<\/tbody>\n<\/table>\n<table>\n<tbody>\n<tr>\n<td colspan=\"2\">\n<h3 style=\"text-align: center\"><span style=\"color: #0000ff\"><strong>SALA 2<\/strong><\/span><\/h3>\n<\/td>\n<\/tr>\n<tr>\n<td><strong>Link:<\/strong><\/td>\n<td><a href=\"https:\/\/meet.google.com\/mbr-vprq-azg?authuser=0\">https:\/\/meet.google.com\/mbr-vprq-azg?authuser=0 <\/a><\/td>\n<\/tr>\n<tr>\n<td><strong>Media\u00e7\u00e3o:<\/strong><\/td>\n<td>Profa. Raclene Ataide de Faria e Prof. Carlos Eduardo Candido Pereira<\/td>\n<\/tr>\n<tr>\n<td style=\"text-align: center\"><strong>T\u00edtulo do Trabalho<\/strong><\/td>\n<td style=\"text-align: center\"><strong>Autores<\/strong><\/td>\n<\/tr>\n<tr>\n<td><span style=\"color: #0000ff\">DISLEXIA E PR\u00c1TICAS PEDAG\u00d3GICAS: REFLEX\u00d5ES PARA UMA EDUCA\u00c7\u00c3O INCLUSIVA<\/span><\/td>\n<td>Jacqueline de Oliveira Veiga Iglesias, Carolina Machado Moreira, Josiane Stoeberl da Silva<\/td>\n<\/tr>\n<tr>\n<td><span style=\"color: #0000ff\">A INCLUS\u00c3O DA PESSOA COM DEFICI\u00caNCIA NO BRASIL E EM PORTUGAL: O RELATO DE EXPERI\u00caNCIA NA RELA\u00c7\u00c3O EDUCA\u00c7\u00c3O E TRABALHO NA TRAJET\u00d3RIA DOS SERVIDORES<\/span><\/td>\n<td>Carlos Eduardo Candido Pereira<\/td>\n<\/tr>\n<tr>\n<td><span style=\"color: #0000ff\">O TUTOR NA UAB: POL\u00cdTICA, FINANCIAMENTO E PROLETARIZA\u00c7\u00c3O DO PROFISSIONAL DA EDUCA\u00c7\u00c3O<\/span><\/td>\n<td>Carlos Eduardo Candido Pereira<\/td>\n<\/tr>\n<\/tbody>\n<\/table>\n<\/li>\n<\/ul>\n<p>&nbsp;<\/p>\n","protected":false},"excerpt":{"rendered":"<p>Confira aqui a programa\u00e7\u00e3o completa da VI Semana da Licenciatura em Pedagogia e do II Encontro Anual de Egressos do curso de Pedagogia&nbsp; Dia 08\/06\/2022 (QUARTA-FEIRA) 19h \u00e0s 22h: Confer\u00eancia Forma\u00e7\u00e3o de professores e processo democr\u00e1tico Profa. Dra. Estelamaris Brant Scarel (PUC GO) Media\u00e7\u00e3o: Profa. Dra. Daniela Rodrigues de Sousa Transmiss\u00e3o: Canal do C\u00e2mpus Goi\u00e2nia &#8230; <a title=\"PROGRAMA\u00c7\u00c3O GERAL\" class=\"read-more\" href=\"https:\/\/eventos.ifg.edu.br\/semanapedagogiaoes\/programacao\/\">Read more<span class=\"screen-reader-text\">PROGRAMA\u00c7\u00c3O GERAL<\/span><\/a><\/p>\n","protected":false},"author":144,"featured_media":0,"parent":0,"menu_order":0,"comment_status":"closed","ping_status":"closed","template":"","meta":{"ngg_post_thumbnail":0,"footnotes":""},"class_list":["post-89","page","type-page","status-publish"],"_links":{"self":[{"href":"https:\/\/eventos.ifg.edu.br\/semanapedagogiaoes\/wp-json\/wp\/v2\/pages\/89"}],"collection":[{"href":"https:\/\/eventos.ifg.edu.br\/semanapedagogiaoes\/wp-json\/wp\/v2\/pages"}],"about":[{"href":"https:\/\/eventos.ifg.edu.br\/semanapedagogiaoes\/wp-json\/wp\/v2\/types\/page"}],"author":[{"embeddable":true,"href":"https:\/\/eventos.ifg.edu.br\/semanapedagogiaoes\/wp-json\/wp\/v2\/users\/144"}],"replies":[{"embeddable":true,"href":"https:\/\/eventos.ifg.edu.br\/semanapedagogiaoes\/wp-json\/wp\/v2\/comments?post=89"}],"version-history":[{"count":24,"href":"https:\/\/eventos.ifg.edu.br\/semanapedagogiaoes\/wp-json\/wp\/v2\/pages\/89\/revisions"}],"predecessor-version":[{"id":202,"href":"https:\/\/eventos.ifg.edu.br\/semanapedagogiaoes\/wp-json\/wp\/v2\/pages\/89\/revisions\/202"}],"wp:attachment":[{"href":"https:\/\/eventos.ifg.edu.br\/semanapedagogiaoes\/wp-json\/wp\/v2\/media?parent=89"}],"curies":[{"name":"wp","href":"https:\/\/api.w.org\/{rel}","templated":true}]}}