{"id":84,"date":"2021-06-05T15:47:53","date_gmt":"2021-06-05T18:47:53","guid":{"rendered":"http:\/\/eventos.ifg.edu.br\/semanapedagogiaoes\/?page_id=84"},"modified":"2022-06-04T12:15:31","modified_gmt":"2022-06-04T15:15:31","slug":"inscricoes","status":"publish","type":"page","link":"https:\/\/eventos.ifg.edu.br\/semanapedagogiaoes\/inscricoes\/","title":{"rendered":"INSCRI\u00c7\u00d5ES"},"content":{"rendered":"<p><img fetchpriority=\"high\" decoding=\"async\" class=\"alignnone size-full wp-image-177\" src=\"http:\/\/eventos.ifg.edu.br\/semanapedagogiaoes\/wp-content\/uploads\/sites\/68\/2021\/05\/banner.png\" alt=\"banner\" width=\"1500\" height=\"500\"><\/p>\n<p><strong>Inscri\u00e7\u00f5es para participa\u00e7\u00e3o no evento com ou sem apresenta\u00e7\u00f5es de trabalho<\/strong><\/p>\n<p>&nbsp;<\/p>\n<p>Inscri\u00e7\u00f5es GRATUITAS no&nbsp;per\u00edodo de 30 de maio a 11 de junho<strong>&nbsp;via SUGEP (NO LINK ABAIXO)<\/strong><\/p>\n<p><a href=\"https:\/\/sugep.ifg.edu.br\/eventos\/\/#\/publico\/eventos\/8c31a556-0d41-49f4-9e61-fedfe2229e79\/inscricao\">https:\/\/sugep.ifg.edu.br\/eventos\/\/#\/publico\/eventos\/8c31a556-0d41-49f4-9e61-fedfe2229e79\/inscricao<\/a><\/p>\n<p><strong>(Confirmar a inscri\u00e7\u00e3o pelo e-mail)<\/strong><\/p>\n","protected":false},"excerpt":{"rendered":"<p>Inscri\u00e7\u00f5es para participa\u00e7\u00e3o no evento com ou sem apresenta\u00e7\u00f5es de trabalho &nbsp; Inscri\u00e7\u00f5es GRATUITAS no&nbsp;per\u00edodo de 30 de maio a 11 de junho&nbsp;via SUGEP (NO LINK ABAIXO) https:\/\/sugep.ifg.edu.br\/eventos\/\/#\/publico\/eventos\/8c31a556-0d41-49f4-9e61-fedfe2229e79\/inscricao (Confirmar a inscri\u00e7\u00e3o pelo e-mail)<\/p>\n","protected":false},"author":144,"featured_media":0,"parent":0,"menu_order":0,"comment_status":"closed","ping_status":"closed","template":"","meta":{"ngg_post_thumbnail":0,"footnotes":""},"class_list":["post-84","page","type-page","status-publish"],"_links":{"self":[{"href":"https:\/\/eventos.ifg.edu.br\/semanapedagogiaoes\/wp-json\/wp\/v2\/pages\/84"}],"collection":[{"href":"https:\/\/eventos.ifg.edu.br\/semanapedagogiaoes\/wp-json\/wp\/v2\/pages"}],"about":[{"href":"https:\/\/eventos.ifg.edu.br\/semanapedagogiaoes\/wp-json\/wp\/v2\/types\/page"}],"author":[{"embeddable":true,"href":"https:\/\/eventos.ifg.edu.br\/semanapedagogiaoes\/wp-json\/wp\/v2\/users\/144"}],"replies":[{"embeddable":true,"href":"https:\/\/eventos.ifg.edu.br\/semanapedagogiaoes\/wp-json\/wp\/v2\/comments?post=84"}],"version-history":[{"count":7,"href":"https:\/\/eventos.ifg.edu.br\/semanapedagogiaoes\/wp-json\/wp\/v2\/pages\/84\/revisions"}],"predecessor-version":[{"id":181,"href":"https:\/\/eventos.ifg.edu.br\/semanapedagogiaoes\/wp-json\/wp\/v2\/pages\/84\/revisions\/181"}],"wp:attachment":[{"href":"https:\/\/eventos.ifg.edu.br\/semanapedagogiaoes\/wp-json\/wp\/v2\/media?parent=84"}],"curies":[{"name":"wp","href":"https:\/\/api.w.org\/{rel}","templated":true}]}}