{"id":69,"date":"2021-05-27T16:30:26","date_gmt":"2021-05-27T19:30:26","guid":{"rendered":"http:\/\/eventos.ifg.edu.br\/semanapedagogiaoes\/?page_id=69"},"modified":"2022-06-09T18:30:31","modified_gmt":"2022-06-09T21:30:31","slug":"proposicao-de-minicursosoficinas","status":"publish","type":"page","link":"https:\/\/eventos.ifg.edu.br\/semanapedagogiaoes\/proposicao-de-minicursosoficinas\/","title":{"rendered":"MINICURSOS\/OFICINAS"},"content":{"rendered":"<p><img fetchpriority=\"high\" decoding=\"async\" class=\"alignnone size-full wp-image-177\" src=\"http:\/\/eventos.ifg.edu.br\/semanapedagogiaoes\/wp-content\/uploads\/sites\/68\/2021\/05\/banner.png\" alt=\"banner\" width=\"1500\" height=\"500\"><\/p>\n<p>&nbsp;<\/p>\n<p style=\"text-align: center\"><strong>Dia 09\/06\/2022 (QUINTA-FEIRA)<\/strong><\/p>\n<p><strong>19h \u00e0s 22h:<\/strong><\/p>\n<ul>\n<li>Atividades ocorrer\u00e3o de modo <em>online<\/em> pelo <em>Google Meet<\/em><\/li>\n<li><u>Links ser\u00e3o divulgados posteriormente pela comiss\u00e3o<\/u><\/li>\n<\/ul>\n<h3 style=\"text-align: center\">OFICINAS<\/h3>\n<table width=\"727\">\n<tbody>\n<tr>\n<td colspan=\"2\" width=\"223\"><strong>OFICINA<\/strong><\/td>\n<td width=\"164\"><strong>PROPONENTE<\/strong><\/td>\n<td width=\"87\"><strong>HOR\u00c1RIO<\/strong><\/td>\n<td width=\"253\"><strong>LINK DE INSCRI\u00c7\u00c3O<\/strong><\/td>\n<\/tr>\n<tr>\n<td width=\"29\">01<\/p>\n<p><strong>Link Participa\u00e7\u00e3o Meet<\/strong>:<\/p>\n<p><a href=\"http:\/\/meet.google.com\/wis-hgic-zvn\">http:\/\/meet.google.com\/wis-hgic-zvn<\/a><\/td>\n<td width=\"193\"><strong><span style=\"color: #333399\">A literatura, a arte de contar hist\u00f3rias e a forma\u00e7\u00e3o de leitores<\/span><\/strong><\/td>\n<td width=\"164\">Andressa Regina Gagliardi de Moraes\/ Daniela Rodrigues de Sousa<\/td>\n<td width=\"87\">19h \u00e0s 21h<\/td>\n<td width=\"253\"><a href=\"https:\/\/forms.gle\/dDiuGj3P53FRdBmB7\">https:\/\/forms.gle\/dDiuGj3P53FRdBmB7<\/a><\/td>\n<\/tr>\n<tr>\n<td width=\"29\">02<\/p>\n<p><strong>Link Participa\u00e7\u00e3o Meet<\/strong>:<\/p>\n<p><a href=\"https:\/\/meet.google.com\/sjg-abns-wnk?hs=122&amp;authuser=1\">https:\/\/meet.google.com\/sjg-abns-wnk?hs=122&amp;authuser=1<\/a><\/td>\n<td width=\"193\"><strong><span style=\"color: #333399\">Conta\u00e7\u00e3o de hist\u00f3rias a partir de anima\u00e7\u00f5es que falam outra l\u00edngua<\/span><\/strong><\/td>\n<td width=\"164\">Ana Beatriz Machado de Freitas<\/td>\n<td width=\"87\">19h \u00e0s 21h<\/td>\n<td width=\"253\"><a href=\"https:\/\/forms.gle\/zvZkx6EonDYYqpGh9\">https:\/\/forms.gle\/zvZkx6EonDYYqpGh9<\/a><\/td>\n<\/tr>\n<tr>\n<td width=\"29\">03<\/p>\n<p><strong>Link Participa\u00e7\u00e3o Meet<\/strong>:<\/p>\n<p><a href=\"https:\/\/meet.google.com\/jyv-fkgg-fhn\">https:\/\/meet.google.com\/jyv-fkgg-fhn<\/a><\/td>\n<td width=\"193\"><strong><span style=\"color: #333399\">Modelagem em Biscuit<\/span><\/strong><\/td>\n<td width=\"164\">Josefa Mislene de Souza Afonso<\/td>\n<td width=\"87\">19h \u00e0s 21h<\/td>\n<td width=\"253\"><a href=\"https:\/\/forms.gle\/cjBdB1GuwTzeQmxZ7\">https:\/\/forms.gle\/cjBdB1GuwTzeQmxZ7<\/a><\/td>\n<\/tr>\n<\/tbody>\n<\/table>\n<h3 style=\"text-align: center\">MINICURSOS<\/h3>\n<table width=\"728\">\n<tbody>\n<tr>\n<td colspan=\"2\" width=\"219\"><strong>MINICURSO<\/strong><\/td>\n<td width=\"169\"><strong>PROPONENTE<\/strong><\/td>\n<td width=\"88\"><strong>HOR\u00c1RIO<\/strong><\/td>\n<td width=\"253\"><strong>LINK DE INSCRI\u00c7\u00c3O<\/strong><\/td>\n<\/tr>\n<tr>\n<td width=\"29\">01<\/p>\n<p><strong>Link Participa\u00e7\u00e3o Meet<\/strong>:<\/p>\n<p><a href=\"https:\/\/meet.google.com\/fpb-ehmv-krb\">https:\/\/meet.google.com\/fpb-ehmv-krb<\/a><\/td>\n<td width=\"189\"><strong><span style=\"color: #333399\">CAS \u2013 Goi\u00e2nia: Forma\u00e7\u00e3o de professores e trabalho com o estudante surdo<\/span><\/strong><\/td>\n<td width=\"169\">NAPNE Goi\u00e2nia Oeste\/ Francisco Marcelo Bessa<\/td>\n<td width=\"88\">19h \u00e0s 22h<\/td>\n<td width=\"253\"><a href=\"https:\/\/forms.gle\/fVECzc7UworGp3km6\">https:\/\/forms.gle\/fVECzc7UworGp3km6<\/a><\/td>\n<\/tr>\n<tr>\n<td width=\"29\">02<\/p>\n<p><strong>Link Participa\u00e7\u00e3o Meet<\/strong>:<\/p>\n<p><a href=\"https:\/\/meet.google.com\/boc-hbwt-ukn\">https:\/\/meet.google.com\/boc-hbwt-ukn<\/a><\/td>\n<td width=\"189\"><strong><span style=\"color: #333399\">Conceitos e fundamentos da defici\u00eancia visual e a pr\u00e1xis pedag\u00f3gica voltada para o estudante deficiente visual<\/span><\/strong><\/td>\n<td width=\"169\">Francisco Marcelo Bessa<\/td>\n<td width=\"88\">19h \u00e0s 22h<\/td>\n<td width=\"253\"><a href=\"https:\/\/forms.gle\/8cikRZf9nCiMNhTM9\">https:\/\/forms.gle\/8cikRZf9nCiMNhTM9<\/a><\/td>\n<\/tr>\n<tr>\n<td width=\"29\">03<\/p>\n<p><strong>Link Participa\u00e7\u00e3o Meet<\/strong>:<\/p>\n<p><a href=\"https:\/\/meet.google.com\/yaf-yibv-hqp\">https:\/\/meet.google.com\/yaf-yibv-hqp<\/a><\/td>\n<td width=\"189\"><strong><span style=\"color: #333399\">O papel dos peri\u00f3dicos jornal\u00edsticos na constru\u00e7\u00e3o do conhecimento Hist\u00f3rico<\/span><\/strong><\/td>\n<td width=\"169\">Mois\u00e9s de Oliveira Melo<\/td>\n<td width=\"88\">19h \u00e0s 21h<\/td>\n<td width=\"253\"><a href=\"https:\/\/forms.gle\/S9ASBxuRHpjLMT4v9\">https:\/\/forms.gle\/S9ASBxuRHpjLMT4v9<\/a><\/td>\n<\/tr>\n<\/tbody>\n<\/table>\n<p><strong>&nbsp;<\/strong><\/p>\n","protected":false},"excerpt":{"rendered":"<p>&nbsp; Dia 09\/06\/2022 (QUINTA-FEIRA) 19h \u00e0s 22h: Atividades ocorrer\u00e3o de modo online pelo Google Meet Links ser\u00e3o divulgados posteriormente pela comiss\u00e3o OFICINAS OFICINA PROPONENTE HOR\u00c1RIO LINK DE INSCRI\u00c7\u00c3O 01 Link Participa\u00e7\u00e3o Meet: http:\/\/meet.google.com\/wis-hgic-zvn A literatura, a arte de contar hist\u00f3rias e a forma\u00e7\u00e3o de leitores Andressa Regina Gagliardi de Moraes\/ Daniela Rodrigues de Sousa 19h &#8230; <a title=\"MINICURSOS\/OFICINAS\" class=\"read-more\" href=\"https:\/\/eventos.ifg.edu.br\/semanapedagogiaoes\/proposicao-de-minicursosoficinas\/\">Read more<span class=\"screen-reader-text\">MINICURSOS\/OFICINAS<\/span><\/a><\/p>\n","protected":false},"author":144,"featured_media":0,"parent":0,"menu_order":0,"comment_status":"closed","ping_status":"closed","template":"","meta":{"ngg_post_thumbnail":0,"footnotes":""},"class_list":["post-69","page","type-page","status-publish"],"_links":{"self":[{"href":"https:\/\/eventos.ifg.edu.br\/semanapedagogiaoes\/wp-json\/wp\/v2\/pages\/69"}],"collection":[{"href":"https:\/\/eventos.ifg.edu.br\/semanapedagogiaoes\/wp-json\/wp\/v2\/pages"}],"about":[{"href":"https:\/\/eventos.ifg.edu.br\/semanapedagogiaoes\/wp-json\/wp\/v2\/types\/page"}],"author":[{"embeddable":true,"href":"https:\/\/eventos.ifg.edu.br\/semanapedagogiaoes\/wp-json\/wp\/v2\/users\/144"}],"replies":[{"embeddable":true,"href":"https:\/\/eventos.ifg.edu.br\/semanapedagogiaoes\/wp-json\/wp\/v2\/comments?post=69"}],"version-history":[{"count":14,"href":"https:\/\/eventos.ifg.edu.br\/semanapedagogiaoes\/wp-json\/wp\/v2\/pages\/69\/revisions"}],"predecessor-version":[{"id":199,"href":"https:\/\/eventos.ifg.edu.br\/semanapedagogiaoes\/wp-json\/wp\/v2\/pages\/69\/revisions\/199"}],"wp:attachment":[{"href":"https:\/\/eventos.ifg.edu.br\/semanapedagogiaoes\/wp-json\/wp\/v2\/media?parent=69"}],"curies":[{"name":"wp","href":"https:\/\/api.w.org\/{rel}","templated":true}]}}