{"id":58,"date":"2021-05-27T16:16:52","date_gmt":"2021-05-27T19:16:52","guid":{"rendered":"http:\/\/eventos.ifg.edu.br\/semanapedagogiaoes\/?page_id=58"},"modified":"2022-06-04T12:15:05","modified_gmt":"2022-06-04T15:15:05","slug":"comissao-organizadora","status":"publish","type":"page","link":"https:\/\/eventos.ifg.edu.br\/semanapedagogiaoes\/comissao-organizadora\/","title":{"rendered":"COMISS\u00c3O ORGANIZADORA"},"content":{"rendered":"<p><img fetchpriority=\"high\" decoding=\"async\" class=\"alignnone size-full wp-image-177\" src=\"http:\/\/eventos.ifg.edu.br\/semanapedagogiaoes\/wp-content\/uploads\/sites\/68\/2021\/05\/banner.png\" alt=\"banner\" width=\"1500\" height=\"500\"><\/p>\n<p style=\"text-align: center\">COMISS\u00c3O ORGANIZADORA<\/p>\n<table>\n<tbody>\n<tr>\n<td>Adriam Marcos Da Silva<\/td>\n<\/tr>\n<tr>\n<td>Aline &nbsp; De Moraes Rocha<\/td>\n<\/tr>\n<tr>\n<td>Amanda Marques Tomazini<\/td>\n<\/tr>\n<tr>\n<td>Ana Rebeca Rodrigues De Jesus&nbsp;<\/td>\n<\/tr>\n<tr>\n<td>&nbsp;Bruno Fiorese Fernandes<\/td>\n<\/tr>\n<tr>\n<td>Carlos Eduardo Candido Pereira<\/td>\n<\/tr>\n<tr>\n<td>Daniela Rodrigues De Souza<\/td>\n<\/tr>\n<tr>\n<td>Elisa Pimentel Barbosa<\/td>\n<\/tr>\n<tr>\n<td>\u00c9rico Ricard Lima Cavalcante Mota<\/td>\n<\/tr>\n<tr>\n<td>Gustavo Ol\u00edmpio Rocha Le\u00e3o&nbsp;<\/td>\n<\/tr>\n<tr>\n<td>Jacqueline De Oliveira Veiga Iglesias<\/td>\n<\/tr>\n<tr>\n<td>Josefa Mislene De Souza Afonso<\/td>\n<\/tr>\n<tr>\n<td>Julia Silva Maroqui<\/td>\n<\/tr>\n<tr>\n<td>Leonardo Dias Gomes<\/td>\n<\/tr>\n<tr>\n<td>Lorena Pereira De Souza Rosa<\/td>\n<\/tr>\n<tr>\n<td>Rachel Benta Messias Bastos<\/td>\n<\/tr>\n<tr>\n<td>Raclene Ataide De Faria<\/td>\n<\/tr>\n<tr>\n<td>Silmara Carvalho Dos Reis Castro<\/td>\n<\/tr>\n<tr>\n<td>Stephanie Silva Justino<\/td>\n<\/tr>\n<tr>\n<td>Suzana Lopes De Albuquerque<\/td>\n<\/tr>\n<tr>\n<td>Telma A T M Silveira<\/td>\n<\/tr>\n<tr>\n<td>Viviane Rosa Da Silva<\/td>\n<\/tr>\n<\/tbody>\n<\/table>\n<p>&nbsp;<\/p>\n<p>D\u00favidas e mais informa\u00e7\u00f5es podem ser esclarecidas diretamente com a comiss\u00e3o organizadora do evento no e-mail:&nbsp;<a href=\"mailto:semanapedagogiaoes@ifg.edu.br\">semanapedagogiaoes@ifg.edu.br<\/a><\/p>\n","protected":false},"excerpt":{"rendered":"<p>COMISS\u00c3O ORGANIZADORA Adriam Marcos Da Silva Aline &nbsp; De Moraes Rocha Amanda Marques Tomazini Ana Rebeca Rodrigues De Jesus&nbsp; &nbsp;Bruno Fiorese Fernandes Carlos Eduardo Candido Pereira Daniela Rodrigues De Souza Elisa Pimentel Barbosa \u00c9rico Ricard Lima Cavalcante Mota Gustavo Ol\u00edmpio Rocha Le\u00e3o&nbsp; Jacqueline De Oliveira Veiga Iglesias Josefa Mislene De Souza Afonso Julia Silva Maroqui &#8230; <a title=\"COMISS\u00c3O ORGANIZADORA\" class=\"read-more\" href=\"https:\/\/eventos.ifg.edu.br\/semanapedagogiaoes\/comissao-organizadora\/\">Read more<span class=\"screen-reader-text\">COMISS\u00c3O ORGANIZADORA<\/span><\/a><\/p>\n","protected":false},"author":144,"featured_media":0,"parent":0,"menu_order":0,"comment_status":"closed","ping_status":"closed","template":"","meta":{"ngg_post_thumbnail":0,"footnotes":""},"class_list":["post-58","page","type-page","status-publish"],"_links":{"self":[{"href":"https:\/\/eventos.ifg.edu.br\/semanapedagogiaoes\/wp-json\/wp\/v2\/pages\/58"}],"collection":[{"href":"https:\/\/eventos.ifg.edu.br\/semanapedagogiaoes\/wp-json\/wp\/v2\/pages"}],"about":[{"href":"https:\/\/eventos.ifg.edu.br\/semanapedagogiaoes\/wp-json\/wp\/v2\/types\/page"}],"author":[{"embeddable":true,"href":"https:\/\/eventos.ifg.edu.br\/semanapedagogiaoes\/wp-json\/wp\/v2\/users\/144"}],"replies":[{"embeddable":true,"href":"https:\/\/eventos.ifg.edu.br\/semanapedagogiaoes\/wp-json\/wp\/v2\/comments?post=58"}],"version-history":[{"count":6,"href":"https:\/\/eventos.ifg.edu.br\/semanapedagogiaoes\/wp-json\/wp\/v2\/pages\/58\/revisions"}],"predecessor-version":[{"id":179,"href":"https:\/\/eventos.ifg.edu.br\/semanapedagogiaoes\/wp-json\/wp\/v2\/pages\/58\/revisions\/179"}],"wp:attachment":[{"href":"https:\/\/eventos.ifg.edu.br\/semanapedagogiaoes\/wp-json\/wp\/v2\/media?parent=58"}],"curies":[{"name":"wp","href":"https:\/\/api.w.org\/{rel}","templated":true}]}}