{"id":27,"date":"2021-05-27T14:39:43","date_gmt":"2021-05-27T17:39:43","guid":{"rendered":"http:\/\/eventos.ifg.edu.br\/semanapedagogiaoes\/?page_id=27"},"modified":"2022-06-04T12:16:23","modified_gmt":"2022-06-04T15:16:23","slug":"normas-para-submissao-de-trabalhos","status":"publish","type":"page","link":"https:\/\/eventos.ifg.edu.br\/semanapedagogiaoes\/normas-para-submissao-de-trabalhos\/","title":{"rendered":"SUBMISS\u00c3O DE TRABALHOS"},"content":{"rendered":"<p><img fetchpriority=\"high\" decoding=\"async\" class=\"alignnone size-full wp-image-177\" src=\"http:\/\/eventos.ifg.edu.br\/semanapedagogiaoes\/wp-content\/uploads\/sites\/68\/2021\/05\/banner.png\" alt=\"banner\" width=\"1500\" height=\"500\"><\/p>\n<h3 style=\"text-align: center\"><strong>SUBMISS\u00c3O DE TRABALHOS<\/strong><\/h3>\n<p>&nbsp;<\/p>\n<p>Ser\u00e3o aceitos trabalhos na modalidade de Resumo Expandido contendo de tr\u00eas a cinco<\/p>\n<p>p\u00e1ginas (at\u00e9 5.500 caracteres).<\/p>\n<p>Cada trabalho pode ter at\u00e9 tr\u00eas autores.<\/p>\n<p>Os trabalhos dever\u00e3o ser submetidos <strong>SOMENTE AT\u00c9 O DIA 06\/06\/2022 <\/strong>exclusivamente no e-mail <strong>semanapedagogiaoes@ifg.edu.br<\/strong><\/p>\n<p>O t\u00edtulo da mensagem\/e-mail deve conter: <strong>NOME DO EIXO DE TEM\u00c1TICO (para o qual o<\/strong><\/p>\n<p><strong>trabalho ser\u00e1 submetido) seguido pelo NOME (S) DO(S) AUTORE(S)<\/strong><\/p>\n<p>A divulga\u00e7\u00e3o dos trabalhos aceitos para apresenta\u00e7\u00e3o ocorrer\u00e1 at\u00e9 o dia 07\/06\/2022 no<\/p>\n<p>site do evento (http:\/\/eventos.ifg.edu.br\/semanapedagogiaoes\/), informando data, hor\u00e1rio e local de apresenta\u00e7\u00e3o.<\/p>\n<p>O trabalho cuja avalia\u00e7\u00e3o da comiss\u00e3o cient\u00edfica indicar a necessidade de altera\u00e7\u00f5es\/revis\u00f5es poder\u00e1 ser apresentado no evento (o participante receber\u00e1 o certificado de apresenta\u00e7\u00e3o), por\u00e9m a publica\u00e7\u00e3o nos anais ficar\u00e1 condicionada ao encaminhamento da vers\u00e3o final corrigida para a comiss\u00e3o organizadora <strong>at\u00e9 o dia 30 de junho de 2022.<\/strong><\/p>\n<p>*Os anais ser\u00e3o publicados ap\u00f3s o evento.<\/p>\n<p>Aten\u00e7\u00e3o: Para o parecer dos avaliadores todos dever\u00e3o enviar os trabalhos at\u00e9 06 de junho de<\/p>\n<p>2022 para o e-mail: <a href=\"mailto:semanapedagogiaoes@ifg.edu.br\">semanapedagogiaoes@ifg.edu.br<\/a><\/p>\n<p>&nbsp;<\/p>\n<h3 style=\"text-align: center\"><strong>NORMAS PARA ENVIO DE TRABALHOS<\/strong><\/h3>\n<p>A estrutura do trabalho dever\u00e1 contemplar:<\/p>\n<ol>\n<li>a) T\u00edtulo (fonte Arial 14, escrito em mai\u00fasculo, negrito e centralizado, espa\u00e7amento simples);<\/li>\n<li>b) Nomes dos autores precisam estar centralizado sem negrito, fonte 12, as informa\u00e7\u00f5es de e-mail e institui\u00e7\u00e3o de vinculo do(s) autor(es) em nota de rodap\u00e9 (fonte 10).<\/li>\n<li>c) Eixo tem\u00e1tico<\/li>\n<li>d) O trabalho dever\u00e1 ser escrito em espa\u00e7o 1,5, com recuo de par\u00e1grafo de 1,25 cm, em Word,<\/li>\n<\/ol>\n<p>fonte Arial tamanho 12, papel A4, margens superior e esquerda 3 cm e direita e inferior 2,0, cita\u00e7\u00e3o longa em fonte tamanho 10 e recuo de 4 cm.<\/p>\n<p>Lembrando que o texto deve ter no m\u00e1ximo 5.500 caracteres (resumos expandidos)<\/p>\n<ol>\n<li>e) Os trabalhos dever\u00e3o conter:<\/li>\n<\/ol>\n<ul>\n<li>Resumo at\u00e9 250 palavras;<\/li>\n<li>Palavras-chave: tr\u00eas a cinco palavras-chave separadas por ponto e v\u00edrgula;<\/li>\n<li>Introdu\u00e7\u00e3o incluindo as metodologias;<\/li>\n<li>Desenvolvimento, caso tenha subt\u00edtulos, os mesmos dever\u00e3o ser escritos em negrito, com<\/li>\n<li>primeira letra em mai\u00fascula e as demais com letra min\u00fascula, alinhado \u00e0 esquerda e n\u00e3o<\/li>\n<li>numerado;<\/li>\n<li>Considera\u00e7\u00f5es finais;<\/li>\n<li>Refer\u00eancias.<\/li>\n<\/ul>\n<p><strong>*As cita\u00e7\u00f5es e as refer\u00eancias dever\u00e3o estar conformes normas vigentes da ABNT.<\/strong><\/p>\n<p>&nbsp;<\/p>\n<ul>\n<li>O autor(es) dever\u00e1(\u00e3o), caso desejarem, utilizar slide da apresenta\u00e7\u00e3o preferencialmente no modelo Power Point, com template livre<\/li>\n<li>As apresenta\u00e7\u00f5es dever\u00e3o conter: introdu\u00e7\u00e3o, metodologia, resultados, considera\u00e7\u00f5es finais e refer\u00eancias.<\/li>\n<li>Cada participante ter\u00e1 no m\u00e1ximo 15 minutos (cronometrado pela organiza\u00e7\u00e3o) para apresenta\u00e7\u00e3o.<\/li>\n<li>Todos os participantes apresentar\u00e3o os trabalhos num primeiro momento, sendo as discuss\u00f5es, questionamentos e debates previstos para acontecer ao final por meio de media\u00e7\u00e3o do professor e do estudante respons\u00e1vel pelo eixo tem\u00e1tico.<\/li>\n<\/ul>\n<p>&nbsp;<\/p>\n<h3 style=\"text-align: center\"><strong>CONDI\u00c7\u00d5ES PARA PUBLICA\u00c7\u00c3O DOS TRABALHOS (RESUMOS EXPANDIDOS) NOS ANAIS DA VI SEMANA DA PEDAGOGIA<\/strong><\/h3>\n<p>1) A publica\u00e7\u00e3o dos trabalhos aprovados nos anais da VI Semana da Licenciatura em Pedagogia e II Encontro Anual de Egressos do curso de Licenciatura em Pedagogia est\u00e1 condicionada a realiza\u00e7\u00e3o da inscri\u00e7\u00e3o de pelo menos um dos autores do trabalho e realiza\u00e7\u00e3o das corre\u00e7\u00f5es sugeridas pelos pareceristas.<\/p>\n<p>2) A publica\u00e7\u00e3o dos trabalhos nos anais do evento est\u00e1 condicionada \u00e0 apresenta\u00e7\u00e3o do trabalho por, pelo menos, um dos autores, na data e no hor\u00e1rio indicados pela comiss\u00e3o organizadora.<\/p>\n<p>3) Lembramos que a apresenta\u00e7\u00e3o dos trabalhos se constitui em um espa\u00e7o de reflex\u00e3o e troca de experi\u00eancias entre os participantes e n\u00e3o de apresenta\u00e7\u00f5es individuais de trabalhos. O prop\u00f3sito \u00e9 que as sess\u00f5es funcionem como um momento de debate e aprofundamento de quest\u00f5es relevantes ao campo da discuss\u00e3o de cada GT.<\/p>\n<p>4) O orientador da pesquisa deve constar como coautor do texto.<\/p>\n<p>5) Palavras em l\u00edngua estrangeira devem estar no estilo it\u00e1lico.<\/p>\n<p>6) A submiss\u00e3o e apresenta\u00e7\u00e3o dos trabalhos dever\u00e3o ser na L\u00edngua Portuguesa.<\/p>\n<p>7) A Divulga\u00e7\u00e3o dos trabalhos aceitos ser\u00e1 no dia 07\/06\/2022<\/p>\n<p>8) A Divulga\u00e7\u00e3o das sess\u00f5es de apresenta\u00e7\u00e3o\/comunica\u00e7\u00e3o oral e local ser\u00e1 no dia 08\/06\/2022<\/p>\n<p>9) Apresenta\u00e7\u00e3o dos trabalhos\/comunica\u00e7\u00e3o oral ocorrer\u00e1 no dia 11\/06\/2022 das 08h \u00e0s 10h.<\/p>\n<p>&nbsp;<\/p>\n<h3 style=\"text-align: center\"><strong>EIXOS TEM\u00c1TICOS<\/strong><\/h3>\n<p>&nbsp;<\/p>\n<p><strong>1 \u2013 Educa\u00e7\u00e3o B\u00e1sica (Infantil, Fundamental e M\u00e9dio)<\/strong><\/p>\n<p>Os estudos e pesquisas relacionados a este eixo de dedicam aos assuntos relacionados \u00e0 Educa\u00e7\u00e3o B\u00e1sica por meio de relatos, experi\u00eancias e estudos realizados nos mais variados temas dentro da Educa\u00e7\u00e3o Infantil, do Ensino Fundamental (anos iniciais e finais) e do Ensino M\u00e9dio perpassando as pr\u00e1ticas pedag\u00f3gicas, as pol\u00edticas p\u00fablicas e a forma\u00e7\u00e3o de professores.<\/p>\n<p>&nbsp;<\/p>\n<p><strong>2 &#8211; Educa\u00e7\u00e3o de Jovens e Adultos<\/strong><\/p>\n<p>Os estudos e pesquisas relacionados a este eixo dizem respeito \u00e0 Educa\u00e7\u00e3o de Jovens e Adultos no que diz respeito \u00e0s pr\u00e1ticas pedag\u00f3gicas, \u00e0s pol\u00edticas, a forma\u00e7\u00e3o de professores e as mais variadas a\u00e7\u00f5es da Educa\u00e7\u00e3o a este p\u00fablico alvo.<\/p>\n<p>&nbsp;<\/p>\n<p><strong>3 &#8211; Educa\u00e7\u00e3o Profissional<\/strong><\/p>\n<p>Os estudos e pesquisas relacionados a este eixo dizem respeito aos mais variados temas dentro da Educa\u00e7\u00e3o Profissional, bem como, o relato de experi\u00eancias e a\u00e7\u00f5es desenvolvidas nesta modalidade com vistas a compreender a educa\u00e7\u00e3o neste cen\u00e1rio.<\/p>\n<p>&nbsp;<\/p>\n<p><strong>4 &#8211; Educa\u00e7\u00e3o Inclusiva<\/strong><\/p>\n<p>Os estudos e pesquisas relacionados a este eixo dedicam aos assuntos relacionados \u00e0 Educa\u00e7\u00e3o Inclusiva e Especial por meio de relatos, experi\u00eancias, analise de pol\u00edticas p\u00fablicas, pr\u00e1ticas pedag\u00f3gicas, as pol\u00edticas p\u00fablicas e a forma\u00e7\u00e3o de professores.<\/p>\n<p>&nbsp;<\/p>\n<p><strong>5 &#8211; Educa\u00e7\u00e3o das Rela\u00e7\u00f5es \u00c9tnico-raciais, Educa\u00e7\u00e3o no campo, quilombola e ind\u00edgena<\/strong><\/p>\n<p>Os estudos e pesquisas relacionados a este eixo dizem respeito \u00e0s pol\u00edticas, pr\u00e1ticas pedag\u00f3gicas, forma\u00e7\u00e3o de professores, bem como outras possibilidades educativas ao p\u00fablico alvo das Rela\u00e7\u00f5es \u00c9tnicos-Raciais, Educa\u00e7\u00e3o no campo, quilombola e ind\u00edgena.<\/p>\n<p>&nbsp;<\/p>\n<p><strong>6 \u2013 Educa\u00e7\u00e3o em espa\u00e7os formais e n\u00e3o-formais<\/strong><\/p>\n<p>Os estudos e pesquisas relacionados a este eixo diz respeito aos mais variados espa\u00e7os onde a educa\u00e7\u00e3o ocorre, tal como: nas artes, na m\u00fasica, nos espa\u00e7os socioeducativos, prisional, empresarial, tecnol\u00f3gico, na sa\u00fade e no meio ambiente, etc.<\/p>\n","protected":false},"excerpt":{"rendered":"<p>SUBMISS\u00c3O DE TRABALHOS &nbsp; Ser\u00e3o aceitos trabalhos na modalidade de Resumo Expandido contendo de tr\u00eas a cinco p\u00e1ginas (at\u00e9 5.500 caracteres). Cada trabalho pode ter at\u00e9 tr\u00eas autores. Os trabalhos dever\u00e3o ser submetidos SOMENTE AT\u00c9 O DIA 06\/06\/2022 exclusivamente no e-mail semanapedagogiaoes@ifg.edu.br O t\u00edtulo da mensagem\/e-mail deve conter: NOME DO EIXO DE TEM\u00c1TICO (para o &#8230; <a title=\"SUBMISS\u00c3O DE TRABALHOS\" class=\"read-more\" href=\"https:\/\/eventos.ifg.edu.br\/semanapedagogiaoes\/normas-para-submissao-de-trabalhos\/\">Read more<span class=\"screen-reader-text\">SUBMISS\u00c3O DE TRABALHOS<\/span><\/a><\/p>\n","protected":false},"author":144,"featured_media":0,"parent":0,"menu_order":0,"comment_status":"closed","ping_status":"closed","template":"","meta":{"ngg_post_thumbnail":0,"footnotes":""},"class_list":["post-27","page","type-page","status-publish"],"_links":{"self":[{"href":"https:\/\/eventos.ifg.edu.br\/semanapedagogiaoes\/wp-json\/wp\/v2\/pages\/27"}],"collection":[{"href":"https:\/\/eventos.ifg.edu.br\/semanapedagogiaoes\/wp-json\/wp\/v2\/pages"}],"about":[{"href":"https:\/\/eventos.ifg.edu.br\/semanapedagogiaoes\/wp-json\/wp\/v2\/types\/page"}],"author":[{"embeddable":true,"href":"https:\/\/eventos.ifg.edu.br\/semanapedagogiaoes\/wp-json\/wp\/v2\/users\/144"}],"replies":[{"embeddable":true,"href":"https:\/\/eventos.ifg.edu.br\/semanapedagogiaoes\/wp-json\/wp\/v2\/comments?post=27"}],"version-history":[{"count":9,"href":"https:\/\/eventos.ifg.edu.br\/semanapedagogiaoes\/wp-json\/wp\/v2\/pages\/27\/revisions"}],"predecessor-version":[{"id":185,"href":"https:\/\/eventos.ifg.edu.br\/semanapedagogiaoes\/wp-json\/wp\/v2\/pages\/27\/revisions\/185"}],"wp:attachment":[{"href":"https:\/\/eventos.ifg.edu.br\/semanapedagogiaoes\/wp-json\/wp\/v2\/media?parent=27"}],"curies":[{"name":"wp","href":"https:\/\/api.w.org\/{rel}","templated":true}]}}