{"id":21,"date":"2021-05-27T14:35:04","date_gmt":"2021-05-27T17:35:04","guid":{"rendered":"http:\/\/eventos.ifg.edu.br\/semanapedagogiaoes\/?page_id=21"},"modified":"2022-06-09T18:31:11","modified_gmt":"2022-06-09T21:31:11","slug":"v-semana-da-licenciatura-em-pedagogiai-encontro-anual-de-egressos-do-curso-de-licenciatura-em-pedagogia","status":"publish","type":"page","link":"https:\/\/eventos.ifg.edu.br\/semanapedagogiaoes\/","title":{"rendered":"APRESENTA\u00c7\u00c3O"},"content":{"rendered":"<p>&nbsp;<\/p>\n<p><img fetchpriority=\"high\" decoding=\"async\" class=\"alignnone size-full wp-image-177\" src=\"http:\/\/eventos.ifg.edu.br\/semanapedagogiaoes\/wp-content\/uploads\/sites\/68\/2021\/05\/banner.png\" alt=\"banner\" width=\"1500\" height=\"500\"><\/p>\n<p>O C\u00e2mpus Goi\u00e2nia Oeste do Instituto Federal de Educa\u00e7\u00e3o, Ci\u00eancia e Tecnologia de Goi\u00e1s (IFG) realizar\u00e1 do dia&nbsp;08 a 11 de junho de 2022&nbsp;a&nbsp;VI Semana da Licenciatura em Pedagogia e o II Encontro Anual de Egressos do curso de&nbsp;Licenciatura em Pedagogia.<\/p>\n<p>O tema escolhido para o evento este ano \u00e9&nbsp;<strong><em>FORMA\u00c7\u00c3O DE PROFESSORES, PEDAGOGIA E A CONSTRU\u00c7\u00c3O DE UM PROJETO DEMOCR\u00c1TICO.<\/em><\/strong><\/p>\n<p>As inscri\u00e7\u00f5es e a participa\u00e7\u00e3o no evento s\u00e3o GRATUITAS.&nbsp;<\/p>\n<p>Inscri\u00e7\u00f5es para participa\u00e7\u00e3o no evento com ou sem apresenta\u00e7\u00f5es de trabalho: de 30 de maio a 11 de junho<strong>&nbsp;via SUGEP (NO LINK ABAIXO)<\/strong><\/p>\n<p><a href=\"https:\/\/sugep.ifg.edu.br\/eventos\/#\/publico\/eventos\/8c31a556-0d41-49f4-9e61-fedfe2229e79\/inscricao\">https:\/\/sugep.ifg.edu.br\/eventos\/\/#\/publico\/eventos\/8c31a556-0d41-49f4-9e61-fedfe2229e79\/inscricao<\/a> <strong>(Confirmar a inscri\u00e7\u00e3o pelo e-mail)<\/strong><\/p>\n<p>&nbsp;<\/p>\n<p>Em vista do aumento de casos de Covid-19 no munic\u00edpio de Goi\u00e2nia nas \u00faltimas semanas, a Comiss\u00e3o Organizadora da VI Semana da Licenciatura em Pedagogia e do II Encontro Anual de Egressos do curso de Pedagogia decidiu alterar o evento para <strong>o formato online em 100% das suas atividades.<\/strong><\/p>\n<p>Foi decidida tamb\u00e9m pela altera\u00e7\u00e3o no hor\u00e1rio da atividade da apresenta\u00e7\u00e3o dos trabalhos\/comunica\u00e7\u00e3o oral no s\u00e1bado (11\/06), que antes era entre 10h e 12h, e agora passa a vigorar entre 08h e 10h.<\/p>\n<p>Pedi<strong>mos aos participantes o cuidado de estarem atentos a divulga\u00e7\u00e3o do link de acesso \u00e0s confer\u00eancias que ser\u00e3o enviados posteriormente.<\/strong><\/p>\n<p>&nbsp;<\/p>\n<p>Confira <a href=\"https:\/\/www.ifg.edu.br\/attachments\/article\/30216\/Programa%C3%A7%C3%A3o_Final_VISEMana.pdf\">aqui a programa\u00e7\u00e3o completa <\/a>da VI Semana da Licenciatura em Pedagogia e do II Encontro Anual de Egressos do curso de Pedagogia&nbsp;<\/p>\n<p>Leia<a href=\"https:\/\/www.ifg.edu.br\/attachments\/article\/30138\/Normas_Submiss%C3%A3o%20de%20Trabalhos.final.pdf\"> aqui as normas de submiss\u00e3o de trabalho<\/a><\/p>\n<p>Baixe <a href=\"https:\/\/www.ifg.edu.br\/attachments\/article\/30138\/Template_Trabalhos%20(1).docx\">aqui o template para submiss\u00e3o de trabalho<\/a><\/p>\n<p>&nbsp;<\/p>\n<p>Relembramos ainda que por meio do e-mail <a href=\"mailto:semanapedagogiaoes@ifg.edu.br\">semanapedagogiaoes@ifg.edu.br<\/a> \u00e9 poss\u00edvel:<\/p>\n<p>A submiss\u00e3o de minicursos e oficinas at\u00e9<strong> 03\/06\/2022<\/strong><\/p>\n<p>A submiss\u00e3o de trabalhos at\u00e9 <strong>06\/06\/2022<\/strong><\/p>\n<p>&nbsp;<\/p>\n<p>Colocamo-nos \u00e0 disposi\u00e7\u00e3o para qualquer esclarecimento necess\u00e1rio!<\/p>\n<p>&nbsp;<\/p>\n<p>Cordialmente,<\/p>\n<p>Comiss\u00e3o Organizadora da VI Semana da Licenciatura em Pedagogia<\/p>\n<p>II Encontro Anual de Egressos do curso de Pedagogia&nbsp;&nbsp;&nbsp;&nbsp;<\/p>\n<p>Instituto Federal de Educa\u00e7\u00e3o, Ci\u00eancia e Tecnologia de Goi\u00e1s &#8211; Campus Goi\u00e2nia Oeste (<a href=\"mailto:semanapedagogiaoes@ifg.edu.br\">semanapedagogiaoes@ifg.edu.br<\/a>)<\/p>\n","protected":false},"excerpt":{"rendered":"<p>&nbsp; O C\u00e2mpus Goi\u00e2nia Oeste do Instituto Federal de Educa\u00e7\u00e3o, Ci\u00eancia e Tecnologia de Goi\u00e1s (IFG) realizar\u00e1 do dia&nbsp;08 a 11 de junho de 2022&nbsp;a&nbsp;VI Semana da Licenciatura em Pedagogia e o II Encontro Anual de Egressos do curso de&nbsp;Licenciatura em Pedagogia. O tema escolhido para o evento este ano \u00e9&nbsp;FORMA\u00c7\u00c3O DE PROFESSORES, PEDAGOGIA E &#8230; <a title=\"APRESENTA\u00c7\u00c3O\" class=\"read-more\" href=\"https:\/\/eventos.ifg.edu.br\/semanapedagogiaoes\/\">Read more<span class=\"screen-reader-text\">APRESENTA\u00c7\u00c3O<\/span><\/a><\/p>\n","protected":false},"author":144,"featured_media":0,"parent":0,"menu_order":0,"comment_status":"closed","ping_status":"closed","template":"","meta":{"ngg_post_thumbnail":0,"footnotes":""},"class_list":["post-21","page","type-page","status-publish"],"_links":{"self":[{"href":"https:\/\/eventos.ifg.edu.br\/semanapedagogiaoes\/wp-json\/wp\/v2\/pages\/21"}],"collection":[{"href":"https:\/\/eventos.ifg.edu.br\/semanapedagogiaoes\/wp-json\/wp\/v2\/pages"}],"about":[{"href":"https:\/\/eventos.ifg.edu.br\/semanapedagogiaoes\/wp-json\/wp\/v2\/types\/page"}],"author":[{"embeddable":true,"href":"https:\/\/eventos.ifg.edu.br\/semanapedagogiaoes\/wp-json\/wp\/v2\/users\/144"}],"replies":[{"embeddable":true,"href":"https:\/\/eventos.ifg.edu.br\/semanapedagogiaoes\/wp-json\/wp\/v2\/comments?post=21"}],"version-history":[{"count":27,"href":"https:\/\/eventos.ifg.edu.br\/semanapedagogiaoes\/wp-json\/wp\/v2\/pages\/21\/revisions"}],"predecessor-version":[{"id":65,"href":"https:\/\/eventos.ifg.edu.br\/semanapedagogiaoes\/wp-json\/wp\/v2\/pages\/21\/revisions\/65"}],"wp:attachment":[{"href":"https:\/\/eventos.ifg.edu.br\/semanapedagogiaoes\/wp-json\/wp\/v2\/media?parent=21"}],"curies":[{"name":"wp","href":"https:\/\/api.w.org\/{rel}","templated":true}]}}