{"id":106,"date":"2021-06-09T13:49:20","date_gmt":"2021-06-09T16:49:20","guid":{"rendered":"http:\/\/eventos.ifg.edu.br\/semanapedagogiaoes\/?page_id=106"},"modified":"2022-06-04T12:16:09","modified_gmt":"2022-06-04T15:16:09","slug":"sobre-a-semana","status":"publish","type":"page","link":"https:\/\/eventos.ifg.edu.br\/semanapedagogiaoes\/sobre-a-semana\/","title":{"rendered":"SOBRE A SEMANA"},"content":{"rendered":"<p><img fetchpriority=\"high\" decoding=\"async\" class=\"alignnone size-full wp-image-177\" src=\"http:\/\/eventos.ifg.edu.br\/semanapedagogiaoes\/wp-content\/uploads\/sites\/68\/2021\/05\/banner.png\" alt=\"banner\" width=\"1500\" height=\"500\"><\/p>\n<p>A Semana da Licenciatura em Pedagogia do C\u00e2mpus Goi\u00e2nia Oeste do Instituto Federal de Educa\u00e7\u00e3o, Ci\u00eancia e Tecnologia de Goi\u00e1s (IFG) \u00e9 um evento cient\u00edfico e pedag\u00f3gico que objetiva congregar professoras\/es, pesquisadoras\/es, acad\u00eamicas\/os do curso de Licenciatura em Pedagogia e de outras licenciaturas vinculadas\/os ao IFG ou a outras institui\u00e7\u00f5es de ensino superior, assim como as redes de ensino,&nbsp;e&nbsp;(para)&nbsp;a comunidade em geral.<\/p>\n<p>No ano de 2022 realiza-se a VI Semana da Licenciatura em Pedagogia contemplando a reflex\u00e3o sobre a Educa\u00e7\u00e3o no per\u00edodo de retorno \u00e0s atividades educativas presenciais em um momento marcado pela transi\u00e7\u00e3o entre o retorno presencial, com base na flexibilidade das medidas restritivas da pandemia dada pelo Covid-19, e a volta \u00e0s atividades presenciais. O II Encontro Anual de Egressos do curso de Pedagogia, consolidado pela realiza\u00e7\u00e3o da edi\u00e7\u00e3o anterior tamb\u00e9m ter\u00e1 continuidade. Assim, nesta edi\u00e7\u00e3o, o II Encontro Anual de egressas\/os do curso de Pedagogia do C\u00e2mpus Goi\u00e2nia Oeste do IFG possibilita ampliar junto \u00e0 comunidade o car\u00e1ter plural, dial\u00f3gico, e o compartilhamento na constru\u00e7\u00e3o de saberes entre acad\u00eamicas\/os, graduadas\/os, pesquisadoras\/es, profissionais da educa\u00e7\u00e3o e com a comunidade externa ao IFG.<\/p>\n<p>Em vista do aumento de casos de Covid-19 no munic\u00edpio de Goi\u00e2nia nas \u00faltimas semanas, a Comiss\u00e3o Organizadora da VI Semana da Licenciatura em Pedagogia e do II Encontro Anual de Egressos do curso de Pedagogia decidiu alterar o evento para&nbsp;<strong>o formato online em 100% das suas atividades, <\/strong>pelas plataformas digitais do Google Meet, pelo Canal do IFG \u2013 Goi\u00e2nia Oeste no Youtube e pelo Zoom.<strong><br \/>\n<\/strong><\/p>\n<p>Este evento desde a sua primeira edi\u00e7\u00e3o teve formatos distintos tendo sido, em alguns anos, realizado integrado com outros eventos institucionais.<\/p>\n<p>Em 2015 a primeira edi\u00e7\u00e3o do evento aconteceu a partir da realiza\u00e7\u00e3o da&nbsp;I SECITEC do C\u00e2mpus Goi\u00e2nia Oeste, a qual integrou dois outros eventos na programa\u00e7\u00e3o: I Semana dos Cursos e o I Conhecendo o IFG.<\/p>\n<p>Em 2016 n\u00e3o ocorreu o evento em decorr\u00eancia de um ano letivo constitu\u00eddo por um per\u00edodo de greve nacional dos trabalhadores da educa\u00e7\u00e3o.<\/p>\n<p>Em 2017, nos&nbsp;dias&nbsp;12, 13 e 14&nbsp;de junho,&nbsp;realizou-se a&nbsp;II Semana da Licenciatura em Pedagogia&nbsp;com o tema&nbsp;Pedagogia a&nbsp;FORMA\u00c7\u00c3O&nbsp;em debate, com o&nbsp;objetivo impulsionar os debates sobre os desafios da forma\u00e7\u00e3o docente na contemporaneidade e seus desdobramentos te\u00f3rico-pr\u00e1ticos e as discuss\u00f5es do campo \u00e9tico, pol\u00edtico e pedag\u00f3gico, tendo a pesquisa como princ\u00edpio educativo.<\/p>\n<p>Em 2018 ela foi realizada como&nbsp;\u201cSemana&nbsp;Integrada&nbsp;Sa\u00fade e Educa\u00e7\u00e3o em Debate\u201d.<\/p>\n<p>Em&nbsp;2019 realizou-se a IV Semana da Licenciatura em Pedagogia com o tema \u201cResist\u00eancia \u00e0 educa\u00e7\u00e3o ou Educa\u00e7\u00e3o para a resist\u00eancia?\u201d.<\/p>\n<p>Em 2020, ano em que a pandemia do Coronav\u00edrus se iniciou no Brasil,&nbsp;a sua realiza\u00e7\u00e3o&nbsp;n\u00e3o foi poss\u00edvel. A expertise para a realiza\u00e7\u00e3o de um evento de modo remoto demandaria mais tempo para a sua constru\u00e7\u00e3o do que o que t\u00ednhamos a partir das bruscas mudan\u00e7as vivenciadas desde o m\u00eas de mar\u00e7o daquele ano.<\/p>\n<p>Em 2021, em homenagem a um dos maiores nomes da Educa\u00e7\u00e3o Mundial e por meio de uma estrutura toda remota, foi realizado a IV Semana da Licenciatura em Pedagogia com o tema: \u201c100 anos de Paulo Freire: (Re) Descobrindo o pensar sobre a educa\u00e7\u00e3o brasileira\u201d. A inova\u00e7\u00e3o deste evento foi a de agregar o I Encontro de Egressos do Curso de Pedagogia que puderam relatar as experi\u00eancias e as a\u00e7\u00f5es que o curso promoveu para a forma\u00e7\u00e3o profissional e a inser\u00e7\u00e3o na carreira.<\/p>\n<p><a href=\"https:\/\/www.ifg.edu.br\/component\/content\/article\/80-ifg\/campus\/goiania-oeste\/23720-semanapedagogiaencontroegressosifggoianiaoeste?showall=&amp;start=1\">Confira aqui todas as informa\u00e7\u00f5es a V Semana da Licenciatura em Pedagogia I Encontro Anual de Egressos do curso de Licenciatura em Pedagogia do C\u00e2mpus Goi\u00e2nia Oeste do IFG (Edi\u00e7\u00e3o 2021)<\/a><\/p>\n<p>Por fim, reitera-se a import\u00e2ncia da realiza\u00e7\u00e3o peri\u00f3dica deste evento que tem a finalidade de proporcionar conhecimentos, debates, reflex\u00f5es permanentes sobre o curso, as licenciaturas e a educa\u00e7\u00e3o p\u00fablica brasileira.<\/p>\n","protected":false},"excerpt":{"rendered":"<p>A Semana da Licenciatura em Pedagogia do C\u00e2mpus Goi\u00e2nia Oeste do Instituto Federal de Educa\u00e7\u00e3o, Ci\u00eancia e Tecnologia de Goi\u00e1s (IFG) \u00e9 um evento cient\u00edfico e pedag\u00f3gico que objetiva congregar professoras\/es, pesquisadoras\/es, acad\u00eamicas\/os do curso de Licenciatura em Pedagogia e de outras licenciaturas vinculadas\/os ao IFG ou a outras institui\u00e7\u00f5es de ensino superior, assim como &#8230; <a title=\"SOBRE A SEMANA\" class=\"read-more\" href=\"https:\/\/eventos.ifg.edu.br\/semanapedagogiaoes\/sobre-a-semana\/\">Read more<span class=\"screen-reader-text\">SOBRE A SEMANA<\/span><\/a><\/p>\n","protected":false},"author":144,"featured_media":0,"parent":0,"menu_order":0,"comment_status":"closed","ping_status":"closed","template":"","meta":{"ngg_post_thumbnail":0,"footnotes":""},"class_list":["post-106","page","type-page","status-publish"],"_links":{"self":[{"href":"https:\/\/eventos.ifg.edu.br\/semanapedagogiaoes\/wp-json\/wp\/v2\/pages\/106"}],"collection":[{"href":"https:\/\/eventos.ifg.edu.br\/semanapedagogiaoes\/wp-json\/wp\/v2\/pages"}],"about":[{"href":"https:\/\/eventos.ifg.edu.br\/semanapedagogiaoes\/wp-json\/wp\/v2\/types\/page"}],"author":[{"embeddable":true,"href":"https:\/\/eventos.ifg.edu.br\/semanapedagogiaoes\/wp-json\/wp\/v2\/users\/144"}],"replies":[{"embeddable":true,"href":"https:\/\/eventos.ifg.edu.br\/semanapedagogiaoes\/wp-json\/wp\/v2\/comments?post=106"}],"version-history":[{"count":9,"href":"https:\/\/eventos.ifg.edu.br\/semanapedagogiaoes\/wp-json\/wp\/v2\/pages\/106\/revisions"}],"predecessor-version":[{"id":184,"href":"https:\/\/eventos.ifg.edu.br\/semanapedagogiaoes\/wp-json\/wp\/v2\/pages\/106\/revisions\/184"}],"wp:attachment":[{"href":"https:\/\/eventos.ifg.edu.br\/semanapedagogiaoes\/wp-json\/wp\/v2\/media?parent=106"}],"curies":[{"name":"wp","href":"https:\/\/api.w.org\/{rel}","templated":true}]}}