{"id":100,"date":"2021-06-08T16:02:36","date_gmt":"2021-06-08T19:02:36","guid":{"rendered":"http:\/\/eventos.ifg.edu.br\/semanapedagogiaoes\/?page_id=100"},"modified":"2022-06-09T18:19:48","modified_gmt":"2022-06-09T21:19:48","slug":"programacao-comunicacoes-orais-e-relatos-de-experiencias","status":"publish","type":"page","link":"https:\/\/eventos.ifg.edu.br\/semanapedagogiaoes\/programacao-comunicacoes-orais-e-relatos-de-experiencias\/","title":{"rendered":"COMUNICA\u00c7\u00d5ES ORAIS E RELATOS DE EXPERI\u00caNCIAS"},"content":{"rendered":"<p><img fetchpriority=\"high\" decoding=\"async\" class=\"alignnone size-full wp-image-177\" src=\"http:\/\/eventos.ifg.edu.br\/semanapedagogiaoes\/wp-content\/uploads\/sites\/68\/2021\/05\/banner.png\" alt=\"banner\" width=\"1500\" height=\"500\"><\/p>\n<p>A apresenta\u00e7\u00e3o dos trabalhos\/comunica\u00e7\u00e3o oral ocorrer\u00e1 no dia 11\/06\/2022 das 08h \u00e0s 10h.<\/p>\n<p>&nbsp;<\/p>\n<table>\n<tbody>\n<tr>\n<td colspan=\"2\">\n<h3 style=\"text-align: center\"><span style=\"color: #0000ff\"><strong>SALA 1<\/strong><\/span><\/h3>\n<\/td>\n<\/tr>\n<tr>\n<td width=\"510\"><strong>Link:<\/strong><\/td>\n<td width=\"423\"><a href=\"https:\/\/meet.google.com\/oem-iyib-tgh\">https:\/\/meet.google.com\/oem-iyib-tgh <\/a><\/td>\n<\/tr>\n<tr>\n<td width=\"510\"><strong>Media\u00e7\u00e3o:<\/strong><\/td>\n<td width=\"423\">Profa. Rachel Benta Messias e Profa. Jacqueline de Oliveira Veiga Iglesias<\/td>\n<\/tr>\n<tr>\n<td width=\"510\">\n<p style=\"text-align: center\"><strong>T\u00edtulo do Trabalho<\/strong><\/p>\n<\/td>\n<td width=\"423\">\n<p style=\"text-align: center\"><strong>Autores<\/strong><\/p>\n<\/td>\n<\/tr>\n<tr>\n<td width=\"510\"><span style=\"color: #0000ff\">PROJETO DE EXTENS\u00c3O TCHAM TCHAM: ESTOU LENDO! RELATO DE EXPERI\u00caNCIA<\/span><\/td>\n<td width=\"423\">Andressa Regina Gagliardi de Moraes, Lenora Alfonso Gon\u00e7alves Falc\u00e3o, Madi\u00e9lia Rodrigues Correia<\/td>\n<\/tr>\n<tr>\n<td width=\"510\"><span style=\"color: #0000ff\">EDUCA\u00c7\u00c3O INFANTIL O CONTEXTO DA EDUCA\u00c7\u00c3O INFANTIL NO BRASIL EM TEMPOS HIST\u00d3RICOS E ATUAIS, E EM TEMPOS DE PANDEMIA<\/span><\/td>\n<td width=\"423\">Andressa Regina Gagliardi de Moraes, Daniela Rodrigues de Souza, Stef\u00e2nia Maria Maciel da Silva<\/td>\n<\/tr>\n<tr>\n<td width=\"510\"><span style=\"color: #0000ff\">MOVIMENTOS SOCIAIS E A LUTA EM DEFESA DOS DIREITOS DAS CRIAN\u00c7AS: ESTUDO DO MOVIMENTO PESTALOZZIANO<\/span><\/td>\n<td width=\"423\">Lenora Afonso Gon\u00e7alves Falc\u00e3o, Madi\u00e9lia Rodrigues Correia, Val\u00e9ria Rodrigues de Oliveira<\/td>\n<\/tr>\n<tr>\n<td width=\"510\"><span style=\"color: #0000ff\">DIAS MELHORES: UM RELATO DE EXPERI\u00caNCIA DE UMA ESTUDANTE DE PEDAGOGIA EM SUA TRAJET\u00d3RIA ACAD\u00caMICA PELO GRUPO DE EXTENS\u00c3O TCHAM TCHAM: ESTOU LENDO!<\/span><\/td>\n<td width=\"423\">Lenora Alfonso Gon\u00e7alves Falc\u00e3o<\/td>\n<\/tr>\n<tr>\n<td width=\"510\"><span style=\"color: #0000ff\">EDUCA\u00c7\u00c3O PARA AS RELA\u00c7\u00d5ES \u00c9TNICO-RACIAIS E AS PR\u00c1TICAS PEDAG\u00d3GICAS ANTIRRACISTAS PARA A INF\u00c2NCIA<\/span><\/td>\n<td width=\"423\">Elaine Alves de Morais, Ingrid Sousa Lima dos Santos, Madi\u00e9lia Rodrigues Correia<\/td>\n<\/tr>\n<tr>\n<td width=\"510\"><span style=\"color: #0000ff\">RELATO DE EXPERI\u00caNCIA SOBRE O PROJETO INTEGRADOR EPISTEMOLOGIAS NEGRAS DA DISCIPLINA DE PCC IV [2021-2]: AS ESCREVIV\u00caNCIAS DA AUTORA NEUSA SANTOS SOUZA NA OBRA \u201cTORNAR-SE NEGRO OU AS VICISSITUDES DA IDENTIDADE DO NEGRO BRASILEIRO EM ASCENS\u00c3O SOCIAL\u201d.<\/span><\/td>\n<td width=\"423\">Andressa Regina Gagliardi de Moraes<\/td>\n<\/tr>\n<\/tbody>\n<\/table>\n<p>&nbsp;<\/p>\n<p>&nbsp;<\/p>\n<table>\n<tbody>\n<tr>\n<td colspan=\"2\">\n<h3 style=\"text-align: center\"><span style=\"color: #0000ff\"><strong>SALA 2<\/strong><\/span><\/h3>\n<\/td>\n<\/tr>\n<tr>\n<td><strong>Link:<\/strong><\/td>\n<td><a href=\"https:\/\/meet.google.com\/mbr-vprq-azg?authuser=0\">https:\/\/meet.google.com\/mbr-vprq-azg?authuser=0 <\/a><\/td>\n<\/tr>\n<tr>\n<td><strong>Media\u00e7\u00e3o:<\/strong><\/td>\n<td>Profa. Raclene Ataide de Faria e Prof. Carlos Eduardo Candido Pereira<\/td>\n<\/tr>\n<tr>\n<td style=\"text-align: center\"><strong>T\u00edtulo do Trabalho<\/strong><\/td>\n<td style=\"text-align: center\"><strong>Autores<\/strong><\/td>\n<\/tr>\n<tr>\n<td><span style=\"color: #0000ff\">DISLEXIA E PR\u00c1TICAS PEDAG\u00d3GICAS: REFLEX\u00d5ES PARA UMA EDUCA\u00c7\u00c3O INCLUSIVA<\/span><\/td>\n<td>Jacqueline de Oliveira Veiga Iglesias, Carolina Machado Moreira, Josiane Stoeberl da Silva<\/td>\n<\/tr>\n<tr>\n<td><span style=\"color: #0000ff\">A INCLUS\u00c3O DA PESSOA COM DEFICI\u00caNCIA NO BRASIL E EM PORTUGAL: O RELATO DE EXPERI\u00caNCIA NA RELA\u00c7\u00c3O EDUCA\u00c7\u00c3O E TRABALHO NA TRAJET\u00d3RIA DOS SERVIDORES<\/span><\/td>\n<td>Carlos Eduardo Candido Pereira<\/td>\n<\/tr>\n<tr>\n<td><span style=\"color: #0000ff\">O TUTOR NA UAB: POL\u00cdTICA, FINANCIAMENTO E PROLETARIZA\u00c7\u00c3O DO PROFISSIONAL DA EDUCA\u00c7\u00c3O<\/span><\/td>\n<td>Carlos Eduardo Candido Pereira<\/td>\n<\/tr>\n<\/tbody>\n<\/table>\n<p>&nbsp;<\/p>\n","protected":false},"excerpt":{"rendered":"<p>A apresenta\u00e7\u00e3o dos trabalhos\/comunica\u00e7\u00e3o oral ocorrer\u00e1 no dia 11\/06\/2022 das 08h \u00e0s 10h. &nbsp; SALA 1 Link: https:\/\/meet.google.com\/oem-iyib-tgh Media\u00e7\u00e3o: Profa. Rachel Benta Messias e Profa. Jacqueline de Oliveira Veiga Iglesias T\u00edtulo do Trabalho Autores PROJETO DE EXTENS\u00c3O TCHAM TCHAM: ESTOU LENDO! RELATO DE EXPERI\u00caNCIA Andressa Regina Gagliardi de Moraes, Lenora Alfonso Gon\u00e7alves Falc\u00e3o, Madi\u00e9lia Rodrigues &#8230; <a title=\"COMUNICA\u00c7\u00d5ES ORAIS E RELATOS DE EXPERI\u00caNCIAS\" class=\"read-more\" href=\"https:\/\/eventos.ifg.edu.br\/semanapedagogiaoes\/programacao-comunicacoes-orais-e-relatos-de-experiencias\/\">Read more<span class=\"screen-reader-text\">COMUNICA\u00c7\u00d5ES ORAIS E RELATOS DE EXPERI\u00caNCIAS<\/span><\/a><\/p>\n","protected":false},"author":144,"featured_media":0,"parent":0,"menu_order":0,"comment_status":"closed","ping_status":"closed","template":"","meta":{"ngg_post_thumbnail":0,"footnotes":""},"class_list":["post-100","page","type-page","status-publish"],"_links":{"self":[{"href":"https:\/\/eventos.ifg.edu.br\/semanapedagogiaoes\/wp-json\/wp\/v2\/pages\/100"}],"collection":[{"href":"https:\/\/eventos.ifg.edu.br\/semanapedagogiaoes\/wp-json\/wp\/v2\/pages"}],"about":[{"href":"https:\/\/eventos.ifg.edu.br\/semanapedagogiaoes\/wp-json\/wp\/v2\/types\/page"}],"author":[{"embeddable":true,"href":"https:\/\/eventos.ifg.edu.br\/semanapedagogiaoes\/wp-json\/wp\/v2\/users\/144"}],"replies":[{"embeddable":true,"href":"https:\/\/eventos.ifg.edu.br\/semanapedagogiaoes\/wp-json\/wp\/v2\/comments?post=100"}],"version-history":[{"count":10,"href":"https:\/\/eventos.ifg.edu.br\/semanapedagogiaoes\/wp-json\/wp\/v2\/pages\/100\/revisions"}],"predecessor-version":[{"id":198,"href":"https:\/\/eventos.ifg.edu.br\/semanapedagogiaoes\/wp-json\/wp\/v2\/pages\/100\/revisions\/198"}],"wp:attachment":[{"href":"https:\/\/eventos.ifg.edu.br\/semanapedagogiaoes\/wp-json\/wp\/v2\/media?parent=100"}],"curies":[{"name":"wp","href":"https:\/\/api.w.org\/{rel}","templated":true}]}}