{"id":97,"date":"2016-09-01T22:47:56","date_gmt":"2016-09-02T01:47:56","guid":{"rendered":"http:\/\/eventos.ifg.edu.br\/semanai2c\/?page_id=97"},"modified":"2016-09-26T18:54:03","modified_gmt":"2016-09-26T21:54:03","slug":"palestrantes","status":"publish","type":"page","link":"https:\/\/eventos.ifg.edu.br\/semanai2c\/palestrantes\/","title":{"rendered":"Palestrantes"},"content":{"rendered":"<p>Confirmaram presen\u00e7a na I2C:<\/p>\n<div id=\"attachment_232\" style=\"width: 367px\" class=\"wp-caption alignnone\"><a href=\"http:\/\/lattes.cnpq.br\/3419460921987234\"><img fetchpriority=\"high\" decoding=\"async\" aria-describedby=\"caption-attachment-232\" class=\" wp-image-232\" src=\"http:\/\/eventos.ifg.edu.br\/semanai2c\/wp-content\/uploads\/sites\/7\/2016\/09\/elymar.jpg\" alt=\"Professor Elymar, coordenador do Laborat\u00f3rio F\u00e1brica de Software (FSW) Acad\u00eamica\" width=\"357\" height=\"537\" \/><\/a><p id=\"caption-attachment-232\" class=\"wp-caption-text\">Professor Elymar, coordenador do Laborat\u00f3rio F\u00e1brica de Software (FSW) Acad\u00eamica<\/p><\/div>\n<div id=\"attachment_223\" style=\"width: 210px\" class=\"wp-caption alignnone\"><a href=\"http:\/\/lattes.cnpq.br\/8876034175421958\"><img decoding=\"async\" aria-describedby=\"caption-attachment-223\" class=\"size-full wp-image-223\" src=\"http:\/\/eventos.ifg.edu.br\/semanai2c\/wp-content\/uploads\/sites\/7\/2016\/09\/ULISSES.jpg\" alt=\"Professor Ulisses. Doutor em Ci\u00eancia da Computa\u00e7\u00e3o pela Universidade de Bras\u00edlia.\" width=\"200\" height=\"267\" \/><\/a><p id=\"caption-attachment-223\" class=\"wp-caption-text\">Professor Ulisses. Doutor em Ci\u00eancia da Computa\u00e7\u00e3o pela Universidade de Bras\u00edlia.<\/p><\/div>\n<div id=\"attachment_203\" style=\"width: 300px\" class=\"wp-caption alignnone\"><a href=\"http:\/\/lattes.cnpq.br\/9232767272908945\"><img decoding=\"async\" aria-describedby=\"caption-attachment-203\" class=\" wp-image-203\" src=\"http:\/\/eventos.ifg.edu.br\/semanai2c\/wp-content\/uploads\/sites\/7\/2016\/09\/jaqque.png\" alt=\"Professora Jaqueline, doutora em Engenharia de Sistemas Eletr\u00f4nicos e Automa\u00e7\u00e3o na Universidade de Bras\u00edlia\" width=\"290\" height=\"365\" \/><\/a><p id=\"caption-attachment-203\" class=\"wp-caption-text\">Professora Jaqueline, doutora em Engenharia de Sistemas Eletr\u00f4nicos e Automa\u00e7\u00e3o na Universidade de Bras\u00edlia<\/p><\/div>\n<div id=\"attachment_195\" style=\"width: 329px\" class=\"wp-caption alignnone\"><a href=\"http:\/\/lattes.cnpq.br\/4294399254174298\"><img loading=\"lazy\" decoding=\"async\" aria-describedby=\"caption-attachment-195\" class=\" wp-image-195\" src=\"http:\/\/eventos.ifg.edu.br\/semanai2c\/wp-content\/uploads\/sites\/7\/2016\/09\/Christiane.jpg\" alt=\"Professora Christiane: Mestre em Engenharia El\u00e9trica e de Computa\u00e7\u00e3o da UFG\" width=\"319\" height=\"426\" \/><\/a><p id=\"caption-attachment-195\" class=\"wp-caption-text\">Professora Christiane: Mestre em Engenharia El\u00e9trica e de Computa\u00e7\u00e3o da UFG<\/p><\/div>\n<div id=\"attachment_196\" style=\"width: 313px\" class=\"wp-caption alignnone\"><a href=\"http:\/\/lattes.cnpq.br\/2943405373188926\"><img loading=\"lazy\" decoding=\"async\" aria-describedby=\"caption-attachment-196\" class=\" wp-image-196\" src=\"http:\/\/eventos.ifg.edu.br\/semanai2c\/wp-content\/uploads\/sites\/7\/2016\/09\/marlete.jpg\" alt=\"Professora Marlete: Mestre em Engenharia Biom\u00e9dica da Universidade de Bras\u00edlia\" width=\"303\" height=\"504\" \/><\/a><p id=\"caption-attachment-196\" class=\"wp-caption-text\">Professora Marlete: Mestre em Engenharia Biom\u00e9dica da Universidade de Bras\u00edlia<\/p><\/div>\n<div id=\"attachment_184\" style=\"width: 296px\" class=\"wp-caption alignnone\"><a href=\"http:\/\/lattes.cnpq.br\/4184135376471464\"><img loading=\"lazy\" decoding=\"async\" aria-describedby=\"caption-attachment-184\" class=\" wp-image-184\" src=\"http:\/\/eventos.ifg.edu.br\/semanai2c\/wp-content\/uploads\/sites\/7\/2016\/09\/20160826_221818.jpg\" alt=\"Professor Guilherme Ferreira Santos, guru da Metodologia Cient\u00edfica.\" width=\"286\" height=\"382\" \/><\/a><p id=\"caption-attachment-184\" class=\"wp-caption-text\">Professor Guilherme Ferreira Santos, guru da Metodologia Cient\u00edfica.<\/p><\/div>\n<div id=\"attachment_175\" style=\"width: 221px\" class=\"wp-caption alignnone\"><a href=\"http:\/\/lattes.cnpq.br\/0003965046258525\"><img loading=\"lazy\" decoding=\"async\" aria-describedby=\"caption-attachment-175\" class=\"size-full wp-image-175\" src=\"http:\/\/eventos.ifg.edu.br\/semanai2c\/wp-content\/uploads\/sites\/7\/2016\/09\/IMG-20160912-WA0013.jpg\" alt=\"Viviane Margarida Gomes, que tratar\u00e1 sobre registro e patente de softwares.\" width=\"211\" height=\"240\" \/><\/a><p id=\"caption-attachment-175\" class=\"wp-caption-text\">Viviane Margarida Gomes, que tratar\u00e1 sobre registro e patente de softwares.<\/p><\/div>\n<div id=\"attachment_174\" style=\"width: 388px\" class=\"wp-caption alignnone\"><a href=\"http:\/\/lattes.cnpq.br\/6984620495051513\"><img loading=\"lazy\" decoding=\"async\" aria-describedby=\"caption-attachment-174\" class=\" wp-image-174\" src=\"http:\/\/eventos.ifg.edu.br\/semanai2c\/wp-content\/uploads\/sites\/7\/2016\/09\/Foto-prof-Hailton.jpg\" alt=\"Hailton David Lemos, experi\u00eancia de 30 anos em desenvolvimento de sistemas.\" width=\"378\" height=\"379\" \/><\/a><p id=\"caption-attachment-174\" class=\"wp-caption-text\">Hailton David Lemos, experi\u00eancia de 30 anos em desenvolvimento de sistemas.<\/p><\/div>\n<div id=\"attachment_161\" style=\"width: 238px\" class=\"wp-caption alignnone\"><a href=\"http:\/\/lattes.cnpq.br\/0123638102699534\"><img loading=\"lazy\" decoding=\"async\" aria-describedby=\"caption-attachment-161\" class=\"size-full wp-image-161\" src=\"http:\/\/eventos.ifg.edu.br\/semanai2c\/wp-content\/uploads\/sites\/7\/2016\/09\/photo.jpg\" alt=\"Andressa Martins. Uma das fundadoras do MNT (Mulheres na Tecnologia).\" width=\"228\" height=\"229\" \/><\/a><p id=\"caption-attachment-161\" class=\"wp-caption-text\">Andressa Martins. Uma das fundadoras do MNT (Mulheres na Tecnologia).<\/p><\/div>\n<div id=\"attachment_123\" style=\"width: 324px\" class=\"wp-caption alignnone\"><a href=\"http:\/\/lattes.cnpq.br\/8091412005305635\"><img loading=\"lazy\" decoding=\"async\" aria-describedby=\"caption-attachment-123\" class=\" wp-image-123\" src=\"http:\/\/eventos.ifg.edu.br\/semanai2c\/wp-content\/uploads\/sites\/7\/2016\/09\/IMG-20160909-WA0002.jpg\" alt=\"Sheldon Led, colaborador Mozilla\" width=\"314\" height=\"391\" \/><\/a><p id=\"caption-attachment-123\" class=\"wp-caption-text\">Sheldon Led, colaborador Mozilla<\/p><\/div>\n<p><a href=\"http:\/\/lattes.cnpq.br\/9938244088922275\"><img loading=\"lazy\" decoding=\"async\" class=\"alignnone wp-image-98\" src=\"http:\/\/eventos.ifg.edu.br\/semanai2c\/wp-content\/uploads\/sites\/7\/2016\/09\/ole-convida-6-forum-EL.jpg\" alt=\"ole-convida-6-forum-EL\" width=\"622\" height=\"350\" \/><\/a><\/p>\n<div id=\"attachment_109\" style=\"width: 324px\" class=\"wp-caption alignnone\"><a href=\"http:\/\/lattes.cnpq.br\/8977740816700839\"><img loading=\"lazy\" decoding=\"async\" aria-describedby=\"caption-attachment-109\" class=\" wp-image-109\" src=\"http:\/\/eventos.ifg.edu.br\/semanai2c\/wp-content\/uploads\/sites\/7\/2016\/09\/juscelino.jpg\" alt=\"Mestre em sociologia, o professor Juscelino Martins Polonial\" width=\"314\" height=\"354\" \/><\/a><p id=\"caption-attachment-109\" class=\"wp-caption-text\">Mestre em sociologia, o professor Juscelino Martins Polonial<\/p><\/div>\n<div id=\"attachment_114\" style=\"width: 608px\" class=\"wp-caption alignnone\"><a href=\"http:\/\/lattes.cnpq.br\/2086977292629902\"><img loading=\"lazy\" decoding=\"async\" aria-describedby=\"caption-attachment-114\" class=\" wp-image-114\" src=\"http:\/\/eventos.ifg.edu.br\/semanai2c\/wp-content\/uploads\/sites\/7\/2016\/09\/Fabio-Marques.jpg\" alt=\" Professor F\u00e1bio Marques mestre em Engenharia El\u00e9trica e computa\u00e7\u00e3o.\" width=\"598\" height=\"398\" \/><\/a><p id=\"caption-attachment-114\" class=\"wp-caption-text\">Professor F\u00e1bio Marques mestre em Engenharia El\u00e9trica e computa\u00e7\u00e3o.<\/p><\/div>\n","protected":false},"excerpt":{"rendered":"<p>Confirmaram presen\u00e7a na I2C:<\/p>\n","protected":false},"author":21,"featured_media":114,"parent":0,"menu_order":0,"comment_status":"closed","ping_status":"closed","template":"","meta":{"ngg_post_thumbnail":0,"footnotes":""},"class_list":["post-97","page","type-page","status-publish","has-post-thumbnail","hentry"],"_links":{"self":[{"href":"https:\/\/eventos.ifg.edu.br\/semanai2c\/wp-json\/wp\/v2\/pages\/97"}],"collection":[{"href":"https:\/\/eventos.ifg.edu.br\/semanai2c\/wp-json\/wp\/v2\/pages"}],"about":[{"href":"https:\/\/eventos.ifg.edu.br\/semanai2c\/wp-json\/wp\/v2\/types\/page"}],"author":[{"embeddable":true,"href":"https:\/\/eventos.ifg.edu.br\/semanai2c\/wp-json\/wp\/v2\/users\/21"}],"replies":[{"embeddable":true,"href":"https:\/\/eventos.ifg.edu.br\/semanai2c\/wp-json\/wp\/v2\/comments?post=97"}],"version-history":[{"count":39,"href":"https:\/\/eventos.ifg.edu.br\/semanai2c\/wp-json\/wp\/v2\/pages\/97\/revisions"}],"predecessor-version":[{"id":234,"href":"https:\/\/eventos.ifg.edu.br\/semanai2c\/wp-json\/wp\/v2\/pages\/97\/revisions\/234"}],"wp:featuredmedia":[{"embeddable":true,"href":"https:\/\/eventos.ifg.edu.br\/semanai2c\/wp-json\/wp\/v2\/media\/114"}],"wp:attachment":[{"href":"https:\/\/eventos.ifg.edu.br\/semanai2c\/wp-json\/wp\/v2\/media?parent=97"}],"curies":[{"name":"wp","href":"https:\/\/api.w.org\/{rel}","templated":true}]}}