{"id":43,"date":"2016-08-24T14:39:33","date_gmt":"2016-08-24T17:39:33","guid":{"rendered":"http:\/\/eventos.ifg.edu.br\/semanai2c\/?page_id=43"},"modified":"2016-09-27T22:30:10","modified_gmt":"2016-09-28T01:30:10","slug":"informacoes","status":"publish","type":"page","link":"https:\/\/eventos.ifg.edu.br\/semanai2c\/informacoes\/","title":{"rendered":"Informa\u00e7\u00f5es"},"content":{"rendered":"<p><strong>Aten\u00e7\u00e3o!<\/strong><\/p>\n<p>&nbsp;<\/p>\n<p>Fiquem atentos \u00e0s regras do <a href=\"http:\/\/eventos.ifg.edu.br\/semanai2c\/wp-content\/uploads\/sites\/7\/2016\/09\/Regulamento-Maratona-Programa\u00e7\u00e3o-Semana-I2C.pdf\">Campeonato de Programa\u00e7\u00e3o<\/a>.<\/p>\n<p>&nbsp;<\/p>\n<p align=\"right\"><span style=\"font-size: x-large\"><i>Equipe I2C<\/i><\/span><\/p>\n","protected":false},"excerpt":{"rendered":"<p>Aten\u00e7\u00e3o! &nbsp; Fiquem atentos \u00e0s regras do Campeonato de Programa\u00e7\u00e3o. &nbsp; Equipe I2C<\/p>\n","protected":false},"author":20,"featured_media":0,"parent":0,"menu_order":0,"comment_status":"closed","ping_status":"closed","template":"","meta":{"ngg_post_thumbnail":0,"footnotes":""},"class_list":["post-43","page","type-page","status-publish","hentry"],"_links":{"self":[{"href":"https:\/\/eventos.ifg.edu.br\/semanai2c\/wp-json\/wp\/v2\/pages\/43"}],"collection":[{"href":"https:\/\/eventos.ifg.edu.br\/semanai2c\/wp-json\/wp\/v2\/pages"}],"about":[{"href":"https:\/\/eventos.ifg.edu.br\/semanai2c\/wp-json\/wp\/v2\/types\/page"}],"author":[{"embeddable":true,"href":"https:\/\/eventos.ifg.edu.br\/semanai2c\/wp-json\/wp\/v2\/users\/20"}],"replies":[{"embeddable":true,"href":"https:\/\/eventos.ifg.edu.br\/semanai2c\/wp-json\/wp\/v2\/comments?post=43"}],"version-history":[{"count":22,"href":"https:\/\/eventos.ifg.edu.br\/semanai2c\/wp-json\/wp\/v2\/pages\/43\/revisions"}],"predecessor-version":[{"id":257,"href":"https:\/\/eventos.ifg.edu.br\/semanai2c\/wp-json\/wp\/v2\/pages\/43\/revisions\/257"}],"wp:attachment":[{"href":"https:\/\/eventos.ifg.edu.br\/semanai2c\/wp-json\/wp\/v2\/media?parent=43"}],"curies":[{"name":"wp","href":"https:\/\/api.w.org\/{rel}","templated":true}]}}