{"id":40,"date":"2016-08-24T14:35:57","date_gmt":"2016-08-24T17:35:57","guid":{"rendered":"http:\/\/eventos.ifg.edu.br\/semanai2c\/?page_id=40"},"modified":"2016-08-24T23:05:42","modified_gmt":"2016-08-25T02:05:42","slug":"equipe-organizadora","status":"publish","type":"page","link":"https:\/\/eventos.ifg.edu.br\/semanai2c\/equipe-organizadora\/","title":{"rendered":"Equipe"},"content":{"rendered":"<ul>\n<li><strong>Infraestrutura e secretaria:<\/strong>\n<ul>\n<li>Prof. Esp. Alessandro Siqueira da Silva;<\/li>\n<li>Prof\u00aa. Ma. Thiane Marques Torquato;<\/li>\n<li>Acad\u00eamica Isabella Gomes de Vasconcelos;<\/li>\n<li>Acad\u00eamica J\u00e9ssica Marques Alves.<\/li>\n<\/ul>\n<\/li>\n<li><strong>Tem\u00e1rio:<\/strong>\n<ul>\n<li>Prof. Me. Alexandre Martins Ferreira Bueno;<\/li>\n<li>Prof. Me. Davi Taveira de Alencar Alarc\u00e3o;<\/li>\n<li>Prof. Esp. Ricardo Barbosa Scalabrini;<\/li>\n<li>Acad\u00eamica Mirelle Ferreira Alves.<\/li>\n<\/ul>\n<\/li>\n<li><strong>Divulga\u00e7\u00e3o:<\/strong>\n<ul>\n<li>Prof\u00aa. Esp. Viviane Bessa Ferreira;<\/li>\n<li>Acad\u00eamica Ana Carla Silveira de Oliveira;<\/li>\n<li>Acad\u00eamico Dauro Carlos da Silva;<\/li>\n<li>Acad\u00eamico Diogo Filho de Morais.<\/li>\n<\/ul>\n<\/li>\n<li><strong>Comunica\u00e7\u00e3o:<\/strong>\n<ul>\n<li>Prof. Esp. Maur\u00edlio Humberto Rodrigues Miranda;<\/li>\n<li>Acad\u00eamico Caio da Silva Ferreira;<\/li>\n<li>Acad\u00eamico Daniel Pereira de Azevedo Rosa;<\/li>\n<li>Acad\u00eamico Filipe Maciel de Souza dos Anjos.<\/li>\n<\/ul>\n<\/li>\n<\/ul>\n<p>&nbsp;<\/p>\n","protected":false},"excerpt":{"rendered":"<p>Infraestrutura e secretaria: Prof. Esp. Alessandro Siqueira da Silva; Prof\u00aa. Ma. Thiane Marques Torquato; Acad\u00eamica Isabella Gomes de Vasconcelos; Acad\u00eamica J\u00e9ssica Marques Alves. Tem\u00e1rio: Prof. Me. Alexandre Martins Ferreira Bueno; Prof. Me. Davi Taveira de Alencar Alarc\u00e3o; Prof. Esp. Ricardo Barbosa Scalabrini; Acad\u00eamica Mirelle Ferreira Alves. Divulga\u00e7\u00e3o: Prof\u00aa. Esp. Viviane Bessa Ferreira; Acad\u00eamica Ana Carla <a class=\"more-link\" href=\"https:\/\/eventos.ifg.edu.br\/semanai2c\/equipe-organizadora\/\">&hellip; Continue lendo&hellip; &rarr;<\/a><\/p>\n","protected":false},"author":20,"featured_media":0,"parent":0,"menu_order":0,"comment_status":"closed","ping_status":"closed","template":"","meta":{"ngg_post_thumbnail":0,"footnotes":""},"class_list":["post-40","page","type-page","status-publish","hentry"],"_links":{"self":[{"href":"https:\/\/eventos.ifg.edu.br\/semanai2c\/wp-json\/wp\/v2\/pages\/40"}],"collection":[{"href":"https:\/\/eventos.ifg.edu.br\/semanai2c\/wp-json\/wp\/v2\/pages"}],"about":[{"href":"https:\/\/eventos.ifg.edu.br\/semanai2c\/wp-json\/wp\/v2\/types\/page"}],"author":[{"embeddable":true,"href":"https:\/\/eventos.ifg.edu.br\/semanai2c\/wp-json\/wp\/v2\/users\/20"}],"replies":[{"embeddable":true,"href":"https:\/\/eventos.ifg.edu.br\/semanai2c\/wp-json\/wp\/v2\/comments?post=40"}],"version-history":[{"count":3,"href":"https:\/\/eventos.ifg.edu.br\/semanai2c\/wp-json\/wp\/v2\/pages\/40\/revisions"}],"predecessor-version":[{"id":71,"href":"https:\/\/eventos.ifg.edu.br\/semanai2c\/wp-json\/wp\/v2\/pages\/40\/revisions\/71"}],"wp:attachment":[{"href":"https:\/\/eventos.ifg.edu.br\/semanai2c\/wp-json\/wp\/v2\/media?parent=40"}],"curies":[{"name":"wp","href":"https:\/\/api.w.org\/{rel}","templated":true}]}}