{"id":17,"date":"2016-08-23T15:56:46","date_gmt":"2016-08-23T18:56:46","guid":{"rendered":"http:\/\/eventos.ifg.edu.br\/semanai2c\/?page_id=17"},"modified":"2016-11-08T16:05:53","modified_gmt":"2016-11-08T18:05:53","slug":"certificados","status":"publish","type":"page","link":"https:\/\/eventos.ifg.edu.br\/semanai2c\/certificados\/","title":{"rendered":"Certificados"},"content":{"rendered":"<p>Os certificados j\u00e1 est\u00e3o disponibilizados em sugep.ifg.edu.br<\/p>\n<p>A equipe I2C agradece sua participa\u00e7\u00e3o!<\/p>\n","protected":false},"excerpt":{"rendered":"<p>Os certificados j\u00e1 est\u00e3o disponibilizados em sugep.ifg.edu.br A equipe I2C agradece sua participa\u00e7\u00e3o!<\/p>\n","protected":false},"author":20,"featured_media":0,"parent":0,"menu_order":0,"comment_status":"closed","ping_status":"closed","template":"","meta":{"ngg_post_thumbnail":0,"footnotes":""},"class_list":["post-17","page","type-page","status-publish","hentry"],"_links":{"self":[{"href":"https:\/\/eventos.ifg.edu.br\/semanai2c\/wp-json\/wp\/v2\/pages\/17"}],"collection":[{"href":"https:\/\/eventos.ifg.edu.br\/semanai2c\/wp-json\/wp\/v2\/pages"}],"about":[{"href":"https:\/\/eventos.ifg.edu.br\/semanai2c\/wp-json\/wp\/v2\/types\/page"}],"author":[{"embeddable":true,"href":"https:\/\/eventos.ifg.edu.br\/semanai2c\/wp-json\/wp\/v2\/users\/20"}],"replies":[{"embeddable":true,"href":"https:\/\/eventos.ifg.edu.br\/semanai2c\/wp-json\/wp\/v2\/comments?post=17"}],"version-history":[{"count":6,"href":"https:\/\/eventos.ifg.edu.br\/semanai2c\/wp-json\/wp\/v2\/pages\/17\/revisions"}],"predecessor-version":[{"id":268,"href":"https:\/\/eventos.ifg.edu.br\/semanai2c\/wp-json\/wp\/v2\/pages\/17\/revisions\/268"}],"wp:attachment":[{"href":"https:\/\/eventos.ifg.edu.br\/semanai2c\/wp-json\/wp\/v2\/media?parent=17"}],"curies":[{"name":"wp","href":"https:\/\/api.w.org\/{rel}","templated":true}]}}