{"id":15,"date":"2016-08-23T15:56:22","date_gmt":"2016-08-23T18:56:22","guid":{"rendered":"http:\/\/eventos.ifg.edu.br\/semanai2c\/?page_id=15"},"modified":"2016-09-15T10:56:58","modified_gmt":"2016-09-15T13:56:58","slug":"inscricoes","status":"publish","type":"page","link":"https:\/\/eventos.ifg.edu.br\/semanai2c\/inscricoes\/","title":{"rendered":"Inscri\u00e7\u00f5es"},"content":{"rendered":"<p><strong>ATEN\u00c7\u00c3O: N\u00c3O BASTA FAZER INSCRI\u00c7\u00c3O NO EVENTO. \u00c9 NECESS\u00c1RIO TAMB\u00c9M SE INSCREVER NAS ATIVIDADES, CONFORME <a href=\"http:\/\/eventos.ifg.edu.br\/semanai2c\/wp-content\/uploads\/sites\/7\/2016\/09\/Programa\u00e7\u00e3o-I2C.pdf\">PROGRAMA\u00c7\u00c3O<\/a>!!!<\/strong><\/p>\n<p>Em hip\u00f3tese alguma haver\u00e1 inscri\u00e7\u00e3o durante o evento. Portanto, fa\u00e7a sua inscri\u00e7\u00e3o entre 15 e 27 de setembro.<\/p>\n<p>Para seu melhor aproveitamento do evento, favor observar p\u00fablico alvo indicado na atividade no momento da instri\u00e7\u00e3o.<\/p>\n<p>Para fazer a inscri\u00e7\u00e3o n\u00e3o recomendamos o uso de smartphones e <a href=\"http:\/\/sugep.ifg.edu.br\/eventos\/administracao\/inscricoes.html?q12we34rt56yu78io90p=39twFPTpdvI=\">clique aqui<\/a>.<\/p>\n<p>&nbsp;<\/p>\n","protected":false},"excerpt":{"rendered":"<p>ATEN\u00c7\u00c3O: N\u00c3O BASTA FAZER INSCRI\u00c7\u00c3O NO EVENTO. \u00c9 NECESS\u00c1RIO TAMB\u00c9M SE INSCREVER NAS ATIVIDADES, CONFORME PROGRAMA\u00c7\u00c3O!!! Em hip\u00f3tese alguma haver\u00e1 inscri\u00e7\u00e3o durante o evento. Portanto, fa\u00e7a sua inscri\u00e7\u00e3o entre 15 e 27 de setembro. Para seu melhor aproveitamento do evento, favor observar p\u00fablico alvo indicado na atividade no momento da instri\u00e7\u00e3o. Para fazer a inscri\u00e7\u00e3o <a class=\"more-link\" href=\"https:\/\/eventos.ifg.edu.br\/semanai2c\/inscricoes\/\">&hellip; Continue lendo&hellip; &rarr;<\/a><\/p>\n","protected":false},"author":20,"featured_media":209,"parent":0,"menu_order":0,"comment_status":"closed","ping_status":"closed","template":"","meta":{"ngg_post_thumbnail":0,"footnotes":""},"class_list":["post-15","page","type-page","status-publish","has-post-thumbnail","hentry"],"_links":{"self":[{"href":"https:\/\/eventos.ifg.edu.br\/semanai2c\/wp-json\/wp\/v2\/pages\/15"}],"collection":[{"href":"https:\/\/eventos.ifg.edu.br\/semanai2c\/wp-json\/wp\/v2\/pages"}],"about":[{"href":"https:\/\/eventos.ifg.edu.br\/semanai2c\/wp-json\/wp\/v2\/types\/page"}],"author":[{"embeddable":true,"href":"https:\/\/eventos.ifg.edu.br\/semanai2c\/wp-json\/wp\/v2\/users\/20"}],"replies":[{"embeddable":true,"href":"https:\/\/eventos.ifg.edu.br\/semanai2c\/wp-json\/wp\/v2\/comments?post=15"}],"version-history":[{"count":20,"href":"https:\/\/eventos.ifg.edu.br\/semanai2c\/wp-json\/wp\/v2\/pages\/15\/revisions"}],"predecessor-version":[{"id":219,"href":"https:\/\/eventos.ifg.edu.br\/semanai2c\/wp-json\/wp\/v2\/pages\/15\/revisions\/219"}],"wp:featuredmedia":[{"embeddable":true,"href":"https:\/\/eventos.ifg.edu.br\/semanai2c\/wp-json\/wp\/v2\/media\/209"}],"wp:attachment":[{"href":"https:\/\/eventos.ifg.edu.br\/semanai2c\/wp-json\/wp\/v2\/media?parent=15"}],"curies":[{"name":"wp","href":"https:\/\/api.w.org\/{rel}","templated":true}]}}