{"id":62,"date":"2021-06-14T02:20:43","date_gmt":"2021-06-14T05:20:43","guid":{"rendered":"http:\/\/eventos.ifg.edu.br\/semanadoempreendedorismo\/?page_id=62"},"modified":"2021-06-14T03:40:27","modified_gmt":"2021-06-14T06:40:27","slug":"organizacao","status":"publish","type":"page","link":"https:\/\/eventos.ifg.edu.br\/semanadoempreendedorismo\/organizacao\/","title":{"rendered":"Organiza\u00e7\u00e3o"},"content":{"rendered":"<p>O evento \u00e9 organizado pela Professora Mayara Vieira Silva do IFG C\u00e2mpus Jata\u00ed em conjunto com alunos dos cursos T\u00e9cnico em Secretariado &#8211; EJA e Bacharelados em Engenharia Civil e Engenharia El\u00e9trica do C\u00e2mpus Jata\u00ed.<\/p>\n<p>E-mail de contato: mayara.silva@ifg.edu.br<\/p>\n","protected":false},"excerpt":{"rendered":"<p>O evento \u00e9 organizado pela Professora Mayara Vieira Silva do IFG C\u00e2mpus Jata\u00ed em conjunto com alunos dos cursos T\u00e9cnico em Secretariado &#8211; EJA e Bacharelados em Engenharia Civil e Engenharia El\u00e9trica do C\u00e2mpus Jata\u00ed. E-mail de contato: mayara.silva@ifg.edu.br<\/p>\n","protected":false},"author":7,"featured_media":0,"parent":0,"menu_order":0,"comment_status":"closed","ping_status":"closed","template":"","meta":{"footnotes":""},"class_list":["post-62","page","type-page","status-publish","hentry"],"_links":{"self":[{"href":"https:\/\/eventos.ifg.edu.br\/semanadoempreendedorismo\/wp-json\/wp\/v2\/pages\/62"}],"collection":[{"href":"https:\/\/eventos.ifg.edu.br\/semanadoempreendedorismo\/wp-json\/wp\/v2\/pages"}],"about":[{"href":"https:\/\/eventos.ifg.edu.br\/semanadoempreendedorismo\/wp-json\/wp\/v2\/types\/page"}],"author":[{"embeddable":true,"href":"https:\/\/eventos.ifg.edu.br\/semanadoempreendedorismo\/wp-json\/wp\/v2\/users\/7"}],"replies":[{"embeddable":true,"href":"https:\/\/eventos.ifg.edu.br\/semanadoempreendedorismo\/wp-json\/wp\/v2\/comments?post=62"}],"version-history":[{"count":4,"href":"https:\/\/eventos.ifg.edu.br\/semanadoempreendedorismo\/wp-json\/wp\/v2\/pages\/62\/revisions"}],"predecessor-version":[{"id":81,"href":"https:\/\/eventos.ifg.edu.br\/semanadoempreendedorismo\/wp-json\/wp\/v2\/pages\/62\/revisions\/81"}],"wp:attachment":[{"href":"https:\/\/eventos.ifg.edu.br\/semanadoempreendedorismo\/wp-json\/wp\/v2\/media?parent=62"}],"curies":[{"name":"wp","href":"https:\/\/api.w.org\/{rel}","templated":true}]}}