{"id":13,"date":"2021-06-13T23:30:34","date_gmt":"2021-06-14T02:30:34","guid":{"rendered":"http:\/\/eventos.ifg.edu.br\/semanadoempreendedorismo\/?page_id=13"},"modified":"2021-06-14T02:18:18","modified_gmt":"2021-06-14T05:18:18","slug":"feira-gastronomica-saborif","status":"publish","type":"page","link":"https:\/\/eventos.ifg.edu.br\/semanadoempreendedorismo\/feira-gastronomica-saborif\/","title":{"rendered":"Feira Gastron\u00f4mica Sabor IF"},"content":{"rendered":"<p style=\"text-align: justify;\"><img fetchpriority=\"high\" decoding=\"async\" class=\"aligncenter wp-image-15\" src=\"http:\/\/eventos.ifg.edu.br\/semanadoempreendedorismo\/wp-content\/uploads\/sites\/69\/2021\/06\/feira_gastronomica_banner.jpeg\" alt=\"feira_gastronomica_banner\" width=\"400\" height=\"400\" \/><\/p>\n<p style=\"text-align: justify;\">Realiza\u00e7\u00e3o de uma Feira Digital, com a produ\u00e7\u00e3o e oferta de produtos aliment\u00edcios em formato <em>delivery<\/em>. Para isso, os alunos se dividiram em grupos, supervisionados pela professora de Administra\u00e7\u00e3o do C\u00e2mpus, para iniciar um neg\u00f3cio no ramo aliment\u00edcio (venda de doces, bolos, salgados, bebidas, pipoca, chocolates entre outras del\u00edcias)\u00a0aplicando os conte\u00fados e conhecimentos, adquiridos nas disciplinas de administra\u00e7\u00e3o, na idea\u00e7\u00e3o e cria\u00e7\u00e3o da empresa. O objetivo \u00e9 despertar o empreendedorismo nos alunos nesta atividade pr\u00e1tica, al\u00e9m de aplicar os conte\u00fados vistos em aula.<\/p>\n<p style=\"text-align: center;\"><a href=\"https:\/\/www.instagram.com\/feira_saborif\/\"><br \/>\n<\/a><a href=\"https:\/\/www.instagram.com\/feira_saborif\/\" target=\"_blank\"><img decoding=\"async\" class=\"wp-image-17 aligncenter\" src=\"http:\/\/eventos.ifg.edu.br\/semanadoempreendedorismo\/wp-content\/uploads\/sites\/69\/2021\/06\/logo-instagram.png\" alt=\"logo-instagram\" width=\"25\" height=\"25\" \/>Acesse o perfil do Instagram da Feira Gastron\u00f4mica Sabor IF, conhe\u00e7a e adquira uma das del\u00edcias preparadas pelos nossos alunos.<\/a><br \/>\n(Funcionamento: 14\/06\/2021 at\u00e9 20\/06\/2021)<\/p>\n<p style=\"text-align: justify;\">Os neg\u00f3cios criados foram:<\/p>\n\n\t\t<style type=\"text\/css\">\n\t\t\t#gallery-1 {\n\t\t\t\tmargin: auto;\n\t\t\t}\n\t\t\t#gallery-1 .gallery-item {\n\t\t\t\tfloat: left;\n\t\t\t\tmargin-top: 10px;\n\t\t\t\ttext-align: center;\n\t\t\t\twidth: 50%;\n\t\t\t}\n\t\t\t#gallery-1 img {\n\t\t\t\tborder: 2px solid #cfcfcf;\n\t\t\t}\n\t\t\t#gallery-1 .gallery-caption {\n\t\t\t\tmargin-left: 0;\n\t\t\t}\n\t\t\t\/* see gallery_shortcode() in wp-includes\/media.php *\/\n\t\t<\/style>\n\t\t<div id='gallery-1' class='gallery galleryid-13 gallery-columns-2 gallery-size-medium'><dl class='gallery-item'>\n\t\t\t<dt class='gallery-icon '>\n\t\t\t\t<a href='https:\/\/eventos.ifg.edu.br\/semanadoempreendedorismo\/wp-content\/uploads\/sites\/69\/2021\/06\/cake.jpeg'>cake<\/a>\n\t\t\t<\/dt><\/dl><dl class='gallery-item'>\n\t\t\t<dt class='gallery-icon '>\n\t\t\t\t<a href='https:\/\/eventos.ifg.edu.br\/semanadoempreendedorismo\/wp-content\/uploads\/sites\/69\/2021\/06\/geladinho_gourmet.jpeg'>geladinho_gourmet<\/a>\n\t\t\t<\/dt><\/dl><br style=\"clear: both\" \/><dl class='gallery-item'>\n\t\t\t<dt class='gallery-icon '>\n\t\t\t\t<a href='https:\/\/eventos.ifg.edu.br\/semanadoempreendedorismo\/wp-content\/uploads\/sites\/69\/2021\/06\/trufas.jpeg'>trufas<\/a>\n\t\t\t<\/dt><\/dl><dl class='gallery-item'>\n\t\t\t<dt class='gallery-icon '>\n\t\t\t\t<a href='https:\/\/eventos.ifg.edu.br\/semanadoempreendedorismo\/wp-content\/uploads\/sites\/69\/2021\/06\/sobremesa.jpeg'>sobremesa<\/a>\n\t\t\t<\/dt><\/dl><br style=\"clear: both\" \/><dl class='gallery-item'>\n\t\t\t<dt class='gallery-icon '>\n\t\t\t\t<a href='https:\/\/eventos.ifg.edu.br\/semanadoempreendedorismo\/wp-content\/uploads\/sites\/69\/2021\/06\/mousse.jpeg'>mousse<\/a>\n\t\t\t<\/dt><\/dl><dl class='gallery-item'>\n\t\t\t<dt class='gallery-icon '>\n\t\t\t\t<a href='https:\/\/eventos.ifg.edu.br\/semanadoempreendedorismo\/wp-content\/uploads\/sites\/69\/2021\/06\/geladinho.jpeg'>geladinho<\/a>\n\t\t\t<\/dt><\/dl><br style=\"clear: both\" \/><dl class='gallery-item'>\n\t\t\t<dt class='gallery-icon '>\n\t\t\t\t<a href='https:\/\/eventos.ifg.edu.br\/semanadoempreendedorismo\/wp-content\/uploads\/sites\/69\/2021\/06\/bolo_pote.jpeg'>bolo_pote<\/a>\n\t\t\t<\/dt><\/dl><dl class='gallery-item'>\n\t\t\t<dt class='gallery-icon '>\n\t\t\t\t<a href='https:\/\/eventos.ifg.edu.br\/semanadoempreendedorismo\/wp-content\/uploads\/sites\/69\/2021\/06\/caldo_cana.jpeg'>caldo_cana<\/a>\n\t\t\t<\/dt><\/dl><br style=\"clear: both\" \/><dl class='gallery-item'>\n\t\t\t<dt class='gallery-icon '>\n\t\t\t\t<a href='https:\/\/eventos.ifg.edu.br\/semanadoempreendedorismo\/wp-content\/uploads\/sites\/69\/2021\/06\/coxinhas.jpeg'>coxinhas<\/a>\n\t\t\t<\/dt><\/dl><dl class='gallery-item'>\n\t\t\t<dt class='gallery-icon '>\n\t\t\t\t<a href='https:\/\/eventos.ifg.edu.br\/semanadoempreendedorismo\/wp-content\/uploads\/sites\/69\/2021\/06\/salada_frutas-1.jpeg'>salada_frutas<\/a>\n\t\t\t<\/dt><\/dl><br style=\"clear: both\" \/>\n\t\t<\/div>\n\n","protected":false},"excerpt":{"rendered":"<p>Realiza\u00e7\u00e3o de uma Feira Digital, com a produ\u00e7\u00e3o e oferta de produtos aliment\u00edcios em formato delivery. Para isso, os alunos se dividiram em grupos, supervisionados pela professora de Administra\u00e7\u00e3o do C\u00e2mpus, para iniciar um neg\u00f3cio no ramo aliment\u00edcio (venda de doces, bolos, salgados, bebidas, pipoca, chocolates entre outras del\u00edcias)\u00a0aplicando os conte\u00fados e conhecimentos, adquiridos nas [&hellip;]<\/p>\n","protected":false},"author":7,"featured_media":0,"parent":0,"menu_order":0,"comment_status":"closed","ping_status":"closed","template":"","meta":{"footnotes":""},"class_list":["post-13","page","type-page","status-publish","hentry"],"_links":{"self":[{"href":"https:\/\/eventos.ifg.edu.br\/semanadoempreendedorismo\/wp-json\/wp\/v2\/pages\/13"}],"collection":[{"href":"https:\/\/eventos.ifg.edu.br\/semanadoempreendedorismo\/wp-json\/wp\/v2\/pages"}],"about":[{"href":"https:\/\/eventos.ifg.edu.br\/semanadoempreendedorismo\/wp-json\/wp\/v2\/types\/page"}],"author":[{"embeddable":true,"href":"https:\/\/eventos.ifg.edu.br\/semanadoempreendedorismo\/wp-json\/wp\/v2\/users\/7"}],"replies":[{"embeddable":true,"href":"https:\/\/eventos.ifg.edu.br\/semanadoempreendedorismo\/wp-json\/wp\/v2\/comments?post=13"}],"version-history":[{"count":10,"href":"https:\/\/eventos.ifg.edu.br\/semanadoempreendedorismo\/wp-json\/wp\/v2\/pages\/13\/revisions"}],"predecessor-version":[{"id":19,"href":"https:\/\/eventos.ifg.edu.br\/semanadoempreendedorismo\/wp-json\/wp\/v2\/pages\/13\/revisions\/19"}],"wp:attachment":[{"href":"https:\/\/eventos.ifg.edu.br\/semanadoempreendedorismo\/wp-json\/wp\/v2\/media?parent=13"}],"curies":[{"name":"wp","href":"https:\/\/api.w.org\/{rel}","templated":true}]}}