{"id":95,"date":"2025-08-06T10:06:24","date_gmt":"2025-08-06T13:06:24","guid":{"rendered":"https:\/\/eventos.ifg.edu.br\/semaf\/?page_id=95"},"modified":"2025-08-06T14:00:58","modified_gmt":"2025-08-06T17:00:58","slug":"xvi-semana-da-licenciatura-em-matematica-e-vii-semana-da-fisica","status":"publish","type":"page","link":"https:\/\/eventos.ifg.edu.br\/semaf\/","title":{"rendered":"In\u00edcio"},"content":{"rendered":"\n<p class=\"has-text-align-left\">O Instituto Federal de Goi\u00e1s \u2013 Campus Goi\u00e2nia realizar\u00e1, entre os dias <strong>20 e 23 de outubro de 2025<\/strong>, a <strong>XVI Semana da Licenciatura em Matem\u00e1tica<\/strong> e a <strong>VII Semana da F\u00edsica<\/strong>, em formato presencial, reunindo estudantes, professores, pesquisadores e demais interessados nas \u00e1reas para um amplo espa\u00e7o de discuss\u00e3o, forma\u00e7\u00e3o e divulga\u00e7\u00e3o cient\u00edfica.<\/p>\n\n\n\n<p class=\"has-text-align-left\">A Semana prop\u00f5e-se a ser um espa\u00e7o de encontro entre diferentes saberes e pr\u00e1ticas no campo da Matem\u00e1tica e da F\u00edsica, estimulando a aproxima\u00e7\u00e3o entre a forma\u00e7\u00e3o acad\u00eamica, o exerc\u00edcio da doc\u00eancia e a produ\u00e7\u00e3o cient\u00edfica.<\/p>\n\n\n\n<p class=\"has-text-align-left\">Ao reunir ensino, pesquisa e extens\u00e3o, o evento busca contribuir para o desenvolvimento profissional de estudantes e professores da educa\u00e7\u00e3o b\u00e1sica e superior, fortalecendo o interc\u00e2mbio de ideias e experi\u00eancias entre os participantes.<\/p>\n\n\n\n<p class=\"has-text-align-left\">Ser\u00e3o discutidos temas relacionados \u00e0 carreira docente e ao ensino de Matem\u00e1tica e F\u00edsica. Dessa forma, o p\u00fablico-alvo do evento \u00e9 composto por estudantes da educa\u00e7\u00e3o b\u00e1sica, licenciandos, p\u00f3s-graduandos, egressos dos cursos de Matem\u00e1tica e F\u00edsica, professores da educa\u00e7\u00e3o b\u00e1sica e superior, pesquisadores e bolsistas dos programas <strong>Pibid<\/strong> e <strong>Resid\u00eancia Pedag\u00f3gica<\/strong>, promovendo a integra\u00e7\u00e3o entre forma\u00e7\u00e3o inicial, continuada e pr\u00e1ticas pedag\u00f3gicas no ensino das ci\u00eancias exatas.<\/p>\n\n\n\n<p class=\"has-text-align-left\">A programa\u00e7\u00e3o contar\u00e1 com palestras, mesas-redondas, oficinas, minicursos e comunica\u00e7\u00f5es orais, proporcionando momentos de aprendizagem e integra\u00e7\u00e3o entre os participantes.<\/p>\n\n\n\n<p class=\"has-text-align-left\">Nesta edi\u00e7\u00e3o, a Semana da Matem\u00e1tica e da F\u00edsica tamb\u00e9m celebra os <strong>100 anos da mec\u00e2nica qu\u00e2ntica<\/strong>, marco fundamental para o desenvolvimento da ci\u00eancia moderna e suas m\u00faltiplas aplica\u00e7\u00f5es tecnol\u00f3gicas e te\u00f3ricas.<\/p>\n\n\n\n<p><\/p>\n","protected":false},"excerpt":{"rendered":"<p>O Instituto Federal de Goi\u00e1s \u2013 Campus Goi\u00e2nia realizar\u00e1, entre os dias 20 e 23 de outubro de 2025, a XVI Semana da Licenciatura em Matem\u00e1tica e a VII Semana da F\u00edsica, em formato presencial, reunindo estudantes, professores, pesquisadores e demais interessados nas \u00e1reas para um amplo espa\u00e7o de discuss\u00e3o, forma\u00e7\u00e3o e divulga\u00e7\u00e3o cient\u00edfica. A <a class=\"more-link\" href=\"https:\/\/eventos.ifg.edu.br\/semaf\/\">Leia mais&#8230; &raquo;<\/a><\/p>\n","protected":false},"author":221,"featured_media":0,"parent":0,"menu_order":0,"comment_status":"closed","ping_status":"closed","template":"","meta":{"ngg_post_thumbnail":0,"footnotes":""},"class_list":["post-95","page","type-page","status-publish","hentry"],"_links":{"self":[{"href":"https:\/\/eventos.ifg.edu.br\/semaf\/wp-json\/wp\/v2\/pages\/95"}],"collection":[{"href":"https:\/\/eventos.ifg.edu.br\/semaf\/wp-json\/wp\/v2\/pages"}],"about":[{"href":"https:\/\/eventos.ifg.edu.br\/semaf\/wp-json\/wp\/v2\/types\/page"}],"author":[{"embeddable":true,"href":"https:\/\/eventos.ifg.edu.br\/semaf\/wp-json\/wp\/v2\/users\/221"}],"replies":[{"embeddable":true,"href":"https:\/\/eventos.ifg.edu.br\/semaf\/wp-json\/wp\/v2\/comments?post=95"}],"version-history":[{"count":4,"href":"https:\/\/eventos.ifg.edu.br\/semaf\/wp-json\/wp\/v2\/pages\/95\/revisions"}],"predecessor-version":[{"id":150,"href":"https:\/\/eventos.ifg.edu.br\/semaf\/wp-json\/wp\/v2\/pages\/95\/revisions\/150"}],"wp:attachment":[{"href":"https:\/\/eventos.ifg.edu.br\/semaf\/wp-json\/wp\/v2\/media?parent=95"}],"curies":[{"name":"wp","href":"https:\/\/api.w.org\/{rel}","templated":true}]}}