{"id":51,"date":"2025-08-06T10:06:56","date_gmt":"2025-08-06T13:06:56","guid":{"rendered":"https:\/\/eventos.ifg.edu.br\/semaf\/?page_id=51"},"modified":"2025-09-17T12:32:52","modified_gmt":"2025-09-17T15:32:52","slug":"submissoes","status":"publish","type":"page","link":"https:\/\/eventos.ifg.edu.br\/semaf\/submissoes\/","title":{"rendered":"Submiss\u00f5es"},"content":{"rendered":"\n<p>Para submeter o trabalho, um dos autores dever\u00e1 estar inscrito na <strong>XVI Semana da Licenciatura em Matem\u00e1tica<\/strong> e <strong>VII Semana da F\u00edsica<\/strong>. <\/p>\n\n\n\n<p>Os trabalhos poder\u00e3o ser submetidos nas modalidades <strong>Comunica\u00e7\u00e3o cient\u00edfica<\/strong> (Artigo), <strong>Relato de experi\u00eancia<\/strong> (Resumo Expandido) e <strong>Resumo simples<\/strong>.<\/p>\n\n\n\n<p>Todos os trabalhos aprovados ser\u00e3o publicados nos anais online e apresentados como <strong>comunica\u00e7\u00e3o oral<\/strong> (para trabalhos no formato Comunica\u00e7\u00e3o cient\u00edfica) ou <strong>p\u00f4ster<\/strong> (para relatos de experi\u00eancias e resumo&nbsp;simples).<\/p>\n\n\n\n<div class=\"wp-block-buttons is-content-justification-center is-layout-flex wp-container-core-buttons-is-layout-1 wp-block-buttons-is-layout-flex\">\n<div class=\"wp-block-button\"><a class=\"wp-block-button__link wp-element-button\" href=\"https:\/\/docs.google.com\/forms\/d\/e\/1FAIpQLSe_3xCnbI9GgkravVFPl-b1vlgklHZdtpipNWpWJteGXlIPcA\/viewform?usp=header\">Formul\u00e1rio de submiss\u00e3o de trabalhos<\/a><\/div>\n<\/div>\n\n\n\n<p>Os modelos de submiss\u00e3o est\u00e3o dispon\u00edveis nos links abaixo.&nbsp;<strong>As orienta\u00e7\u00f5es quanto a formata\u00e7\u00e3o dos trabalhos est\u00e3o contidas no pr\u00f3prio modelo<\/strong>.<\/p>\n\n\n\n<div class=\"wp-block-buttons is-content-justification-center is-layout-flex wp-container-core-buttons-is-layout-2 wp-block-buttons-is-layout-flex\">\n<div class=\"wp-block-button is-style-fill\"><a class=\"wp-block-button__link has-text-align-center wp-element-button\" href=\"https:\/\/drive.google.com\/drive\/folders\/1RH2ddJIj_s7TOOG0p3JUeNGw3lLZCd0A?usp=sharing\">Modelos Word<\/a><\/div>\n\n\n\n<div class=\"wp-block-button\"><a class=\"wp-block-button__link wp-element-button\" href=\"https:\/\/drive.google.com\/drive\/folders\/15q3zR1fjgdWwk8GTH_WXIFDjNm7SCo7N?usp=sharing\">Modelos Latex<\/a><\/div>\n\n\n\n<div class=\"wp-block-button\"><a class=\"wp-block-button__link wp-element-button\" href=\"https:\/\/drive.google.com\/drive\/folders\/1Vnm6TuYpFu4M9J8GMPpLOIUrGTPXbvxk?usp=sharing\">Modelos Poster<\/a><\/div>\n<\/div>\n\n\n\n<p>As apresenta\u00e7\u00f5es ocorrer\u00e3o nos dias 21 a 23 de outubro de 2025 e os trabalhos aceitos para apresenta\u00e7\u00e3o, bem como a ordem das apresenta\u00e7\u00f5es, ser\u00e3o divulgadas de acordo com o seguinte cronograma nesta p\u00e1gina, no menu \u2018Not\u00edcias\u2019.<\/p>\n\n\n\n<h2 class=\"wp-block-heading\">Cronograma de Submiss\u00e3o de trabalhos<\/h2>\n\n\n\n<div class=\"wp-block-columns is-layout-flex wp-container-core-columns-is-layout-1 wp-block-columns-is-layout-flex\">\n<div class=\"wp-block-column is-layout-flow wp-block-column-is-layout-flow\">\n<figure class=\"wp-block-table\"><table class=\"has-fixed-layout\"><tbody><tr><td>Per\u00edodo de submiss\u00e3o<\/td><td>06\/09\/2025 a <s>15\/09\/2025<\/s> \u2192 21\/09\/2025<\/td><\/tr><tr><td>Per\u00edodo de avalia\u00e7\u00e3o da Comiss\u00e3o Cient\u00edfica<\/td><td>16\/09\/2025 a <s>30\/09\/2025<\/s> \u2192 06\/10\/2025<\/td><\/tr><tr><td>Divulga\u00e7\u00e3o do resultado das avalia\u00e7\u00f5es pela Comiss\u00e3o Cient\u00edfica<\/td><td><s>01\/10\/2025<\/s> \u2192 07\/10\/2025<\/td><\/tr><tr><td>Per\u00edodo de an\u00e1lise dos pareceres pela Comiss\u00e3o Cient\u00edfica e ajustes dos trabalhos<\/td><td><s>02\/10\/2025 a 09\/10\/2025 <\/s>\u2192 08\/10 a 15\/10\/2025<\/td><\/tr><tr><td>Divulga\u00e7\u00e3o da rela\u00e7\u00e3o final de trabalhos aceitos<\/td><td><s>10\/10\/2025<\/s> \u2192 16\/10\/2025<\/td><\/tr><\/tbody><\/table><\/figure>\n<\/div>\n<\/div>\n\n\n\n<p>As submiss\u00f5es ser\u00e3o realizadas exclusivamente pelo formul\u00e1rio\u00a0<strong><a href=\"https:\/\/docs.google.com\/forms\/d\/e\/1FAIpQLSe_3xCnbI9GgkravVFPl-b1vlgklHZdtpipNWpWJteGXlIPcA\/viewform\" data-type=\"link\" data-id=\"https:\/\/docs.google.com\/forms\/d\/e\/1FAIpQLSe_3xCnbI9GgkravVFPl-b1vlgklHZdtpipNWpWJteGXlIPcA\/viewform\">Formul\u00e1rio de Submiss\u00f5es<\/a><\/strong> de trabalhos\u00a0at\u00e9 o dia 21 de setembro de 2025, conforme cronograma acima. Ao preencher o formul\u00e1rio o proponente dever\u00e1 autorizar a publica\u00e7\u00e3o do trabalho nos anais do evento.<\/p>\n\n\n\n<h2 class=\"wp-block-heading\">Avalia\u00e7\u00e3o dos trabalhos<\/h2>\n\n\n\n<div class=\"wp-block-group is-nowrap is-layout-flex wp-container-core-group-is-layout-1 wp-block-group-is-layout-flex\">\n<p>A avalia\u00e7\u00e3o ser\u00e1 feita por um avaliador ad hoc, todos(as) pesquisadores(as) na \u00e1rea, e com reconhecida compet\u00eancia. Os trabalhos n\u00e3o ser\u00e3o avaliados quanto ao m\u00e9rito acad\u00eamico e\/ou cient\u00edfico, apenas as adequa\u00e7\u00f5es \u00e0s normas de submiss\u00e3o e escrita. \u00c9 de inteira responsabilidade dos proponentes as quest\u00f5es relacionadas a propriedade intelectual, m\u00e9rito cient\u00edfico\/acad\u00eamico, bem como a legitimidade dos dados nele contido. O parecer da avalia\u00e7\u00e3o ser\u00e1: recomendado, recomendado com adequa\u00e7\u00f5es ou n\u00e3o recomendado.<\/p>\n<\/div>\n\n\n\n<h2 class=\"wp-block-heading\">Modalidades de Submiss\u00e3o<\/h2>\n\n\n\n<p>As submiss\u00f5es para a XVI Semana da Licenciatura em Matem\u00e1tica e VII Semana da F\u00edsica poder\u00e3o ser feitas em tr\u00eas modalidades: <strong>Comunica\u00e7\u00e3o cient\u00edfica<\/strong>, que corresponde a um artigo completo; <strong>Relato de experi\u00eancia<\/strong>, no formato de resumo expandido; e <strong>Resumo simples<\/strong>. <\/p>\n\n\n\n<p>Essas s\u00e3o as modalidades do trabalho escrito, ou seja, ao preparar o texto \u00e9 necess\u00e1rio escolher uma delas e utilizar o modelo adequado. Ressaltamos que todos os trabalhos aprovados ser\u00e3o publicados nos <strong>anais do evento<\/strong>, configurando uma publica\u00e7\u00e3o acad\u00eamica leg\u00edtima, que levar\u00e1 o nome dos autores e coautores envolvidos.<\/p>\n\n\n\n<figure class=\"wp-block-table\"><table class=\"has-fixed-layout\"><thead><tr><th>Modalidade<\/th><th>Caracteriza\u00e7\u00e3o<\/th><th>Extens\u00e3o permitida<\/th><\/tr><\/thead><tbody><tr><td><strong>Comunica\u00e7\u00e3o cient\u00edfica<\/strong><\/td><td>Artigo completo, com se\u00e7\u00f5es formais (introdu\u00e7\u00e3o, metodologia, resultados, discuss\u00e3o, considera\u00e7\u00f5es finais).<\/td><td><strong>8 a 12 p\u00e1ginas<\/strong><\/td><\/tr><tr><td><strong>Relato de experi\u00eancia<\/strong><\/td><td>Resumo expandido, com foco em pr\u00e1ticas pedag\u00f3gicas, experi\u00eancias em sala de aula, projetos ou viv\u00eancias acad\u00eamicas.<\/td><td><strong>4 a 8 p\u00e1ginas<\/strong><\/td><\/tr><tr><td><strong>Resumo simples<\/strong><\/td><td>Texto breve e objetivo em par\u00e1grafo \u00fanico, destacando tema, objetivos, metodologia e resultados principais.<\/td><td><strong>250 a 300 palavras<\/strong><\/td><\/tr><\/tbody><\/table><\/figure>\n\n\n\n<h2 class=\"wp-block-heading\">Modalidades de Apresenta\u00e7\u00e3o<\/h2>\n\n\n\n<p>Todos os trabalhos submetidos e aprovados dever\u00e3o, obrigatoriamente, ser apresentados durante a XVI Semana da Licenciatura em Matem\u00e1tica e VII Semana da F\u00edsica. As formas de apresenta\u00e7\u00e3o s\u00e3o:<\/p>\n\n\n\n<ul class=\"wp-block-list\">\n<li><strong>Comunica\u00e7\u00e3o oral<\/strong>: destinada aos trabalhos submetidos na modalidade <strong>Comunica\u00e7\u00e3o cient\u00edfica<\/strong>. A apresenta\u00e7\u00e3o ser\u00e1 realizada em sess\u00f5es orais, com tempo determinado pela Comiss\u00e3o Cient\u00edfica.<\/li>\n\n\n\n<li><strong>P\u00f4ster<\/strong>: destinado aos trabalhos submetidos nas modalidades <strong>Relato de experi\u00eancia<\/strong> e <strong>Resumo simples<\/strong>. A apresenta\u00e7\u00e3o ocorrer\u00e1 em sess\u00f5es espec\u00edficas de p\u00f4steres, garantindo a intera\u00e7\u00e3o entre autores, avaliadores e demais participantes.<\/li>\n<\/ul>\n\n\n\n<p>Ressaltamos que a participa\u00e7\u00e3o na apresenta\u00e7\u00e3o \u00e9 obrigat\u00f3ria e condi\u00e7\u00e3o essencial para que o trabalho seja mantido nos anais do evento.<\/p>\n\n\n\n<p><\/p>\n\n\n\n<p>Precisa de ajuda? clique aqui <a href=\"https:\/\/eventos.ifg.edu.br\/semaf\/guia-do-participante\/\" data-type=\"page\" data-id=\"182\">Guia do Participante<\/a><\/p>\n","protected":false},"excerpt":{"rendered":"<p>Para submeter o trabalho, um dos autores dever\u00e1 estar inscrito na XVI Semana da Licenciatura em Matem\u00e1tica e VII Semana da F\u00edsica. Os trabalhos poder\u00e3o ser submetidos nas modalidades Comunica\u00e7\u00e3o cient\u00edfica (Artigo), Relato de experi\u00eancia (Resumo Expandido) e Resumo simples. Todos os trabalhos aprovados ser\u00e3o publicados nos anais online e apresentados como comunica\u00e7\u00e3o oral (para <a class=\"more-link\" href=\"https:\/\/eventos.ifg.edu.br\/semaf\/submissoes\/\">Leia mais&#8230; &raquo;<\/a><\/p>\n","protected":false},"author":221,"featured_media":0,"parent":0,"menu_order":0,"comment_status":"closed","ping_status":"closed","template":"","meta":{"ngg_post_thumbnail":0,"footnotes":""},"class_list":["post-51","page","type-page","status-publish","hentry"],"_links":{"self":[{"href":"https:\/\/eventos.ifg.edu.br\/semaf\/wp-json\/wp\/v2\/pages\/51"}],"collection":[{"href":"https:\/\/eventos.ifg.edu.br\/semaf\/wp-json\/wp\/v2\/pages"}],"about":[{"href":"https:\/\/eventos.ifg.edu.br\/semaf\/wp-json\/wp\/v2\/types\/page"}],"author":[{"embeddable":true,"href":"https:\/\/eventos.ifg.edu.br\/semaf\/wp-json\/wp\/v2\/users\/221"}],"replies":[{"embeddable":true,"href":"https:\/\/eventos.ifg.edu.br\/semaf\/wp-json\/wp\/v2\/comments?post=51"}],"version-history":[{"count":18,"href":"https:\/\/eventos.ifg.edu.br\/semaf\/wp-json\/wp\/v2\/pages\/51\/revisions"}],"predecessor-version":[{"id":224,"href":"https:\/\/eventos.ifg.edu.br\/semaf\/wp-json\/wp\/v2\/pages\/51\/revisions\/224"}],"wp:attachment":[{"href":"https:\/\/eventos.ifg.edu.br\/semaf\/wp-json\/wp\/v2\/media?parent=51"}],"curies":[{"name":"wp","href":"https:\/\/api.w.org\/{rel}","templated":true}]}}