{"id":48,"date":"2025-08-06T10:08:21","date_gmt":"2025-08-06T13:08:21","guid":{"rendered":"https:\/\/eventos.ifg.edu.br\/semaf\/?page_id=48"},"modified":"2025-09-09T20:01:33","modified_gmt":"2025-09-09T23:01:33","slug":"inscricoes","status":"publish","type":"page","link":"https:\/\/eventos.ifg.edu.br\/semaf\/inscricoes\/","title":{"rendered":"Inscri\u00e7\u00f5es"},"content":{"rendered":"\n<p>As inscri\u00e7\u00f5es para a XVI Semana da Matem\u00e1tica e VII Semana da F\u00edsica do IFG\/Campus Goi\u00e2nia estar\u00e3o abertas at\u00e9 o dia 20\/10\/2025 por meio do portal de eventos do Instituto Federal de Goi\u00e1s. Acesse o link e fa\u00e7a sua inscri\u00e7\u00e3o.<\/p>\n\n\n\n<div class=\"wp-block-buttons is-layout-flex wp-block-buttons-is-layout-flex\">\n<div class=\"wp-block-button\"><a class=\"wp-block-button__link wp-element-button\" href=\"https:\/\/sugep.ifg.edu.br\/eventos\/\/#\/publico\/eventos\/aba08713-ec21-4b6e-a35c-ba67fb7e1a87\/inscricao\">Portal SUGEP<\/a><\/div>\n<\/div>\n\n\n\n<p><\/p>\n","protected":false},"excerpt":{"rendered":"<p>As inscri\u00e7\u00f5es para a XVI Semana da Matem\u00e1tica e VII Semana da F\u00edsica do IFG\/Campus Goi\u00e2nia estar\u00e3o abertas at\u00e9 o dia 20\/10\/2025 por meio do portal de eventos do Instituto Federal de Goi\u00e1s. Acesse o link e fa\u00e7a sua inscri\u00e7\u00e3o.<\/p>\n","protected":false},"author":221,"featured_media":0,"parent":0,"menu_order":0,"comment_status":"closed","ping_status":"closed","template":"","meta":{"ngg_post_thumbnail":0,"footnotes":""},"class_list":["post-48","page","type-page","status-publish","hentry"],"_links":{"self":[{"href":"https:\/\/eventos.ifg.edu.br\/semaf\/wp-json\/wp\/v2\/pages\/48"}],"collection":[{"href":"https:\/\/eventos.ifg.edu.br\/semaf\/wp-json\/wp\/v2\/pages"}],"about":[{"href":"https:\/\/eventos.ifg.edu.br\/semaf\/wp-json\/wp\/v2\/types\/page"}],"author":[{"embeddable":true,"href":"https:\/\/eventos.ifg.edu.br\/semaf\/wp-json\/wp\/v2\/users\/221"}],"replies":[{"embeddable":true,"href":"https:\/\/eventos.ifg.edu.br\/semaf\/wp-json\/wp\/v2\/comments?post=48"}],"version-history":[{"count":4,"href":"https:\/\/eventos.ifg.edu.br\/semaf\/wp-json\/wp\/v2\/pages\/48\/revisions"}],"predecessor-version":[{"id":213,"href":"https:\/\/eventos.ifg.edu.br\/semaf\/wp-json\/wp\/v2\/pages\/48\/revisions\/213"}],"wp:attachment":[{"href":"https:\/\/eventos.ifg.edu.br\/semaf\/wp-json\/wp\/v2\/media?parent=48"}],"curies":[{"name":"wp","href":"https:\/\/api.w.org\/{rel}","templated":true}]}}