{"id":46,"date":"2025-08-06T10:07:57","date_gmt":"2025-08-06T13:07:57","guid":{"rendered":"https:\/\/eventos.ifg.edu.br\/semaf\/?page_id=46"},"modified":"2025-10-21T22:43:33","modified_gmt":"2025-10-22T01:43:33","slug":"programacao","status":"publish","type":"page","link":"https:\/\/eventos.ifg.edu.br\/semaf\/programacao\/","title":{"rendered":"Programa\u00e7\u00e3o"},"content":{"rendered":"\n<p><\/p>\n\n\n\n<div class=\"wp-block-buttons is-layout-flex wp-block-buttons-is-layout-flex\">\n<div class=\"wp-block-button\"><a class=\"wp-block-button__link wp-element-button\">20\/10\/2025<\/a><\/div>\n<\/div>\n\n\n\n<details class=\"wp-block-details is-layout-flow wp-block-details-is-layout-flow\"><summary><br><strong>12h30<\/strong> Credenciamento e acolhida<br><strong>13h15<\/strong> Abertura<br><strong>14h00<\/strong> <strong>Palestra:<\/strong> &#8220;Como os f\u00e9rmions de Majorana chegaram ao chip de computa\u00e7\u00e3o da Microsoft&#8221;<br>Palestrante: Prof. Dr. Carlos Alberto dos Santos (UFGRS)<br><strong>16h30<\/strong> <strong>Palestra:<\/strong> Do Conceito \u00e0 Pr\u00e1tica: &#8220;An\u00e1lise e produ\u00e7\u00e3o de materiais did\u00e1ticos sob uma perspectiva inclusiva e bil\u00edngue de surdos&#8221;<br>Palestrante: Prof.\u00aa Dra. Kate Mamhy Oliveira Kumada &nbsp;(UFABC)<\/summary>\n<p><\/p>\n<\/details>\n\n\n\n<div class=\"wp-block-buttons is-layout-flex wp-block-buttons-is-layout-flex\">\n<div class=\"wp-block-button\"><a class=\"wp-block-button__link wp-element-button\">21\/10\/2025<\/a><\/div>\n<\/div>\n\n\n\n<details class=\"wp-block-details is-layout-flow wp-block-details-is-layout-flow\"><summary><br><strong>13h30<\/strong> Comunica\u00e7\u00f5es Orais<br><strong>14h30<\/strong> Palestra: &#8220;Est\u00e1gio Curricular Obrigat\u00f3rio na Licenciatura em Matem\u00e1tica&#8221;<br>Palestrante: Prof.\u00aa Dra. Maria Marta Silva &nbsp;(UEG)<br><strong>16h30<\/strong> Oficinas e Minicursos<\/summary>\n<p><\/p>\n<\/details>\n\n\n\n<div class=\"wp-block-buttons is-layout-flex wp-block-buttons-is-layout-flex\">\n<div class=\"wp-block-button\"><a class=\"wp-block-button__link wp-element-button\">22\/10\/2025<\/a><\/div>\n<\/div>\n\n\n\n<details class=\"wp-block-details is-layout-flow wp-block-details-is-layout-flow\"><summary><br><strong>13h30<\/strong> Comunica\u00e7\u00f5es Orais<br><strong>14h30<\/strong> Oficinas e Minicursos<br><strong>16h30<\/strong> <strong>Palestra:<\/strong> &#8220;Investigando os padr\u00f5es de precipita\u00e7\u00e3o no Cerrado goiano com a Transformada de Hilbert-Huang&#8221;<br>Palestrantes: Prof. Dr. Uender Barbosa de Souza (IFG) e Marluce Roberta C. Barbosa (IFG)<\/summary>\n<p><\/p>\n<\/details>\n\n\n\n<div class=\"wp-block-buttons is-layout-flex wp-block-buttons-is-layout-flex\">\n<div class=\"wp-block-button\"><a class=\"wp-block-button__link wp-element-button\">23\/10\/2025<\/a><\/div>\n<\/div>\n\n\n\n<details class=\"wp-block-details is-layout-flow wp-block-details-is-layout-flow\"><summary><br><strong>13h00<\/strong> Apresenta\u00e7\u00e3o de P\u00f4steres<br><strong>14h00 Palestra:<\/strong> &#8220;Intelig\u00eancia Artificial e Matem\u00e1tica: desafios e possibilidades no ensino e gest\u00e3o pedag\u00f3gica&#8221;<br>Palestrantes: Prof.\u00aa Dra. Cl\u00e1udia Helena dos Santos Ara\u00fajo (IFG) e Prof.\u00aa Dra. Moema Gomes Moraes (UFG)<br><strong>16h30<\/strong> Mesa Redonda com Egressos e Professores Aposentados<\/summary>\n<p><\/p>\n<\/details>\n\n\n\n<p><\/p>\n","protected":false},"excerpt":{"rendered":"","protected":false},"author":221,"featured_media":0,"parent":0,"menu_order":0,"comment_status":"closed","ping_status":"closed","template":"","meta":{"ngg_post_thumbnail":0,"footnotes":""},"class_list":["post-46","page","type-page","status-publish","hentry"],"_links":{"self":[{"href":"https:\/\/eventos.ifg.edu.br\/semaf\/wp-json\/wp\/v2\/pages\/46"}],"collection":[{"href":"https:\/\/eventos.ifg.edu.br\/semaf\/wp-json\/wp\/v2\/pages"}],"about":[{"href":"https:\/\/eventos.ifg.edu.br\/semaf\/wp-json\/wp\/v2\/types\/page"}],"author":[{"embeddable":true,"href":"https:\/\/eventos.ifg.edu.br\/semaf\/wp-json\/wp\/v2\/users\/221"}],"replies":[{"embeddable":true,"href":"https:\/\/eventos.ifg.edu.br\/semaf\/wp-json\/wp\/v2\/comments?post=46"}],"version-history":[{"count":10,"href":"https:\/\/eventos.ifg.edu.br\/semaf\/wp-json\/wp\/v2\/pages\/46\/revisions"}],"predecessor-version":[{"id":259,"href":"https:\/\/eventos.ifg.edu.br\/semaf\/wp-json\/wp\/v2\/pages\/46\/revisions\/259"}],"wp:attachment":[{"href":"https:\/\/eventos.ifg.edu.br\/semaf\/wp-json\/wp\/v2\/media?parent=46"}],"curies":[{"name":"wp","href":"https:\/\/api.w.org\/{rel}","templated":true}]}}