{"id":261,"date":"2025-11-21T14:54:06","date_gmt":"2025-11-21T17:54:06","guid":{"rendered":"https:\/\/eventos.ifg.edu.br\/semaf\/?page_id=261"},"modified":"2025-11-21T14:54:06","modified_gmt":"2025-11-21T17:54:06","slug":"anais","status":"publish","type":"page","link":"https:\/\/eventos.ifg.edu.br\/semaf\/anais\/","title":{"rendered":"Anais"},"content":{"rendered":"\n<p><br>\u00c9 com grande satisfa\u00e7\u00e3o que apresentamos os Anais da XVI Semana da Licenciatura em Matem\u00e1tica e VII Semana da F\u00edsica, evento realizado entre os dias 20 e 23 de outubro, que, nesta edi\u00e7\u00e3o, ocorreu concomitantemente \u00e0 Semana Nacional de Ci\u00eancia e Tecnologia. O evento reafirma o compromisso da comunidade acad\u00eamica em promover a integra\u00e7\u00e3o entre ensino, pesquisa e extens\u00e3o nas \u00e1reas da Matem\u00e1tica e F\u00edsica.<\/p>\n\n\n\n<p><\/p>\n\n\n\n<div class=\"wp-block-buttons is-layout-flex wp-block-buttons-is-layout-flex\">\n<div class=\"wp-block-button\"><a class=\"wp-block-button__link wp-element-button\" href=\"https:\/\/drive.google.com\/file\/d\/10LTT_Nu8-10yHWNy6evBhru21wgiQNyX\/view?usp=sharing\">Anais de Matem\u00e1tica<\/a><\/div>\n\n\n\n<div class=\"wp-block-button\"><a class=\"wp-block-button__link wp-element-button\" href=\"https:\/\/drive.google.com\/file\/d\/1RVZLy2llLLuMV8DdcTtKG_zMEr86-bhJ\/view?usp=sharing\">Anais de F\u00edsica<\/a><\/div>\n<\/div>\n\n\n\n<p><\/p>\n","protected":false},"excerpt":{"rendered":"<p>\u00c9 com grande satisfa\u00e7\u00e3o que apresentamos os Anais da XVI Semana da Licenciatura em Matem\u00e1tica e VII Semana da F\u00edsica, evento realizado entre os dias 20 e 23 de outubro, que, nesta edi\u00e7\u00e3o, ocorreu concomitantemente \u00e0 Semana Nacional de Ci\u00eancia e Tecnologia. O evento reafirma o compromisso da comunidade acad\u00eamica em promover a integra\u00e7\u00e3o entre <a class=\"more-link\" href=\"https:\/\/eventos.ifg.edu.br\/semaf\/anais\/\">Leia mais&#8230; &raquo;<\/a><\/p>\n","protected":false},"author":220,"featured_media":0,"parent":0,"menu_order":0,"comment_status":"closed","ping_status":"closed","template":"","meta":{"ngg_post_thumbnail":0,"footnotes":""},"class_list":["post-261","page","type-page","status-publish","hentry"],"_links":{"self":[{"href":"https:\/\/eventos.ifg.edu.br\/semaf\/wp-json\/wp\/v2\/pages\/261"}],"collection":[{"href":"https:\/\/eventos.ifg.edu.br\/semaf\/wp-json\/wp\/v2\/pages"}],"about":[{"href":"https:\/\/eventos.ifg.edu.br\/semaf\/wp-json\/wp\/v2\/types\/page"}],"author":[{"embeddable":true,"href":"https:\/\/eventos.ifg.edu.br\/semaf\/wp-json\/wp\/v2\/users\/220"}],"replies":[{"embeddable":true,"href":"https:\/\/eventos.ifg.edu.br\/semaf\/wp-json\/wp\/v2\/comments?post=261"}],"version-history":[{"count":3,"href":"https:\/\/eventos.ifg.edu.br\/semaf\/wp-json\/wp\/v2\/pages\/261\/revisions"}],"predecessor-version":[{"id":264,"href":"https:\/\/eventos.ifg.edu.br\/semaf\/wp-json\/wp\/v2\/pages\/261\/revisions\/264"}],"wp:attachment":[{"href":"https:\/\/eventos.ifg.edu.br\/semaf\/wp-json\/wp\/v2\/media?parent=261"}],"curies":[{"name":"wp","href":"https:\/\/api.w.org\/{rel}","templated":true}]}}