{"id":182,"date":"2025-08-15T10:00:11","date_gmt":"2025-08-15T13:00:11","guid":{"rendered":"https:\/\/eventos.ifg.edu.br\/semaf\/?page_id=182"},"modified":"2025-09-15T13:33:02","modified_gmt":"2025-09-15T16:33:02","slug":"guia-do-participante","status":"publish","type":"page","link":"https:\/\/eventos.ifg.edu.br\/semaf\/guia-do-participante\/","title":{"rendered":"Guia do Participante"},"content":{"rendered":"\n<p>Esta p\u00e1gina re\u00fane todas as informa\u00e7\u00f5es necess\u00e1rias para que voc\u00ea participe da <strong>XVI Semana da Licenciatura em Matem\u00e1tica e VII Semana da F\u00edsica<\/strong> com tranquilidade. Aqui voc\u00ea encontrar\u00e1 orienta\u00e7\u00f5es passo a passo para preparar e submeter seu trabalho, tutoriais para utilizar os modelos no Overleaf ou no Word, instru\u00e7\u00f5es sobre prazos, dicas para evitar erros comuns e links \u00fateis. Nosso objetivo \u00e9 oferecer um guia r\u00e1pido e pr\u00e1tico para que autores, palestrantes e participantes tenham \u00e0 m\u00e3o tudo o que precisam antes e durante o evento.<\/p>\n\n\n\n<div class=\"wp-block-buttons is-content-justification-left is-layout-flex wp-container-core-buttons-is-layout-1 wp-block-buttons-is-layout-flex\">\n<div class=\"wp-block-button\"><a class=\"wp-block-button__link wp-element-button\" href=\"https:\/\/eventos.ifg.edu.br\/semaf\/2025\/08\/15\/passo-a-passo-para-usar-os-modelos-no-overleaf\/\"><strong>Passo a passo para quem for usar os modelos em LaTeX no Overleaf<\/strong><\/a><\/div>\n<\/div>\n\n\n\n<p><\/p>\n","protected":false},"excerpt":{"rendered":"<p>Esta p\u00e1gina re\u00fane todas as informa\u00e7\u00f5es necess\u00e1rias para que voc\u00ea participe da XVI Semana da Licenciatura em Matem\u00e1tica e VII Semana da F\u00edsica com tranquilidade. Aqui voc\u00ea encontrar\u00e1 orienta\u00e7\u00f5es passo a passo para preparar e submeter seu trabalho, tutoriais para utilizar os modelos no Overleaf ou no Word, instru\u00e7\u00f5es sobre prazos, dicas para evitar erros <a class=\"more-link\" href=\"https:\/\/eventos.ifg.edu.br\/semaf\/guia-do-participante\/\">Leia mais&#8230; &raquo;<\/a><\/p>\n","protected":false},"author":221,"featured_media":0,"parent":0,"menu_order":0,"comment_status":"closed","ping_status":"closed","template":"","meta":{"ngg_post_thumbnail":0,"footnotes":""},"class_list":["post-182","page","type-page","status-publish","hentry"],"_links":{"self":[{"href":"https:\/\/eventos.ifg.edu.br\/semaf\/wp-json\/wp\/v2\/pages\/182"}],"collection":[{"href":"https:\/\/eventos.ifg.edu.br\/semaf\/wp-json\/wp\/v2\/pages"}],"about":[{"href":"https:\/\/eventos.ifg.edu.br\/semaf\/wp-json\/wp\/v2\/types\/page"}],"author":[{"embeddable":true,"href":"https:\/\/eventos.ifg.edu.br\/semaf\/wp-json\/wp\/v2\/users\/221"}],"replies":[{"embeddable":true,"href":"https:\/\/eventos.ifg.edu.br\/semaf\/wp-json\/wp\/v2\/comments?post=182"}],"version-history":[{"count":4,"href":"https:\/\/eventos.ifg.edu.br\/semaf\/wp-json\/wp\/v2\/pages\/182\/revisions"}],"predecessor-version":[{"id":214,"href":"https:\/\/eventos.ifg.edu.br\/semaf\/wp-json\/wp\/v2\/pages\/182\/revisions\/214"}],"wp:attachment":[{"href":"https:\/\/eventos.ifg.edu.br\/semaf\/wp-json\/wp\/v2\/media?parent=182"}],"curies":[{"name":"wp","href":"https:\/\/api.w.org\/{rel}","templated":true}]}}