{"id":28,"date":"2019-10-11T10:36:00","date_gmt":"2019-10-11T13:36:00","guid":{"rendered":"http:\/\/eventos.ifg.edu.br\/seemifg\/?page_id=28"},"modified":"2019-11-19T15:30:02","modified_gmt":"2019-11-19T18:30:02","slug":"mesa-redonda","status":"publish","type":"page","link":"https:\/\/eventos.ifg.edu.br\/seemifg\/mesa-redonda\/","title":{"rendered":"Mesa Redonda: Perspectivas"},"content":{"rendered":"<p style=\"text-align: justify\"><img fetchpriority=\"high\" decoding=\"async\" class=\"alignnone size-full wp-image-37\" src=\"http:\/\/eventos.ifg.edu.br\/seemifg\/wp-content\/uploads\/sites\/52\/2019\/10\/mesa-redonda.jpg\" alt=\"mesa-redonda\" width=\"1600\" height=\"1200\" \/><br \/>\nA mesa redonda \u00e9 um evento onde se \u00e9 debatida uma tem\u00e1tica\u00a0 com pessoas que tem experi\u00eancia no assunto e nesse grupo de pessoas cada integrante pode expressar seus pensamentos livremente, expondo suas opini\u00f5es. Isso faz com que uma mesa redonda sirva para ampliar conhecimentos, discutir conceitos, dar dire\u00e7\u00f5es novas sobre um determinado assunto para as pessoas que participam.<\/p>\n<p style=\"text-align: justify\">Os convidados\u00a0expoem seus pontos de vista e depois cedem espa\u00e7o para as d\u00favidas e quest\u00f5es da plat\u00e9ia.<\/p>\n<p style=\"text-align: justify\">Nossa mesa redonda contar\u00e1 com egressos do IFG, para\u00a0discutir sobre como est\u00e1 o mercado atualmente para nossa \u00e1rea, o que eles encontraram l\u00e1 fora, perspectivas etc!<\/p>\n<p>&nbsp;<\/p>\n","protected":false},"excerpt":{"rendered":"<p>A mesa redonda \u00e9 um evento onde se \u00e9 debatida uma tem\u00e1tica\u00a0 com pessoas que tem experi\u00eancia no assunto e nesse grupo de pessoas cada integrante pode expressar seus pensamentos livremente, expondo suas opini\u00f5es. Isso faz com que uma mesa <a class=\"more-link\" href=\"https:\/\/eventos.ifg.edu.br\/seemifg\/mesa-redonda\/\">Leia mais&#8230; &raquo;<\/a><\/p>\n","protected":false},"author":114,"featured_media":113,"parent":0,"menu_order":0,"comment_status":"closed","ping_status":"closed","template":"","meta":{"footnotes":""},"class_list":["post-28","page","type-page","status-publish","has-post-thumbnail","hentry"],"_links":{"self":[{"href":"https:\/\/eventos.ifg.edu.br\/seemifg\/wp-json\/wp\/v2\/pages\/28"}],"collection":[{"href":"https:\/\/eventos.ifg.edu.br\/seemifg\/wp-json\/wp\/v2\/pages"}],"about":[{"href":"https:\/\/eventos.ifg.edu.br\/seemifg\/wp-json\/wp\/v2\/types\/page"}],"author":[{"embeddable":true,"href":"https:\/\/eventos.ifg.edu.br\/seemifg\/wp-json\/wp\/v2\/users\/114"}],"replies":[{"embeddable":true,"href":"https:\/\/eventos.ifg.edu.br\/seemifg\/wp-json\/wp\/v2\/comments?post=28"}],"version-history":[{"count":9,"href":"https:\/\/eventos.ifg.edu.br\/seemifg\/wp-json\/wp\/v2\/pages\/28\/revisions"}],"predecessor-version":[{"id":105,"href":"https:\/\/eventos.ifg.edu.br\/seemifg\/wp-json\/wp\/v2\/pages\/28\/revisions\/105"}],"wp:featuredmedia":[{"embeddable":true,"href":"https:\/\/eventos.ifg.edu.br\/seemifg\/wp-json\/wp\/v2\/media\/113"}],"wp:attachment":[{"href":"https:\/\/eventos.ifg.edu.br\/seemifg\/wp-json\/wp\/v2\/media?parent=28"}],"curies":[{"name":"wp","href":"https:\/\/api.w.org\/{rel}","templated":true}]}}