{"id":24,"date":"2019-10-11T10:24:22","date_gmt":"2019-10-11T13:24:22","guid":{"rendered":"http:\/\/eventos.ifg.edu.br\/seemifg\/?page_id=24"},"modified":"2019-11-19T17:48:45","modified_gmt":"2019-11-19T20:48:45","slug":"palestrantes","status":"publish","type":"page","link":"https:\/\/eventos.ifg.edu.br\/seemifg\/palestrantes\/","title":{"rendered":"Palestrantes e ministradores dos minicursos"},"content":{"rendered":"<h1 class=\"heading name\" style=\"text-align: justify\"><\/h1>\n<h2 class=\"heading name\" style=\"text-align: justify\">Marco Aur\u00e9lio Braz\u00e3o Costa Badan<\/h2>\n<p style=\"text-align: justify\"><img decoding=\"async\" class=\"alignnone size-full wp-image-75\" src=\"http:\/\/eventos.ifg.edu.br\/seemifg\/wp-content\/uploads\/sites\/52\/2019\/10\/WhatsApp-Image-2019-10-11-at-16.31.35-6.jpeg\" alt=\"WhatsApp Image 2019-10-11 at 16.31.35 (6)\" width=\"125\" height=\"169\" \/><\/p>\n<p style=\"text-align: justify\">Possui gradua\u00e7\u00e3o em Engenharia Mec\u00e2nica pela Universidade de Bras\u00edlia (1989), Mestrado (2010) e Doutorado (2015) pela Universidade Federal de Uberl\u00e2ndia.<\/p>\n<p style=\"text-align: justify\">Atualmente \u00e9 professor efetivo no IFG &#8211; Instituto Federal de Educa\u00e7\u00e3o, Ci\u00eancia e Tecnologia de Goi\u00e1s &#8211; Campus Goi\u00e2nia, onde desenvolve atividades de ensino, pesquisa e extens\u00e3o.<\/p>\n<p style=\"text-align: justify\">Possui experi\u00eancia em Engenharia Mec\u00e2nica, com \u00eanfase em: desenhos de m\u00e1quinas, projetos mec\u00e2nicos e din\u00e2mica, atuando principalmente nos seguintes temas: simula\u00e7\u00f5es num\u00e9ricas, otimiza\u00e7\u00e3o de sistemas mec\u00e2nicos, planejamento experimental, redes neurais, ac\u00fastica, vibra\u00e7\u00f5es e an\u00e1lise modal.<\/p>\n<h2 class=\"heading name\" style=\"text-align: justify\">Celso Faria de Souza<\/h2>\n<p style=\"text-align: justify\"><img decoding=\"async\" class=\"alignnone size-full wp-image-93\" src=\"http:\/\/eventos.ifg.edu.br\/seemifg\/wp-content\/uploads\/sites\/52\/2019\/10\/WhatsApp-Image-2019-10-11-at-16.31.35-4-1.jpeg\" alt=\"WhatsApp Image 2019-10-11 at 16.31.35 (4)\" width=\"110\" height=\"169\" \/><\/p>\n<p style=\"text-align: justify\">Possui gradua\u00e7\u00e3o em Engenharia Mec\u00e2nica Aeron\u00e1utica pelo Instituto Tecnol\u00f3gico de Aeron\u00e1utica (2000).<\/p>\n<p style=\"text-align: justify\">Atualmente \u00e9 Gerente de Engenharia e Manuten\u00e7\u00e3o da Alian\u00e7a Avia\u00e7\u00e3o LTDA.<\/p>\n<h2 class=\"heading name\" style=\"text-align: justify\">Virg\u00edlio Alexandre Gra\u00e7a Marques da Costa<\/h2>\n<p style=\"text-align: justify\">Engenheiro Mec\u00e2nico com especializa\u00e7\u00e3o em Manuten\u00e7\u00e3o Aeron\u00e1utica de Motores, H\u00e9lices, C\u00e9lulas e em END (Ensaios N\u00e3o Destrutivos). Especializado em manuten\u00e7\u00e3o preventiva e preditiva.<\/p>\n<h2 class=\"heading name\" style=\"text-align: justify\">\u00c9cio Naves Duarte<\/h2>\n<p style=\"text-align: justify\"><img decoding=\"async\" class=\"alignnone size-full wp-image-65\" src=\"http:\/\/eventos.ifg.edu.br\/seemifg\/wp-content\/uploads\/sites\/52\/2019\/10\/WhatsApp-Image-2019-10-11-at-16.57.45-2.jpeg\" alt=\"WhatsApp Image 2019-10-11 at 16.57.45\" width=\"169\" height=\"140\" \/><\/p>\n<p style=\"text-align: justify\">Graduado em Engenharia Mec\u00e2nica pela Universidade Federal de Uberl\u00e2ndia &#8211; UFU (1994), mestre em Engenharia Mec\u00e2nica pela Universidade Federal de Uberl\u00e2ndia (2003) &#8211; CONCEITO 7 &#8211; doutor em Engenharia Mec\u00e2nica pela Universidade Federal de Uberl\u00e2ndia &#8211; CONCEITO 7, com est\u00e1gio de doutorando (PDEE) concedido pela CAPES e desenvolvido na Universidade Polit\u00e9cnica da Catalunha (UPC), em Barcelona, Espanha.<\/p>\n<p style=\"text-align: justify\">\u00c9 p\u00f3s-doutor em Engenharia Mec\u00e2nica pelo Centro Internacional de M\u00e9todos Num\u00e9ricos em Engenharia (CIMNE), da UPC, em Barcelona, Espanha.<\/p>\n<p style=\"text-align: justify\">Atualmente, \u00e9 professor do curso de engenharia mec\u00e2nica do IFG, onde coordena o acordo internacional de coopera\u00e7\u00e3o cient\u00edfica com o Centro Internacional de M\u00e9todos Num\u00e9ricos em Engenharia (CIMNE) da Universidade Polit\u00e9cnica da Catalunha (UPC).<\/p>\n<p style=\"text-align: justify\"><span style=\"font-size: 1.5rem\">Pesquisa principalmente os seguintes temas: m\u00e9todos computacionais, conforma\u00e7\u00e3o mec\u00e2nica, revestimento, contato, freios de estampagem, crimpagem.<\/span><\/p>\n<h2 class=\"heading name\" style=\"text-align: justify\">Ricardo Vitoy<\/h2>\n<p style=\"text-align: justify\"><img loading=\"lazy\" decoding=\"async\" class=\"alignnone size-full wp-image-53\" src=\"http:\/\/eventos.ifg.edu.br\/seemifg\/wp-content\/uploads\/sites\/52\/2019\/10\/WhatsApp-Image-2019-10-11-at-16.31.35-3-1.jpeg\" alt=\"WhatsApp Image 2019-10-11 at 16.31.35 (3)\" width=\"165\" height=\"165\" \/><\/p>\n<p style=\"text-align: justify\">Possui gradua\u00e7\u00e3o em Engenharia Mec\u00e2nica pela Universidade Federal de Santa Catarina (1993) e mestrado em Engenharia Mec\u00e2nica pela Universidade Federal de Santa Catarina (1998).<\/p>\n<p style=\"text-align: justify\">Atualmente \u00e9 consultor &#8211; MUSA IND\u00daSTRIA E COM\u00c9RICO DE ALIMENTOS LTDA, engenheiro &#8211; TRAVAGLIA ENGENHARIA LTDA, prof especializa\u00e7\u00e3o em avalia\u00e7\u00f5es e per\u00edcias do Instituto de P\u00f3s-Gradua\u00e7\u00e3o e Gradua\u00e7\u00e3o, professor de p\u00f3s gradua\u00e7\u00e3o do Instituto de P\u00f3s-Gradua\u00e7\u00e3o e Gradua\u00e7\u00e3o, professor do Instituto Federal de Educa\u00e7\u00e3o, Ci\u00eancia e Tecnologia de Goi\u00e1s (IFG) e professor licenciado do ensino superior da Pontif\u00edcia Universidade Cat\u00f3lica de Goi\u00e1s.<\/p>\n<p style=\"text-align: justify\">Tem experi\u00eancia em Engenharia Mec\u00e2nica, atuando principalmente nos seguintes temas: avalia\u00e7\u00e3o, mec\u00e2nica dos fluidos, projeto e processamento industrial.<\/p>\n<h2 class=\"heading name\" style=\"text-align: justify\">Marcus Antonio Viana Duarte<\/h2>\n<p style=\"text-align: justify\">Possui gradua\u00e7\u00e3o em Engenharia Mec\u00e2nica pela Universidade Federal de Uberl\u00e2ndia (1982), mestrado em Engenharia Mec\u00e2nica pela Universidade Federal de Santa Catarina (1985) e doutorado em Engenharia Mec\u00e2nica pela Universidade Estadual de Campinas (1994).<\/p>\n<p style=\"text-align: justify\">Atualmente \u00e9 Docente da Universidade Federal de Uberl\u00e2ndia, Revisor de peri\u00f3dico da Journal of the Brazilian Society of Mechanical Sciences and Engineering (Im, Revisor de peri\u00f3dico da Applied Acoustics, Revisor de peri\u00f3dico da Journal of Quality in Maintenance Engineering e Revisor de peri\u00f3dico da MECHANICAL SYSTEMS AND SIGNAL PROCESSING.<\/p>\n<p style=\"text-align: justify\">Tem experi\u00eancia na \u00e1rea de Engenharia Mec\u00e2nica, com \u00eanfase em Mec\u00e2nica dos S\u00f3lidos. Atuando principalmente nos seguintes temas:ac\u00fastica, Motores Eletricos, Ventiladores Tesla.<\/p>\n<h2 class=\"heading name\" style=\"text-align: justify\">Frederico Gomes<\/h2>\n<p style=\"text-align: justify\" align=\"LEFT\">Graduado no tecn\u00f3logo eletromec\u00e2nica Industrial em 2008 no IFG, graduado em Engenharia Mec\u00e2nica pela UNIP em 2017, MBA em Gest\u00e3o Comercial e Intelig\u00eancia de Mercado pelo IPOG.<\/p>\n<p style=\"text-align: justify\" align=\"LEFT\">Possui 11 anos de experi\u00eancia T\u00e9cnico\/Comercial em empresas de grande porte do seguimento de lubrificantes, com atua\u00e7\u00e3o regional ,nacional e multinacional.<\/p>\n<p style=\"text-align: justify\" align=\"LEFT\">Atualmente \u00e9 assessor S\u00eanior PETRONAS LUBRIFICANTES, respons\u00e1vel pela gest\u00e3o de grandes contas de consumidores finais do Centro Oeste e Tri\u00e2ngulo Mineiro<\/p>\n<h2 class=\"heading name\" style=\"text-align: justify\">Jose Luiz Oliveira Pena<\/h2>\n<p style=\"text-align: justify\"><img loading=\"lazy\" decoding=\"async\" class=\"alignnone size-full wp-image-45\" src=\"http:\/\/eventos.ifg.edu.br\/seemifg\/wp-content\/uploads\/sites\/52\/2019\/10\/WhatsApp-Image-2019-10-11-at-16.31.35.jpeg\" alt=\"WhatsApp Image 2019-10-11 at 16.31.35\" width=\"169\" height=\"165\" \/><\/p>\n<p style=\"text-align: justify\">Possui gradua\u00e7\u00e3o em Engenharia Mec\u00e2nica pela Universidade Federal de Uberl\u00e2ndia (1988), mestrado em Engenharia Mec\u00e2nica pela Universidade Federal de Uberl\u00e2ndia (1996) e doutorado em Engenharia Mec\u00e2nica pela Universidade Federal de Uberl\u00e2ndia (2003).<\/p>\n<p style=\"text-align: justify\">Atualmente \u00e9 professor\u00a0do Instituto Federal de Educa\u00e7\u00e3o, Ci\u00eancia e Tecnologia de Goi\u00e1s (IFG).<\/p>\n<p style=\"text-align: justify\">Tem experi\u00eancia na \u00e1rea de Engenharia Mec\u00e2nica, com \u00eanfase em Controle de Qualidade na Fabrica\u00e7\u00e3o Via An\u00e1lise de Sinais, atuando principalmente nos seguintes temas: an\u00e1lise de sinais, vibra\u00e7\u00f5es, simula\u00e7\u00e3o num\u00e9rica.<\/p>\n<h2 class=\"heading name\" style=\"text-align: justify\">Ronay de Andrade Pereira<\/h2>\n<p style=\"text-align: justify\"><img loading=\"lazy\" decoding=\"async\" class=\"alignnone size-full wp-image-51\" src=\"http:\/\/eventos.ifg.edu.br\/seemifg\/wp-content\/uploads\/sites\/52\/2019\/10\/WhatsApp-Image-2019-10-11-at-17.29.08-2.jpeg\" alt=\"WhatsApp Image 2019-10-11 at 17.29.08\" width=\"166\" height=\"165\" \/><\/p>\n<p style=\"text-align: justify\">Possui gradua\u00e7\u00e3o em Engenharia Mec\u00e2nica pela Universidade Federal de Uberl\u00e2ndia (1992).<\/p>\n<p style=\"text-align: justify\">Atualmente \u00e9 professor de 1\u00ba e 2\u00ba graus do IFG- Instituto Federal de Goi\u00e1s.<\/p>\n<p style=\"text-align: justify\">Tem experi\u00eancia na \u00e1rea de Engenharia Mec\u00e2nica, com \u00eanfase em Engenharia T\u00e9rmica- Sistemas de Refrigera\u00e7\u00e3o e Ar Condicionado e M\u00e1quinas T\u00e9rmicas como Compressores , Turbinas e Motores a Combust\u00e3o Interna.<\/p>\n<h2 class=\"heading name\" style=\"text-align: justify\">Eider L\u00facio de Oliveira<\/h2>\n<p style=\"text-align: justify\"><img loading=\"lazy\" decoding=\"async\" class=\"alignnone size-full wp-image-55\" src=\"http:\/\/eventos.ifg.edu.br\/seemifg\/wp-content\/uploads\/sites\/52\/2019\/10\/WhatsApp-Image-2019-10-11-at-16.41.42.jpeg\" alt=\"WhatsApp Image 2019-10-11 at 16.41.42\" width=\"169\" height=\"156\" \/><\/p>\n<p style=\"text-align: justify\">Possui gradua\u00e7\u00e3o em Engenharia El\u00e9trica pela Universidade Federal de Goi\u00e1s (1994), mestrado em Engenharia El\u00e9trica pela Universidade Federal de Santa Catarina (1997) e doutorado em Engenharia Mec\u00e2nica (ac\u00fastica) pela Universidade Federal de Uberl\u00e2ndia.<\/p>\n<p style=\"text-align: justify\">Atualmente \u00e9 professor efetivo do Instituto Federal de Educa\u00e7\u00e3o, Ci\u00eancia e Tecnologia de Goi\u00e1s (IFG).<\/p>\n<p style=\"text-align: justify\">Tem experi\u00eancia na \u00e1rea de ac\u00fastica, controle ativo de ru\u00eddos, processamento digital de sinais e microcontroladores. Desenvolve pesquisa com foco em Controle Ativo de Ru\u00eddo.<\/p>\n<h2 class=\"heading name\">Arquimedes Lopes da Silva<\/h2>\n<p><img loading=\"lazy\" decoding=\"async\" class=\"alignnone size-full wp-image-96\" src=\"http:\/\/eventos.ifg.edu.br\/seemifg\/wp-content\/uploads\/sites\/52\/2019\/10\/Screenshot_2-2.png\" alt=\"Screenshot_2\" width=\"169\" height=\"160\" \/><\/p>\n<p style=\"text-align: justify\">Possui gradua\u00e7\u00e3o na \u00e1rea de Engenharia El\u00e9trica pela Universidade Federal de Goi\u00e1s (1989), mestrado (2000) e doutorado (2006) em Engenharia El\u00e9trica pela Universidade Federal de Uberl\u00e2ndia, com enf\u00e2se em Computa\u00e7\u00e3o Gr\u00e1fica.<\/p>\n<p style=\"text-align: justify\">Professor do Instituto Federal de Educa\u00e7\u00e3o, Ci\u00eancia e Tecnologia do Estado de Goi\u00e1s (IFG) e Engenheiro Eletricista.<\/p>\n<p style=\"text-align: justify\">Tem experi\u00eancia na \u00e1rea de Teoria Geral dos Circuitos El\u00e9tricos, projetos de instala\u00e7\u00f5es el\u00e9tricas e desenvolvimento em computa\u00e7\u00e3o cient\u00edfica e comercial. Leciona disciplinas em cursos t\u00e9cnicos, de gradua\u00e7\u00e3o e p\u00f3s-gradua\u00e7\u00e3o nas \u00e1rea de Engenharia El\u00e9trica e de Informa\u00e7\u00e3o e Comunica\u00e7\u00e3o, Efici\u00eancia Energ\u00e9tica e Compatibiliza\u00e7\u00e3o de Projetos em Edif\u00edcios.<\/p>\n<p>&nbsp;<\/p>\n","protected":false},"excerpt":{"rendered":"<p>Marco Aur\u00e9lio Braz\u00e3o Costa Badan Possui gradua\u00e7\u00e3o em Engenharia Mec\u00e2nica pela Universidade de Bras\u00edlia (1989), Mestrado (2010) e Doutorado (2015) pela Universidade Federal de Uberl\u00e2ndia. Atualmente \u00e9 professor efetivo no IFG &#8211; Instituto Federal de Educa\u00e7\u00e3o, Ci\u00eancia e Tecnologia de <a class=\"more-link\" href=\"https:\/\/eventos.ifg.edu.br\/seemifg\/palestrantes\/\">Leia mais&#8230; &raquo;<\/a><\/p>\n","protected":false},"author":114,"featured_media":117,"parent":0,"menu_order":0,"comment_status":"closed","ping_status":"closed","template":"","meta":{"footnotes":""},"class_list":["post-24","page","type-page","status-publish","has-post-thumbnail","hentry"],"_links":{"self":[{"href":"https:\/\/eventos.ifg.edu.br\/seemifg\/wp-json\/wp\/v2\/pages\/24"}],"collection":[{"href":"https:\/\/eventos.ifg.edu.br\/seemifg\/wp-json\/wp\/v2\/pages"}],"about":[{"href":"https:\/\/eventos.ifg.edu.br\/seemifg\/wp-json\/wp\/v2\/types\/page"}],"author":[{"embeddable":true,"href":"https:\/\/eventos.ifg.edu.br\/seemifg\/wp-json\/wp\/v2\/users\/114"}],"replies":[{"embeddable":true,"href":"https:\/\/eventos.ifg.edu.br\/seemifg\/wp-json\/wp\/v2\/comments?post=24"}],"version-history":[{"count":24,"href":"https:\/\/eventos.ifg.edu.br\/seemifg\/wp-json\/wp\/v2\/pages\/24\/revisions"}],"predecessor-version":[{"id":138,"href":"https:\/\/eventos.ifg.edu.br\/seemifg\/wp-json\/wp\/v2\/pages\/24\/revisions\/138"}],"wp:featuredmedia":[{"embeddable":true,"href":"https:\/\/eventos.ifg.edu.br\/seemifg\/wp-json\/wp\/v2\/media\/117"}],"wp:attachment":[{"href":"https:\/\/eventos.ifg.edu.br\/seemifg\/wp-json\/wp\/v2\/media?parent=24"}],"curies":[{"name":"wp","href":"https:\/\/api.w.org\/{rel}","templated":true}]}}