{"id":22,"date":"2019-10-11T10:23:58","date_gmt":"2019-10-11T13:23:58","guid":{"rendered":"http:\/\/eventos.ifg.edu.br\/seemifg\/?page_id=22"},"modified":"2019-11-25T17:30:18","modified_gmt":"2019-11-25T20:30:18","slug":"minicursos","status":"publish","type":"page","link":"https:\/\/eventos.ifg.edu.br\/seemifg\/minicursos\/","title":{"rendered":"Programa\u00e7\u00e3o"},"content":{"rendered":"<p><img fetchpriority=\"high\" decoding=\"async\" class=\"alignnone size-full wp-image-162\" src=\"http:\/\/eventos.ifg.edu.br\/seemifg\/wp-content\/uploads\/sites\/52\/2019\/10\/PROGRAMA\u00c7\u00c3O-DEFINITIVA4.png\" alt=\"PROGRAMA\u00c7\u00c3O DEFINITIVA4\" width=\"1233\" height=\"1114\" \/><\/p>\n<p>&nbsp;<\/p>\n<p><a href=\"http:\/\/eventos.ifg.edu.br\/seemifg\/wp-content\/uploads\/sites\/52\/2019\/10\/PROGRAMA\u00c7\u00c3O-DEFINITIVA4.png\">Ver imagem em tamanho original<\/a><\/p>\n<div><\/div>\n<div><strong>Minicursos:<\/strong><\/div>\n<p>Link de inscri\u00e7\u00e3o:\u00a0<a href=\"https:\/\/forms.gle\/F9k2hagukNuas2Qn8\">Minicursos<\/a><br \/>\nPer\u00edodo de inscri\u00e7\u00f5es: 19\/11 \u00e0 22\/11<\/p>\n<div><strong>Palestras:<\/strong><\/div>\n<div>Link de inscri\u00e7\u00e3o:\u00a0<a id=\"LPlnk842711\" href=\"https:\/\/sugep.ifg.edu.br\/eventos\/#\/publico\/eventos\/62670a1d-21d3-40a5-a46c-90e73445a1cc\/inscricao\" target=\"_blank\" rel=\"noopener noreferrer\">Palestras<\/a><\/div>\n<div>Per\u00edodo de inscri\u00e7\u00f5es: 20\/11 \u00e0 24\/11<\/div>\n<div><\/div>\n<div><\/div>\n<div>*Ap\u00f3s o per\u00edodo das inscri\u00e7\u00f5es estipulado, se sobrarem vagas haver\u00e1 nova chamada. Fiquem atentos!<\/div>\n","protected":false},"excerpt":{"rendered":"<p>&nbsp; Ver imagem em tamanho original Minicursos: Link de inscri\u00e7\u00e3o:\u00a0Minicursos Per\u00edodo de inscri\u00e7\u00f5es: 19\/11 \u00e0 22\/11 Palestras: Link de inscri\u00e7\u00e3o:\u00a0Palestras Per\u00edodo de inscri\u00e7\u00f5es: 20\/11 \u00e0 24\/11 *Ap\u00f3s o per\u00edodo das inscri\u00e7\u00f5es estipulado, se sobrarem vagas haver\u00e1 nova chamada. Fiquem atentos!<\/p>\n","protected":false},"author":114,"featured_media":111,"parent":0,"menu_order":0,"comment_status":"closed","ping_status":"closed","template":"","meta":{"footnotes":""},"class_list":["post-22","page","type-page","status-publish","has-post-thumbnail","hentry"],"_links":{"self":[{"href":"https:\/\/eventos.ifg.edu.br\/seemifg\/wp-json\/wp\/v2\/pages\/22"}],"collection":[{"href":"https:\/\/eventos.ifg.edu.br\/seemifg\/wp-json\/wp\/v2\/pages"}],"about":[{"href":"https:\/\/eventos.ifg.edu.br\/seemifg\/wp-json\/wp\/v2\/types\/page"}],"author":[{"embeddable":true,"href":"https:\/\/eventos.ifg.edu.br\/seemifg\/wp-json\/wp\/v2\/users\/114"}],"replies":[{"embeddable":true,"href":"https:\/\/eventos.ifg.edu.br\/seemifg\/wp-json\/wp\/v2\/comments?post=22"}],"version-history":[{"count":38,"href":"https:\/\/eventos.ifg.edu.br\/seemifg\/wp-json\/wp\/v2\/pages\/22\/revisions"}],"predecessor-version":[{"id":163,"href":"https:\/\/eventos.ifg.edu.br\/seemifg\/wp-json\/wp\/v2\/pages\/22\/revisions\/163"}],"wp:featuredmedia":[{"embeddable":true,"href":"https:\/\/eventos.ifg.edu.br\/seemifg\/wp-json\/wp\/v2\/media\/111"}],"wp:attachment":[{"href":"https:\/\/eventos.ifg.edu.br\/seemifg\/wp-json\/wp\/v2\/media?parent=22"}],"curies":[{"name":"wp","href":"https:\/\/api.w.org\/{rel}","templated":true}]}}