{"id":98,"date":"2017-10-07T17:07:53","date_gmt":"2017-10-07T20:07:53","guid":{"rendered":"http:\/\/eventos.ifg.edu.br\/secitecuruacu2017\/?page_id=98"},"modified":"2022-10-26T10:06:06","modified_gmt":"2022-10-26T13:06:06","slug":"expediente-2017","status":"publish","type":"page","link":"https:\/\/eventos.ifg.edu.br\/secitecuruacu\/edicoes-anteriores\/x-secitec-2021\/expediente-2017\/","title":{"rendered":"Expediente"},"content":{"rendered":"<p><strong>1. Comiss\u00f5es<\/strong><\/p>\n<p><strong>\u00b7 Comiss\u00e3o Geral<\/strong><\/p>\n<p>Al\u00e9cia Maria Gon\u00e7alves<\/p>\n<p>Alexandre Martins Ferreira Bueno<\/p>\n<p>Cristiane Alvarenga Rocha Santos<\/p>\n<p>Eloisa Aparecida da Silva \u00c1vila<\/p>\n<p>Fabiana Gomes<\/p>\n<p>Gustavo Henrique Almeida Quirino<\/p>\n<p>Gustavo Louis Henrique Pinto<\/p>\n<p>Lidiaine Maria dos Santos<\/p>\n<p>Loyanne Moreira dos Santos<\/p>\n<p>Marcos Alfonso Spiess<\/p>\n<p>Renatha C\u00e2ndida da Cruz<\/p>\n<p>Rodrigo do Nascimento Coelho<\/p>\n<p>Tatiana de Oliveira Zuppa Neto<\/p>\n<p>Tatielih Pardim de Oliveira Xavier<\/p>\n<p>Wolney Heleno de Matos<\/p>\n<p>&nbsp;<\/p>\n<p><strong>\u00b7 Comiss\u00e3o Cient\u00edfica<\/strong><\/p>\n<p>Al\u00e9cia Maria Gon\u00e7alves<\/p>\n<p>Alexandre Martins Ferreira Bueno<\/p>\n<p>Cristiane Alvarenga Rocha Santos<\/p>\n<p>Eloisa Aparecida da Silva \u00c1vila<\/p>\n<p>Fabiana Gomes<\/p>\n<p>Gustavo Henrique Almeida Quirino<\/p>\n<p>Gustavo Louis Henrique Pinto<\/p>\n<p>Lidiaine Maria dos Santos<\/p>\n<p>Loyanne Moreira dos Santos<\/p>\n<p>Marcos Alfonso Spiess<\/p>\n<p>Renatha C\u00e2ndida da Cruz<\/p>\n<p>Rodrigo do Nascimento Coelho<\/p>\n<p>Tatiana de Oliveira Zuppa Neto<\/p>\n<p>Tatielih Pardim de Oliveira Xavier<\/p>\n<p>Wolney Heleno de Matos<\/p>\n<p>&nbsp;<\/p>\n<p style=\"text-align: justify\"><strong>\u00b7 Secretaria<\/strong><\/p>\n<p style=\"text-align: justify;margin-top: -10px\">\u00b7&nbsp;Loyanne Moreira dos Santos<\/p>\n<p style=\"text-align: justify;margin-top: -10px\">\u00b7 Rodrigo do Nascimento Coelho<\/p>\n<p style=\"text-align: justify\"><strong>Periodicidade:<\/strong> Anual<\/p>\n<p style=\"text-align: justify;margin-top: -10px\"><strong>Idioma:<\/strong> Portugu\u00eas<\/p>\n<p style=\"text-align: justify;margin-top: -10px\"><strong>Autor Corporativo:<\/strong>&nbsp;Ger\u00eancia de Pesquisa, P\u00f3s-Gradua\u00e7\u00e3o e Extens\u00e3o&nbsp;do Instituto Federal de Educa\u00e7\u00e3o, Ci\u00eancia e Tecnologia de Goi\u00e1s \u2013 Campus Urua\u00e7u<\/p>\n","protected":false},"excerpt":{"rendered":"<p>1. Comiss\u00f5es \u00b7 Comiss\u00e3o Geral Al\u00e9cia Maria Gon\u00e7alves Alexandre Martins Ferreira Bueno Cristiane Alvarenga Rocha Santos Eloisa Aparecida da Silva \u00c1vila Fabiana Gomes Gustavo Henrique Almeida Quirino Gustavo Louis Henrique Pinto Lidiaine Maria dos Santos Loyanne Moreira dos Santos Marcos Alfonso Spiess Renatha C\u00e2ndida da Cruz Rodrigo do Nascimento Coelho Tatiana de Oliveira Zuppa Neto Tatielih Pardim de Oliveira Xavier Wolney Heleno de Matos &nbsp; [&hellip;]<\/p>\n","protected":false},"author":67,"featured_media":0,"parent":376,"menu_order":0,"comment_status":"closed","ping_status":"closed","template":"","meta":{"ngg_post_thumbnail":0,"footnotes":""},"class_list":["post-98","page","type-page","status-publish","hentry"],"_links":{"self":[{"href":"https:\/\/eventos.ifg.edu.br\/secitecuruacu\/wp-json\/wp\/v2\/pages\/98"}],"collection":[{"href":"https:\/\/eventos.ifg.edu.br\/secitecuruacu\/wp-json\/wp\/v2\/pages"}],"about":[{"href":"https:\/\/eventos.ifg.edu.br\/secitecuruacu\/wp-json\/wp\/v2\/types\/page"}],"author":[{"embeddable":true,"href":"https:\/\/eventos.ifg.edu.br\/secitecuruacu\/wp-json\/wp\/v2\/users\/67"}],"replies":[{"embeddable":true,"href":"https:\/\/eventos.ifg.edu.br\/secitecuruacu\/wp-json\/wp\/v2\/comments?post=98"}],"version-history":[{"count":10,"href":"https:\/\/eventos.ifg.edu.br\/secitecuruacu\/wp-json\/wp\/v2\/pages\/98\/revisions"}],"predecessor-version":[{"id":359,"href":"https:\/\/eventos.ifg.edu.br\/secitecuruacu\/wp-json\/wp\/v2\/pages\/98\/revisions\/359"}],"up":[{"embeddable":true,"href":"https:\/\/eventos.ifg.edu.br\/secitecuruacu\/wp-json\/wp\/v2\/pages\/376"}],"wp:attachment":[{"href":"https:\/\/eventos.ifg.edu.br\/secitecuruacu\/wp-json\/wp\/v2\/media?parent=98"}],"curies":[{"name":"wp","href":"https:\/\/api.w.org\/{rel}","templated":true}]}}