{"id":43,"date":"2017-10-03T18:48:09","date_gmt":"2017-10-03T21:48:09","guid":{"rendered":"http:\/\/eventos.ifg.edu.br\/secitecuruacu2017\/?page_id=43"},"modified":"2022-10-26T09:47:48","modified_gmt":"2022-10-26T12:47:48","slug":"submeter-trabalho","status":"publish","type":"page","link":"https:\/\/eventos.ifg.edu.br\/secitecuruacu\/edicoes-anteriores\/x-secitec-2021\/submeter-trabalho\/","title":{"rendered":"Submiss\u00e3o de trabalhos"},"content":{"rendered":"<p style=\"text-align: justify;padding-left: 30px\">&nbsp; &nbsp; &nbsp; &nbsp; &nbsp; &nbsp; &nbsp;Os interessados em participar da mostra de ci\u00eancias, submeter\u00e3o os trabalhos \u00e0 an\u00e1lise da comiss\u00e3o Cient\u00edfica, no per\u00edodo de&nbsp;01 a 21 de&nbsp;setembro de 2019. As inscri\u00e7\u00f5es dever\u00e3o ser efetuadas atrav\u00e9s do sugep.<\/p>\n<p style=\"text-align: justify;padding-left: 30px\"><a href=\"http:\/\/eventos.ifg.edu.br\/secitecuruacu\/wp-content\/uploads\/sites\/30\/2021\/11\/Chamada-p\u00fablica-SECITEC-2021-F.pdf\">Clique Aqui<\/a>&nbsp;para baixar as normas (em formato pdf) para submiss\u00e3o de trabalhos.<\/p>\n<p>Clique&nbsp;<a href=\"https:\/\/sugep.ifg.edu.br\/eventos\/#\/publico\/chamadaspublicas\/inscricao\/5503\">Aqui<\/a>&nbsp;para submeter um trabalho para apresenta\u00e7\u00e3o oral.<\/p>\n<ul>\n<li>O Modelo para submiss\u00e3o do resumo expandido pode ser encontrado clicando em:&nbsp;<a href=\"http:\/\/eventos.ifg.edu.br\/secitecuruacu\/wp-content\/uploads\/sites\/30\/2021\/11\/MODELO-RESUMO-EXPANDIDO-SECITEC-2021-1.doc\">MODELO RESUMO EXPANDIDO SECITEC 2021<\/a><\/li>\n<\/ul>\n<p style=\"text-align: justify;padding-left: 30px\">Caso precise de ajuda, voc\u00ea pode acessar um&nbsp;<a href=\"http:\/\/eventos.ifg.edu.br\/secitecuruacu\/wp-content\/uploads\/sites\/30\/2017\/10\/Passo-a-Passo-Submiss\u00e3o-de-trabalho.pdf\" target=\"_blank\">manual passo a passo (clicando aqui)<\/a>&nbsp;que instrui como submeter o resumo.<\/p>\n<hr>\n<ul>\n<li style=\"padding-left: 30px\">Lista dos trabalhos aprovados para apresenta\u00e7\u00e3o oral e de p\u00f4ster na X SECITEC.<\/li>\n<\/ul>\n<p style=\"padding-left: 60px\">&nbsp;<\/p>\n","protected":false},"excerpt":{"rendered":"<p>&nbsp; &nbsp; &nbsp; &nbsp; &nbsp; &nbsp; &nbsp;Os interessados em participar da mostra de ci\u00eancias, submeter\u00e3o os trabalhos \u00e0 an\u00e1lise da comiss\u00e3o Cient\u00edfica, no per\u00edodo de&nbsp;01 a 21 de&nbsp;setembro de 2019. As inscri\u00e7\u00f5es dever\u00e3o ser efetuadas atrav\u00e9s do sugep. Clique Aqui&nbsp;para baixar as normas (em formato pdf) para submiss\u00e3o de trabalhos. Clique&nbsp;Aqui&nbsp;para submeter um trabalho para apresenta\u00e7\u00e3o oral. O Modelo para submiss\u00e3o do resumo expandido pode [&hellip;]<\/p>\n","protected":false},"author":67,"featured_media":0,"parent":376,"menu_order":4,"comment_status":"closed","ping_status":"closed","template":"","meta":{"ngg_post_thumbnail":0,"footnotes":""},"class_list":["post-43","page","type-page","status-publish","hentry"],"_links":{"self":[{"href":"https:\/\/eventos.ifg.edu.br\/secitecuruacu\/wp-json\/wp\/v2\/pages\/43"}],"collection":[{"href":"https:\/\/eventos.ifg.edu.br\/secitecuruacu\/wp-json\/wp\/v2\/pages"}],"about":[{"href":"https:\/\/eventos.ifg.edu.br\/secitecuruacu\/wp-json\/wp\/v2\/types\/page"}],"author":[{"embeddable":true,"href":"https:\/\/eventos.ifg.edu.br\/secitecuruacu\/wp-json\/wp\/v2\/users\/67"}],"replies":[{"embeddable":true,"href":"https:\/\/eventos.ifg.edu.br\/secitecuruacu\/wp-json\/wp\/v2\/comments?post=43"}],"version-history":[{"count":25,"href":"https:\/\/eventos.ifg.edu.br\/secitecuruacu\/wp-json\/wp\/v2\/pages\/43\/revisions"}],"predecessor-version":[{"id":350,"href":"https:\/\/eventos.ifg.edu.br\/secitecuruacu\/wp-json\/wp\/v2\/pages\/43\/revisions\/350"}],"up":[{"embeddable":true,"href":"https:\/\/eventos.ifg.edu.br\/secitecuruacu\/wp-json\/wp\/v2\/pages\/376"}],"wp:attachment":[{"href":"https:\/\/eventos.ifg.edu.br\/secitecuruacu\/wp-json\/wp\/v2\/media?parent=43"}],"curies":[{"name":"wp","href":"https:\/\/api.w.org\/{rel}","templated":true}]}}