{"id":364,"date":"2022-08-08T10:53:00","date_gmt":"2022-08-08T13:53:00","guid":{"rendered":"http:\/\/eventos.ifg.edu.br\/secitecuruacu\/?page_id=364"},"modified":"2022-10-26T09:46:52","modified_gmt":"2022-10-26T12:46:52","slug":"anais-secitec-2021","status":"publish","type":"page","link":"https:\/\/eventos.ifg.edu.br\/secitecuruacu\/edicoes-anteriores\/x-secitec-2021\/anais-secitec-2021\/","title":{"rendered":"Anais &#8211; SECITEC 2021"},"content":{"rendered":"<p>Dispon\u00edvel os anais da Semana de Educa\u00e7\u00e3o, Ci\u00eancia e Tecnologia do IFG C\u00e2mpus Urua\u00e7u, na X edi\u00e7\u00e3o do evento, ocorrida no ano de 2021<\/p>\n<ul>\n<li><a href=\"http:\/\/eventos.ifg.edu.br\/secitecuruacu\/wp-content\/uploads\/sites\/30\/2022\/08\/Anais-SECITEC-IFG-URU-2021.pdf\">Anais SECITEC IFG-URU 2021<\/a>.<\/li>\n<\/ul>\n","protected":false},"excerpt":{"rendered":"<p>Dispon\u00edvel os anais da Semana de Educa\u00e7\u00e3o, Ci\u00eancia e Tecnologia do IFG C\u00e2mpus Urua\u00e7u, na X edi\u00e7\u00e3o do evento, ocorrida no ano de 2021 Anais SECITEC IFG-URU 2021.<\/p>\n","protected":false},"author":86,"featured_media":0,"parent":376,"menu_order":1,"comment_status":"closed","ping_status":"closed","template":"","meta":{"ngg_post_thumbnail":0,"footnotes":""},"class_list":["post-364","page","type-page","status-publish","hentry"],"_links":{"self":[{"href":"https:\/\/eventos.ifg.edu.br\/secitecuruacu\/wp-json\/wp\/v2\/pages\/364"}],"collection":[{"href":"https:\/\/eventos.ifg.edu.br\/secitecuruacu\/wp-json\/wp\/v2\/pages"}],"about":[{"href":"https:\/\/eventos.ifg.edu.br\/secitecuruacu\/wp-json\/wp\/v2\/types\/page"}],"author":[{"embeddable":true,"href":"https:\/\/eventos.ifg.edu.br\/secitecuruacu\/wp-json\/wp\/v2\/users\/86"}],"replies":[{"embeddable":true,"href":"https:\/\/eventos.ifg.edu.br\/secitecuruacu\/wp-json\/wp\/v2\/comments?post=364"}],"version-history":[{"count":1,"href":"https:\/\/eventos.ifg.edu.br\/secitecuruacu\/wp-json\/wp\/v2\/pages\/364\/revisions"}],"predecessor-version":[{"id":366,"href":"https:\/\/eventos.ifg.edu.br\/secitecuruacu\/wp-json\/wp\/v2\/pages\/364\/revisions\/366"}],"up":[{"embeddable":true,"href":"https:\/\/eventos.ifg.edu.br\/secitecuruacu\/wp-json\/wp\/v2\/pages\/376"}],"wp:attachment":[{"href":"https:\/\/eventos.ifg.edu.br\/secitecuruacu\/wp-json\/wp\/v2\/media?parent=364"}],"curies":[{"name":"wp","href":"https:\/\/api.w.org\/{rel}","templated":true}]}}