{"id":281,"date":"2019-09-04T11:29:20","date_gmt":"2019-09-04T14:29:20","guid":{"rendered":"http:\/\/eventos.ifg.edu.br\/secitecuruacu\/?page_id=281"},"modified":"2022-10-26T09:53:08","modified_gmt":"2022-10-26T12:53:08","slug":"programacao","status":"publish","type":"page","link":"https:\/\/eventos.ifg.edu.br\/secitecuruacu\/edicoes-anteriores\/viii-secitec-2019\/programacao\/","title":{"rendered":"Programa\u00e7\u00e3o"},"content":{"rendered":"<h1 style=\"text-align: center\">Programa\u00e7\u00e3o da VIII Semana de Educa\u00e7\u00e3o, Ci\u00eancia e Tecnologia do IFG C\u00e2mpus Urua\u00e7u<\/h1>\n<h2 style=\"text-align: center\">15 a 17 de outubro de 2019<\/h2>\n<p>&nbsp;<\/p>\n<p>&nbsp;<\/p>\n<p>&nbsp;<\/p>\n<p><img fetchpriority=\"high\" decoding=\"async\" class=\"alignnone size-full wp-image-309\" src=\"http:\/\/eventos.ifg.edu.br\/secitecuruacu\/wp-content\/uploads\/sites\/30\/2019\/09\/Programa\u00e7\u00e3o-frente.jpg\" alt=\"Programa\u00e7\u00e3o frente\" width=\"1123\" height=\"794\"><\/p>\n<p><img decoding=\"async\" class=\"alignnone size-full wp-image-311\" src=\"http:\/\/eventos.ifg.edu.br\/secitecuruacu\/wp-content\/uploads\/sites\/30\/2019\/09\/Programa\u00e7\u00e3o-Traseira.jpg\" alt=\"Programa\u00e7\u00e3o Traseira\" width=\"1123\" height=\"794\"><\/p>\n","protected":false},"excerpt":{"rendered":"<p>Programa\u00e7\u00e3o da VIII Semana de Educa\u00e7\u00e3o, Ci\u00eancia e Tecnologia do IFG C\u00e2mpus Urua\u00e7u 15 a 17 de outubro de 2019 &nbsp; &nbsp; &nbsp;<\/p>\n","protected":false},"author":86,"featured_media":0,"parent":327,"menu_order":2,"comment_status":"closed","ping_status":"closed","template":"","meta":{"ngg_post_thumbnail":0,"footnotes":""},"class_list":["post-281","page","type-page","status-publish","hentry"],"_links":{"self":[{"href":"https:\/\/eventos.ifg.edu.br\/secitecuruacu\/wp-json\/wp\/v2\/pages\/281"}],"collection":[{"href":"https:\/\/eventos.ifg.edu.br\/secitecuruacu\/wp-json\/wp\/v2\/pages"}],"about":[{"href":"https:\/\/eventos.ifg.edu.br\/secitecuruacu\/wp-json\/wp\/v2\/types\/page"}],"author":[{"embeddable":true,"href":"https:\/\/eventos.ifg.edu.br\/secitecuruacu\/wp-json\/wp\/v2\/users\/86"}],"replies":[{"embeddable":true,"href":"https:\/\/eventos.ifg.edu.br\/secitecuruacu\/wp-json\/wp\/v2\/comments?post=281"}],"version-history":[{"count":5,"href":"https:\/\/eventos.ifg.edu.br\/secitecuruacu\/wp-json\/wp\/v2\/pages\/281\/revisions"}],"predecessor-version":[{"id":314,"href":"https:\/\/eventos.ifg.edu.br\/secitecuruacu\/wp-json\/wp\/v2\/pages\/281\/revisions\/314"}],"up":[{"embeddable":true,"href":"https:\/\/eventos.ifg.edu.br\/secitecuruacu\/wp-json\/wp\/v2\/pages\/327"}],"wp:attachment":[{"href":"https:\/\/eventos.ifg.edu.br\/secitecuruacu\/wp-json\/wp\/v2\/media?parent=281"}],"curies":[{"name":"wp","href":"https:\/\/api.w.org\/{rel}","templated":true}]}}