{"id":279,"date":"2019-09-04T11:28:54","date_gmt":"2019-09-04T14:28:54","guid":{"rendered":"http:\/\/eventos.ifg.edu.br\/secitecuruacu\/?page_id=279"},"modified":"2022-10-26T09:51:16","modified_gmt":"2022-10-26T12:51:16","slug":"anais-viii-secitec","status":"publish","type":"page","link":"https:\/\/eventos.ifg.edu.br\/secitecuruacu\/edicoes-anteriores\/viii-secitec-2019\/anais-viii-secitec\/","title":{"rendered":"Anais &#8211; VIII SECITEC"},"content":{"rendered":"<ul>\n<li><a href=\"http:\/\/eventos.ifg.edu.br\/secitecuruacu\/wp-content\/uploads\/sites\/30\/2019\/09\/Anais-SECITEC-IFG-URU-2019-DEFINITIVO.pdf\">Anais da VIII Semana de Educa\u00e7\u00e3o, Ci\u00eancia e Tecnologia do Instituto Federal de Educa\u00e7\u00e3o, Ci\u00eancia e Tecnologia de Goi\u00e1s &#8211; C\u00e2mpus Urua\u00e7u<\/a><\/li>\n<\/ul>\n","protected":false},"excerpt":{"rendered":"<p>Anais da VIII Semana de Educa\u00e7\u00e3o, Ci\u00eancia e Tecnologia do Instituto Federal de Educa\u00e7\u00e3o, Ci\u00eancia e Tecnologia de Goi\u00e1s &#8211; C\u00e2mpus Urua\u00e7u<\/p>\n","protected":false},"author":86,"featured_media":0,"parent":327,"menu_order":1,"comment_status":"closed","ping_status":"closed","template":"","meta":{"ngg_post_thumbnail":0,"footnotes":""},"class_list":["post-279","page","type-page","status-publish","hentry"],"_links":{"self":[{"href":"https:\/\/eventos.ifg.edu.br\/secitecuruacu\/wp-json\/wp\/v2\/pages\/279"}],"collection":[{"href":"https:\/\/eventos.ifg.edu.br\/secitecuruacu\/wp-json\/wp\/v2\/pages"}],"about":[{"href":"https:\/\/eventos.ifg.edu.br\/secitecuruacu\/wp-json\/wp\/v2\/types\/page"}],"author":[{"embeddable":true,"href":"https:\/\/eventos.ifg.edu.br\/secitecuruacu\/wp-json\/wp\/v2\/users\/86"}],"replies":[{"embeddable":true,"href":"https:\/\/eventos.ifg.edu.br\/secitecuruacu\/wp-json\/wp\/v2\/comments?post=279"}],"version-history":[{"count":3,"href":"https:\/\/eventos.ifg.edu.br\/secitecuruacu\/wp-json\/wp\/v2\/pages\/279\/revisions"}],"predecessor-version":[{"id":322,"href":"https:\/\/eventos.ifg.edu.br\/secitecuruacu\/wp-json\/wp\/v2\/pages\/279\/revisions\/322"}],"up":[{"embeddable":true,"href":"https:\/\/eventos.ifg.edu.br\/secitecuruacu\/wp-json\/wp\/v2\/pages\/327"}],"wp:attachment":[{"href":"https:\/\/eventos.ifg.edu.br\/secitecuruacu\/wp-json\/wp\/v2\/media?parent=279"}],"curies":[{"name":"wp","href":"https:\/\/api.w.org\/{rel}","templated":true}]}}