{"id":277,"date":"2019-09-04T11:26:53","date_gmt":"2019-09-04T14:26:53","guid":{"rendered":"http:\/\/eventos.ifg.edu.br\/secitecuruacu\/?page_id=277"},"modified":"2019-09-04T11:26:53","modified_gmt":"2019-09-04T14:26:53","slug":"normas-e-modelos","status":"publish","type":"page","link":"https:\/\/eventos.ifg.edu.br\/secitecuruacu\/edicoes-anteriores\/viii-secitec-2018\/normas-e-modelos\/","title":{"rendered":"Normas e Modelos"},"content":{"rendered":"<h3><span style=\"color: #000000\">Submiss\u00e3o de trabalhos<\/span><\/h3>\n<p><a href=\"http:\/\/eventos.ifg.edu.br\/secitecuruacu\/wp-content\/uploads\/sites\/30\/2017\/09\/Mostra-de-Ci\u00eancias.pdf\">Clique Aqui<\/a>&nbsp;para baixar as normas (em formato pdf) para submiss\u00e3o de trabalhos.<\/p>\n<ul>\n<li><a href=\"http:\/\/eventos.ifg.edu.br\/secitecuruacu\/wp-content\/uploads\/sites\/30\/2017\/09\/Modelo-Resumo-VII-Secitec.docx\">Baixe aqui o modelo do resumo. (docx)<\/a><\/li>\n<li><a href=\"http:\/\/eventos.ifg.edu.br\/secitecuruacu\/wp-content\/uploads\/sites\/30\/2017\/09\/Modelo_PAINEL_secitec_2018.ppt\">Baixe aqui o modelo para apresenta\u00e7\u00e3o de p\u00f4ster (.ppt).<\/a><\/li>\n<\/ul>\n<h3><span style=\"color: #000000\">Gincana<\/span><\/h3>\n<p><a href=\"http:\/\/eventos.ifg.edu.br\/secitecuruacu\/wp-content\/uploads\/sites\/30\/2017\/09\/Regulamento-da-gincan.pdf\">Clique Aqui<\/a>&nbsp;para baixar as normas (.pdf) para a participa\u00e7\u00e3o na gincana.<\/p>\n","protected":false},"excerpt":{"rendered":"<p>Submiss\u00e3o de trabalhos Clique Aqui&nbsp;para baixar as normas (em formato pdf) para submiss\u00e3o de trabalhos. Baixe aqui o modelo do resumo. (docx) Baixe aqui o modelo para apresenta\u00e7\u00e3o de p\u00f4ster (.ppt). Gincana Clique Aqui&nbsp;para baixar as normas (.pdf) para a participa\u00e7\u00e3o na gincana.<\/p>\n","protected":false},"author":86,"featured_media":0,"parent":275,"menu_order":0,"comment_status":"closed","ping_status":"closed","template":"","meta":{"ngg_post_thumbnail":0,"footnotes":""},"class_list":["post-277","page","type-page","status-publish","hentry"],"_links":{"self":[{"href":"https:\/\/eventos.ifg.edu.br\/secitecuruacu\/wp-json\/wp\/v2\/pages\/277"}],"collection":[{"href":"https:\/\/eventos.ifg.edu.br\/secitecuruacu\/wp-json\/wp\/v2\/pages"}],"about":[{"href":"https:\/\/eventos.ifg.edu.br\/secitecuruacu\/wp-json\/wp\/v2\/types\/page"}],"author":[{"embeddable":true,"href":"https:\/\/eventos.ifg.edu.br\/secitecuruacu\/wp-json\/wp\/v2\/users\/86"}],"replies":[{"embeddable":true,"href":"https:\/\/eventos.ifg.edu.br\/secitecuruacu\/wp-json\/wp\/v2\/comments?post=277"}],"version-history":[{"count":1,"href":"https:\/\/eventos.ifg.edu.br\/secitecuruacu\/wp-json\/wp\/v2\/pages\/277\/revisions"}],"predecessor-version":[{"id":278,"href":"https:\/\/eventos.ifg.edu.br\/secitecuruacu\/wp-json\/wp\/v2\/pages\/277\/revisions\/278"}],"up":[{"embeddable":true,"href":"https:\/\/eventos.ifg.edu.br\/secitecuruacu\/wp-json\/wp\/v2\/pages\/275"}],"wp:attachment":[{"href":"https:\/\/eventos.ifg.edu.br\/secitecuruacu\/wp-json\/wp\/v2\/media?parent=277"}],"curies":[{"name":"wp","href":"https:\/\/api.w.org\/{rel}","templated":true}]}}