{"id":261,"date":"2018-10-17T10:40:01","date_gmt":"2018-10-17T13:40:01","guid":{"rendered":"http:\/\/eventos.ifg.edu.br\/secitecuruacu\/?page_id=261"},"modified":"2022-10-26T09:45:13","modified_gmt":"2022-10-26T12:45:13","slug":"atividade-2-ano-que-quimica","status":"publish","type":"page","link":"https:\/\/eventos.ifg.edu.br\/secitecuruacu\/edicoes-anteriores\/viii-secitec-2018\/atividade-2-ano-que-quimica\/","title":{"rendered":"Atividade 2\u00b0 Ano que Qu\u00edmica"},"content":{"rendered":"<p style=\"text-align: justify\">4&nbsp; &nbsp; &nbsp; &nbsp; &nbsp; &nbsp; O 2\u00b0 ano de Qu\u00edmica participar\u00e1 da VII Secitec do C\u00e2mpus Urua\u00e7u trazendo para o evento atividades que abarcam o tema deste ano, o qual se voltou para as diferen\u00e7as sociais. Nesse contexto, inclui-se o fator alimenta\u00e7\u00e3o, j\u00e1 que essa est\u00e1 inclusa em um contexto sociopol\u00edtico que, infelizmente, implica na qualidade da alimenta\u00e7\u00e3o ou na falta de informa\u00e7\u00e3o sobre o assunto. Levando-se tudo isso em considera\u00e7\u00e3o, as atividades propostas, frutos das discuss\u00f5es acerca do tema A Vida \u00e9 Feita de Escolhas (aqui, as escolhas alimentares) levadas adiante durante as aulas de L\u00edngua Inglesa no 3\u00b0 bimestre, buscam conscientizar a sociedade sobre as implica\u00e7\u00f5es da alimenta\u00e7\u00e3o no dia a dia e como melhor\u00e1-la.<br \/>\n&nbsp; &nbsp; &nbsp; Os alunos estar\u00e3o dispon\u00edveis no C\u00e2mpus na quinta-feira, 18\/10, das 8h \u00e0s 10h, desenvolvendo o projeto supracitado, denominado por eles pr\u00f3prios como YOUR BODY IS TELLING YOU: LOVE YOURSELF!<\/p>\n<p style=\"text-align: justify\">Participem!<\/p>\n","protected":false},"excerpt":{"rendered":"<p>4&nbsp; &nbsp; &nbsp; &nbsp; &nbsp; &nbsp; O 2\u00b0 ano de Qu\u00edmica participar\u00e1 da VII Secitec do C\u00e2mpus Urua\u00e7u trazendo para o evento atividades que abarcam o tema deste ano, o qual se voltou para as diferen\u00e7as sociais. Nesse contexto, inclui-se o fator alimenta\u00e7\u00e3o, j\u00e1 que essa est\u00e1 inclusa em um contexto sociopol\u00edtico que, infelizmente, implica na qualidade da alimenta\u00e7\u00e3o ou na falta de informa\u00e7\u00e3o sobre [&hellip;]<\/p>\n","protected":false},"author":86,"featured_media":262,"parent":275,"menu_order":4,"comment_status":"closed","ping_status":"closed","template":"","meta":{"ngg_post_thumbnail":0,"footnotes":""},"class_list":["post-261","page","type-page","status-publish","has-post-thumbnail","hentry"],"_links":{"self":[{"href":"https:\/\/eventos.ifg.edu.br\/secitecuruacu\/wp-json\/wp\/v2\/pages\/261"}],"collection":[{"href":"https:\/\/eventos.ifg.edu.br\/secitecuruacu\/wp-json\/wp\/v2\/pages"}],"about":[{"href":"https:\/\/eventos.ifg.edu.br\/secitecuruacu\/wp-json\/wp\/v2\/types\/page"}],"author":[{"embeddable":true,"href":"https:\/\/eventos.ifg.edu.br\/secitecuruacu\/wp-json\/wp\/v2\/users\/86"}],"replies":[{"embeddable":true,"href":"https:\/\/eventos.ifg.edu.br\/secitecuruacu\/wp-json\/wp\/v2\/comments?post=261"}],"version-history":[{"count":3,"href":"https:\/\/eventos.ifg.edu.br\/secitecuruacu\/wp-json\/wp\/v2\/pages\/261\/revisions"}],"predecessor-version":[{"id":378,"href":"https:\/\/eventos.ifg.edu.br\/secitecuruacu\/wp-json\/wp\/v2\/pages\/261\/revisions\/378"}],"up":[{"embeddable":true,"href":"https:\/\/eventos.ifg.edu.br\/secitecuruacu\/wp-json\/wp\/v2\/pages\/275"}],"wp:featuredmedia":[{"embeddable":true,"href":"https:\/\/eventos.ifg.edu.br\/secitecuruacu\/wp-json\/wp\/v2\/media\/262"}],"wp:attachment":[{"href":"https:\/\/eventos.ifg.edu.br\/secitecuruacu\/wp-json\/wp\/v2\/media?parent=261"}],"curies":[{"name":"wp","href":"https:\/\/api.w.org\/{rel}","templated":true}]}}