{"id":18,"date":"2017-09-28T12:38:22","date_gmt":"2017-09-28T15:38:22","guid":{"rendered":"http:\/\/eventos.ifg.edu.br\/secitecuruacu2017\/?page_id=18"},"modified":"2018-10-17T10:58:02","modified_gmt":"2018-10-17T13:58:02","slug":"programacao","status":"publish","type":"page","link":"https:\/\/eventos.ifg.edu.br\/secitecuruacu\/edicoes-anteriores\/vi-secitec-2017\/programacao\/","title":{"rendered":"Programa\u00e7\u00e3o &#8211; 2017"},"content":{"rendered":"<h2 style=\"text-align: center\"><strong> VI Semana de Ci\u00eancia e Tecnologia do IFG\/C\u00e2mpus Urua\u00e7u<br \/>\nPrograma\u00e7\u00e3o Geral<\/strong><\/h2>\n<h2 style=\"text-align: center\"><strong>26\/10\/17<\/strong><\/h2>\n<p><span style=\"color: #000000\"><strong>8h \u2013 11h \u2013 Credenciamento<\/strong><\/span><\/p>\n<p><span style=\"color: #000000\"><strong>8h30 Apresenta\u00e7\u00e3o Cultural<\/strong><\/span><\/p>\n<p style=\"padding-left: 60px\">Abertura Oficial da VI SECITEC<\/p>\n<p><strong>9h30 Confer\u00eancia: \u201cA matem\u00e1tica est\u00e1 em tudo!\u201d<\/strong><\/p>\n<p style=\"padding-left: 60px\">Prof. \u00c9der Brito (IFG\/C\u00e2mpus An\u00e1polis)<\/p>\n<p><strong>10h45 Provas da Gincana<\/strong><\/p>\n<p><strong>12h \u2013 14h Intervalo para almo\u00e7o<\/strong><\/p>\n<p><strong>14h \u2013 17h Minicursos e Oficinas<\/strong><\/p>\n<p style=\"padding-left: 30px\"><strong>Minicursos:<\/strong><\/p>\n<p style=\"padding-left: 60px\">1) Introdu\u00e7\u00e3o \u00e0 Criptografia (Prof. Me. Maycon Pereira de Souza \u2013 IFG\/C\u00e2mpus Urua\u00e7u)<\/p>\n<p style=\"padding-left: 60px\">2) Formas Geom\u00e9tricas na Constru\u00e7\u00e3o Civil (Prof\u00aa Ma. Andreia Alves do Prado; Prof. Dr. Hiuri Fellipe Santos dos Reis; Prof\u00aa Ma. J\u00e9ssica Azevedo Coelho \u2013 IFG\/C\u00e2mpus Urua\u00e7u)<\/p>\n<p style=\"padding-left: 60px\">3) Introdu\u00e7\u00e3o \u00e0 Rob\u00f3tica Educativa (Prof. Alessandro Siqueira da Silva \u2013 IFG\/C\u00e2mpus Urua\u00e7u)<\/p>\n<p style=\"padding-left: 60px\">4) Acesso e Consulta aos Peri\u00f3dicos CAPES (Bibliotec\u00e1ria Sabrina Gisele da Silva Felix \u2013 IFG\/C\u00e2mpus Urua\u00e7u)<\/p>\n<p style=\"padding-left: 60px\">5) Calculadora Cient\u00edfica (Prof. Alexander Serejo Santos \u2013 IFG\/C\u00e2mpus Urua\u00e7u)<\/p>\n<p style=\"padding-left: 30px\"><strong>Oficinas:<\/strong><\/p>\n<p style=\"padding-left: 60px\">1) Excel B\u00e1sico (Eng. Civil Rodrigo do Nascimento Coelho \u2013 IFG\/C\u00e2mpus Urua\u00e7u)<\/p>\n<p style=\"padding-left: 60px\">2) Jogos Matem\u00e1ticos (Equipe UEG\/C\u00e2mpus Porangatu)<\/p>\n<p style=\"padding-left: 60px\">3) Curr\u00edculo Lattes: constru\u00e7\u00e3o passo a passo (Guilherme Ramon Gomes Pires Arantes \u2013 IFG\/C\u00e2mpus Urua\u00e7u)<\/p>\n<p><strong>17h \u2013 18h&nbsp;Palestra: \u201c\u00c9tica em Pesquisa\u201d<\/strong><\/p>\n<p style=\"padding-left: 60px\">Prof\u00aa Dr\u00aa Katiane Martins Mendon\u00e7a (UFG\/C\u00e2mpus Goi\u00e2nia)<\/p>\n<p><strong>19h \u2013 19h30 Apresenta\u00e7\u00e3o Cultural<\/strong><\/p>\n<p><strong>19h15 \u2013 20h45&nbsp;Palestra: \u201cA matem\u00e1tica em diversas \u00e1reas do conhecimento\u201d<\/strong><\/p>\n<p style=\"padding-left: 60px\">Prof\u00aa&nbsp;Kristiane Costa&nbsp;(IFG\/C\u00e2mpus Urua\u00e7u); Prof. Guilherme Ferreira Santos&nbsp;(IFG\/C\u00e2mpus Urua\u00e7u); Prof. Gustavo Pinto (IFG\/C\u00e2mpus Urua\u00e7u); Prof. Dr. Hiuri Fellipe Santos dos Reis (IFG\/C\u00e2mpus Urua\u00e7u)<\/p>\n<h2 style=\"text-align: center;padding-left: 60px\"><strong>27\/10\/17<\/strong><\/h2>\n<p><strong>8h \u2013 11h Credenciamento<\/strong><\/p>\n<p><strong>7h30 \u2013 9h Provas da Gincana<\/strong><\/p>\n<p><strong>9h \u2013 10h30 Palestra: \u201c\u00c9tica no servi\u00e7o p\u00fablico\u201d<\/strong><\/p>\n<p style=\"padding-left: 60px\">Prof. Edward Moreira Brasil (UFG\/C\u00e2mpus Goi\u00e2nia)<\/p>\n<p><strong>9h \u2013 12h Oficinas<\/strong><\/p>\n<p style=\"padding-left: 60px\">1) Desvendando o cubo m\u00e1gico<\/p>\n<p style=\"padding-left: 60px\">Prof. Maycon Pereira de Souza (IFG\/C\u00e2mpus Urua\u00e7u), Prof\u00aa Juliana Moreno Oliveira (IFG\/C\u00e2mpus Goi\u00e2nia), Eder dos Santos Silva (IFG\/C\u00e2mpus Goi\u00e2nia)<\/p>\n<p style=\"padding-left: 60px\">2) Origami<\/p>\n<p style=\"padding-left: 60px\">Prof\u00aa Elo\u00edsa&nbsp;Aparecida da Silva \u00c1vila&nbsp;e&nbsp;Milton Pereira de \u00c1vila J\u00fanior<\/p>\n<p><strong>12h \u2013 14h Intervalo para almo\u00e7o<\/strong><\/p>\n<p><strong>14h \u2013 14h30 Provas da Gincana<\/strong><\/p>\n<p><strong>14h30 \u2013 16h&nbsp;Palestra: \u201cProdu\u00e7\u00e3o audiovisual: matem\u00e1tica em v\u00eddeo\u201d<\/strong><\/p>\n<p style=\"padding-left: 60px\">Prof\u00aa Juliana Moreno Oliveira (IFG\/C\u00e2mpus Goi\u00e2nia)<\/p>\n<p><strong>16h30 \u2013 18h30 Mostra de Ci\u00eancias<\/strong><\/p>\n<p style=\"padding-left: 60px\">1) Comunica\u00e7\u00f5es Orais<\/p>\n<p style=\"padding-left: 60px\">2) Exposi\u00e7\u00f5es<\/p>\n<p style=\"padding-left: 60px\">3) Sess\u00e3o de P\u00f4steres<\/p>\n<p><strong>19h30 \u2013 21h30 Minicursos e Oficinas<\/strong><\/p>\n<p style=\"padding-left: 30px\"><strong>Minicursos:<\/strong><\/p>\n<p style=\"padding-left: 60px\">1) Introdu\u00e7\u00e3o \u00e0 Rob\u00f3tica Educativa (Prof. Alessandro Siqueira da Silva \u2013 IFG\/C\u00e2mpus Urua\u00e7u)<\/p>\n<p style=\"padding-left: 60px\">2) Acesso e Consulta aos Peri\u00f3dicos CAPES (Bibliotec\u00e1ria Sabrina Gisele da Silva Felix \u2013 IFG\/C\u00e2mpus Urua\u00e7u)<\/p>\n<p style=\"padding-left: 60px\">3) Calculadora Cient\u00edfica (Prof. Alexander Serejo Santos \u2013 IFG\/C\u00e2mpus Urua\u00e7u)<\/p>\n<p style=\"padding-left: 60px\">4) Planejamento de Experimentos (Prof. Me. Maur\u00edcio Vicente Cruz \u2013 IFG\/C\u00e2mpus Urua\u00e7u)<\/p>\n<p style=\"padding-left: 60px\">5)\u201cRepresenta\u00e7\u00f5es matem\u00e1ticas na experimenta\u00e7\u00e3o no ensino de qu\u00edmica para deficientes visuais\u201d<\/p>\n<p style=\"padding-left: 60px\">Prof\u00aa Fernanda Ara\u00fajo Fran\u00e7a (IFG\/C\u00e2mpus Urua\u00e7u)<\/p>\n<p style=\"padding-left: 60px\">6) \u201cA Matem\u00e1tica a favor da Qu\u00edmica \u2013 Estequiometria\u201d<\/p>\n<p style=\"padding-left: 60px\">Prof. Luciano Alves da Silva; Prof\u00aa Fabiana Vieira da Silva; Prof\u00aa Nubia Abadia Silva; Cristiane Vieira Barros; Elimar Neves Pereira; Tiago Barbosa da Fonseca (IFG\/C\u00e2mpus Urua\u00e7u)<\/p>\n<p style=\"padding-left: 30px\"><strong>Oficinas:<\/strong><\/p>\n<p style=\"padding-left: 60px\">1) Modelagem Molecular (Prof. Me. Onofre Vargas Junior e Prof\u00aa Ma. Al\u00e9cia Maria Gon\u00e7alves \u2013 IFG\/C\u00e2mpus Urua\u00e7u)<\/p>\n<p style=\"padding-left: 60px\">2) Pizza e Matem\u00e1tica (Prof\u00aa Ma. Elo\u00edsa Aparecida da Silva \u00c1vila \u2013 IFG\/C\u00e2mpus Urua\u00e7u)<\/p>\n<p style=\"padding-left: 60px\">3) Curr\u00edculo Lattes: constru\u00e7\u00e3o passo a passo (Guilherme Ramon Gomes Pires Arantes \u2013 IFG\/C\u00e2mpus Urua\u00e7u)<\/p>\n<h2 style=\"text-align: center\"><strong>28\/10\/17<\/strong><\/h2>\n<p><strong>9h \u2013 10h30 Palestra: \u201cRedes \u00d3pticas El\u00e1sticas\u201d<\/strong><\/p>\n<p style=\"padding-left: 60px\">Prof. Maur\u00edlio Humberto Rodrigues Miranda (IFG\/C\u00e2mpus Urua\u00e7u)<\/p>\n<p><strong>8h \u2013 12h I Col\u00f3quio \u201cEduca\u00e7\u00e3o em pesquisa\u201d do NEACE<\/strong><\/p>\n<p style=\"padding-left: 60px\">Professores membros do N\u00facleo de pesquisas em ensino, aprendizagem e contexto social da educa\u00e7\u00e3o (NEACE\/IFG \u2013 Campus Urua\u00e7u)<\/p>\n<p><strong>8h \u2013 12h Provas da Gincana<\/strong><\/p>\n","protected":false},"excerpt":{"rendered":"<p>VI Semana de Ci\u00eancia e Tecnologia do IFG\/C\u00e2mpus Urua\u00e7u Programa\u00e7\u00e3o Geral 26\/10\/17 8h \u2013 11h \u2013 Credenciamento 8h30 Apresenta\u00e7\u00e3o Cultural Abertura Oficial da VI SECITEC 9h30 Confer\u00eancia: \u201cA matem\u00e1tica est\u00e1 em tudo!\u201d Prof. \u00c9der Brito (IFG\/C\u00e2mpus An\u00e1polis) 10h45 Provas da Gincana 12h \u2013 14h Intervalo para almo\u00e7o 14h \u2013 17h Minicursos e Oficinas Minicursos: 1) Introdu\u00e7\u00e3o \u00e0 Criptografia (Prof. Me. Maycon Pereira de Souza \u2013 [&hellip;]<\/p>\n","protected":false},"author":67,"featured_media":165,"parent":201,"menu_order":0,"comment_status":"closed","ping_status":"closed","template":"","meta":{"ngg_post_thumbnail":0,"footnotes":""},"class_list":["post-18","page","type-page","status-publish","has-post-thumbnail","hentry"],"_links":{"self":[{"href":"https:\/\/eventos.ifg.edu.br\/secitecuruacu\/wp-json\/wp\/v2\/pages\/18"}],"collection":[{"href":"https:\/\/eventos.ifg.edu.br\/secitecuruacu\/wp-json\/wp\/v2\/pages"}],"about":[{"href":"https:\/\/eventos.ifg.edu.br\/secitecuruacu\/wp-json\/wp\/v2\/types\/page"}],"author":[{"embeddable":true,"href":"https:\/\/eventos.ifg.edu.br\/secitecuruacu\/wp-json\/wp\/v2\/users\/67"}],"replies":[{"embeddable":true,"href":"https:\/\/eventos.ifg.edu.br\/secitecuruacu\/wp-json\/wp\/v2\/comments?post=18"}],"version-history":[{"count":17,"href":"https:\/\/eventos.ifg.edu.br\/secitecuruacu\/wp-json\/wp\/v2\/pages\/18\/revisions"}],"predecessor-version":[{"id":267,"href":"https:\/\/eventos.ifg.edu.br\/secitecuruacu\/wp-json\/wp\/v2\/pages\/18\/revisions\/267"}],"up":[{"embeddable":true,"href":"https:\/\/eventos.ifg.edu.br\/secitecuruacu\/wp-json\/wp\/v2\/pages\/201"}],"wp:featuredmedia":[{"embeddable":true,"href":"https:\/\/eventos.ifg.edu.br\/secitecuruacu\/wp-json\/wp\/v2\/media\/165"}],"wp:attachment":[{"href":"https:\/\/eventos.ifg.edu.br\/secitecuruacu\/wp-json\/wp\/v2\/media?parent=18"}],"curies":[{"name":"wp","href":"https:\/\/api.w.org\/{rel}","templated":true}]}}