{"id":16,"date":"2017-09-28T12:37:32","date_gmt":"2017-09-28T15:37:32","guid":{"rendered":"http:\/\/eventos.ifg.edu.br\/secitecuruacu2017\/?page_id=16"},"modified":"2022-10-26T09:47:16","modified_gmt":"2022-10-26T12:47:16","slug":"datas-importantes","status":"publish","type":"page","link":"https:\/\/eventos.ifg.edu.br\/secitecuruacu\/edicoes-anteriores\/x-secitec-2021\/datas-importantes\/","title":{"rendered":"Datas importantes"},"content":{"rendered":"<table style=\"border: 1px solid black;height: 198px\" width=\"897\">\n<tbody style=\"border: 1px solid black\">\n<tr style=\"border: 1px solid black\">\n<th style=\"border: 1px solid black\">Data<\/th>\n<th style=\"border: 1px solid black\">ETAPA\/ ATIVIDADE<\/th>\n<\/tr>\n<tr style=\"border: 1px solid black\">\n<td style=\"border: 1px solid black\">&nbsp;<\/td>\n<td style=\"border: 1px solid black\">Per\u00edodo de inscri\u00e7\u00e3o nas atividades como ouvinte pelo SUGEP<\/td>\n<\/tr>\n<tr style=\"border: 1px solid black\">\n<td style=\"border: 1px solid black\">01 a 21\/11\/2021<\/td>\n<td style=\"border: 1px solid black\">Per\u00edodo de submiss\u00e3o de resumos de trabalhos<\/td>\n<\/tr>\n<tr style=\"border: 1px solid black\">\n<td style=\"border: 1px solid black\">&nbsp;<\/td>\n<td style=\"border: 1px solid black\">Per\u00edodo de inscri\u00e7\u00e3o de monitoria<\/td>\n<\/tr>\n<tr style=\"border: 1px solid black\">\n<td style=\"border: 1px solid black\">29\/11\/2021<\/td>\n<td style=\"border: 1px solid black\">Divulga\u00e7\u00e3o do resultado da avalia\u00e7\u00e3o dos trabalhos<\/td>\n<\/tr>\n<tr style=\"border: 1px solid black\">\n<td style=\"border: 1px solid black\">08\/12\/2021<\/td>\n<td style=\"border: 1px solid black\">&nbsp;Sess\u00f5es de comunica\u00e7\u00f5es orais<\/td>\n<\/tr>\n<\/tbody>\n<\/table>\n","protected":false},"excerpt":{"rendered":"<p>Data ETAPA\/ ATIVIDADE &nbsp; Per\u00edodo de inscri\u00e7\u00e3o nas atividades como ouvinte pelo SUGEP 01 a 21\/11\/2021 Per\u00edodo de submiss\u00e3o de resumos de trabalhos &nbsp; Per\u00edodo de inscri\u00e7\u00e3o de monitoria 29\/11\/2021 Divulga\u00e7\u00e3o do resultado da avalia\u00e7\u00e3o dos trabalhos 08\/12\/2021 &nbsp;Sess\u00f5es de comunica\u00e7\u00f5es orais<\/p>\n","protected":false},"author":67,"featured_media":0,"parent":376,"menu_order":2,"comment_status":"closed","ping_status":"closed","template":"","meta":{"ngg_post_thumbnail":0,"footnotes":""},"class_list":["post-16","page","type-page","status-publish","hentry"],"_links":{"self":[{"href":"https:\/\/eventos.ifg.edu.br\/secitecuruacu\/wp-json\/wp\/v2\/pages\/16"}],"collection":[{"href":"https:\/\/eventos.ifg.edu.br\/secitecuruacu\/wp-json\/wp\/v2\/pages"}],"about":[{"href":"https:\/\/eventos.ifg.edu.br\/secitecuruacu\/wp-json\/wp\/v2\/types\/page"}],"author":[{"embeddable":true,"href":"https:\/\/eventos.ifg.edu.br\/secitecuruacu\/wp-json\/wp\/v2\/users\/67"}],"replies":[{"embeddable":true,"href":"https:\/\/eventos.ifg.edu.br\/secitecuruacu\/wp-json\/wp\/v2\/comments?post=16"}],"version-history":[{"count":13,"href":"https:\/\/eventos.ifg.edu.br\/secitecuruacu\/wp-json\/wp\/v2\/pages\/16\/revisions"}],"predecessor-version":[{"id":330,"href":"https:\/\/eventos.ifg.edu.br\/secitecuruacu\/wp-json\/wp\/v2\/pages\/16\/revisions\/330"}],"up":[{"embeddable":true,"href":"https:\/\/eventos.ifg.edu.br\/secitecuruacu\/wp-json\/wp\/v2\/pages\/376"}],"wp:attachment":[{"href":"https:\/\/eventos.ifg.edu.br\/secitecuruacu\/wp-json\/wp\/v2\/media?parent=16"}],"curies":[{"name":"wp","href":"https:\/\/api.w.org\/{rel}","templated":true}]}}