{"id":674,"date":"2017-10-10T10:38:57","date_gmt":"2017-10-10T13:38:57","guid":{"rendered":"http:\/\/eventos.ifg.edu.br\/secitecitumbiara\/?page_id=674"},"modified":"2019-10-18T11:11:17","modified_gmt":"2019-10-18T14:11:17","slug":"resultados-2017","status":"publish","type":"page","link":"https:\/\/eventos.ifg.edu.br\/secitecitumbiara\/resultados-2017\/","title":{"rendered":"Resultados 2017"},"content":{"rendered":"<p>Rela\u00e7\u00e3o de trabalhos selecionados para a apresenta\u00e7\u00e3o na forma de Comunica\u00e7\u00e3o Oral:<br \/>\n<a href=\"http:\/\/eventos.ifg.edu.br\/secitecitumbiara\/wp-content\/uploads\/sites\/9\/2017\/10\/Trabalhos-selecionados-Comunica\u00e7\u00e3o-Oral-SECITEC-2017.pdf\">Trabalhos selecionados &#8211; Comunica\u00e7\u00e3o Oral<\/a><\/p>\n<p>Rela\u00e7\u00e3o de trabalhos aprovados para apresenta\u00e7\u00e3o de P\u00f4ster &#8211; Resumo Expandido:<br \/>\n<a href=\"http:\/\/eventos.ifg.edu.br\/secitecitumbiara\/wp-content\/uploads\/sites\/9\/2017\/10\/Trabalhos-aprovados-para-apresentacao-Poster-Resumo-Expandido-SECITEC-2017.pdf\">Trabalhos aprovados &#8211; Poster &#8211; Resumo Expandido<\/a><\/p>\n<p>Trabalhos aprovados para apresenta\u00e7\u00e3o &#8211; P\u00f4ster &#8211; Resumos Simples:<br \/>\n<a href=\"http:\/\/eventos.ifg.edu.br\/secitecitumbiara\/wp-content\/uploads\/sites\/9\/2017\/10\/Trabalhos-aprovados-para-apresentacao-Poster-Resumos-Simples-SECITEC-2017.pdf\">Trabalhos aprovados &#8211; Poster &#8211; Resumos Simples<\/a><\/p>\n","protected":false},"excerpt":{"rendered":"<p>Rela\u00e7\u00e3o de trabalhos selecionados para a apresenta\u00e7\u00e3o na forma de Comunica\u00e7\u00e3o Oral: Trabalhos selecionados &#8211; Comunica\u00e7\u00e3o Oral Rela\u00e7\u00e3o de trabalhos aprovados para apresenta\u00e7\u00e3o de P\u00f4ster &#8211; Resumo Expandido: Trabalhos aprovados &#8211; Poster &#8211; Resumo Expandido Trabalhos aprovados para apresenta\u00e7\u00e3o &#8211; P\u00f4ster &#8211; Resumos Simples: Trabalhos aprovados &#8211; Poster &#8211; Resumos Simples<\/p>\n","protected":false},"author":23,"featured_media":0,"parent":0,"menu_order":0,"comment_status":"closed","ping_status":"closed","template":"","meta":{"ngg_post_thumbnail":0,"footnotes":""},"class_list":["post-674","page","type-page","status-publish","hentry"],"_links":{"self":[{"href":"https:\/\/eventos.ifg.edu.br\/secitecitumbiara\/wp-json\/wp\/v2\/pages\/674"}],"collection":[{"href":"https:\/\/eventos.ifg.edu.br\/secitecitumbiara\/wp-json\/wp\/v2\/pages"}],"about":[{"href":"https:\/\/eventos.ifg.edu.br\/secitecitumbiara\/wp-json\/wp\/v2\/types\/page"}],"author":[{"embeddable":true,"href":"https:\/\/eventos.ifg.edu.br\/secitecitumbiara\/wp-json\/wp\/v2\/users\/23"}],"replies":[{"embeddable":true,"href":"https:\/\/eventos.ifg.edu.br\/secitecitumbiara\/wp-json\/wp\/v2\/comments?post=674"}],"version-history":[{"count":4,"href":"https:\/\/eventos.ifg.edu.br\/secitecitumbiara\/wp-json\/wp\/v2\/pages\/674\/revisions"}],"predecessor-version":[{"id":1530,"href":"https:\/\/eventos.ifg.edu.br\/secitecitumbiara\/wp-json\/wp\/v2\/pages\/674\/revisions\/1530"}],"wp:attachment":[{"href":"https:\/\/eventos.ifg.edu.br\/secitecitumbiara\/wp-json\/wp\/v2\/media?parent=674"}],"curies":[{"name":"wp","href":"https:\/\/api.w.org\/{rel}","templated":true}]}}