{"id":67,"date":"2017-03-03T10:38:44","date_gmt":"2017-03-03T13:38:44","guid":{"rendered":"http:\/\/eventos.ifg.edu.br\/secitecitumbiara\/?page_id=67"},"modified":"2020-05-06T07:51:59","modified_gmt":"2020-05-06T10:51:59","slug":"anais-secitec-2016","status":"publish","type":"page","link":"https:\/\/eventos.ifg.edu.br\/secitecitumbiara\/anais-secitec-2016\/","title":{"rendered":"Anais  2016 &#8211;  SECITEC &#8211; Instituto Federal de Educa\u00e7\u00e3o, Ci\u00eancia e Tecnologia de Goi\u00e1s &#8211; Campus Itumbiara"},"content":{"rendered":"<h3>ISSN &nbsp; &nbsp; 2526-7809<\/h3>\n<h2 style=\"background-color: #0c9a9b;color: #ffffff\">2016<\/h2>\n<p>&nbsp;<\/p>\n<table width=\"1024\">\n<tbody>\n<tr>\n<td width=\"121\"><strong>\u00c1REA DE CONCENTRA\u00c7\u00c3O<\/strong><\/td>\n<td width=\"76\"><strong>N\u00ba RESUMO<\/strong><\/td>\n<td width=\"365\"><strong>T\u00cdTULO DO TRABALHO<\/strong><\/td>\n<td width=\"236\"><strong>AUTORES<\/strong><\/td>\n<\/tr>\n<tr>\n<td rowspan=\"17\" valign=\"center\" width=\"121\"><strong>Ci\u00eancias Exatas e da Terra<\/strong><\/td>\n<td width=\"76\">01<\/td>\n<td width=\"365\"><a href=\"http:\/\/eventos.ifg.edu.br\/secitecitumbiara\/wp-content\/uploads\/sites\/9\/2017\/03\/01.-A-GEOMETRIA-ANALITICA-NAS-MOLECULAS.pdf\">A GEOMETRIA ANAL\u00cdTICA NAS MOL\u00c9CULAS<\/a><\/td>\n<td width=\"236\">Adriana Carvalho Rosa, Glezia Borges Dutra Santos, Graziela Ana\u00eddes Carmo de Freitas Hercos, Ricardo Soares Oliveira, <u>Waster Jhonny Alves Teixeira<\/u>.<\/td>\n<\/tr>\n<tr>\n<td width=\"76\">02<\/td>\n<td width=\"365\"><a href=\"http:\/\/eventos.ifg.edu.br\/secitecitumbiara\/wp-content\/uploads\/sites\/9\/2017\/03\/02.-ESTUDO-GEOMETRICO-DE-MAXIMOS-E-MINIMOS-DE-UMA-FUNCAO-DE-DUAS-VARIAVEIS.pdf\">ESTUDO GEOM\u00c9TRICO DE M\u00c1XIMOS E M\u00cdNIMOS DE UMA FUN\u00c7\u00c3O DE DUAS VARI\u00c1VEIS ATRAV\u00c9S DO CAMPO DE VETOR GRADIENTE<\/a><\/td>\n<td width=\"236\">&nbsp;<u>Ricardo Soares Oliveira<\/u>, Mateus Almeida de Freitas Jucimar Peruzzo<\/td>\n<\/tr>\n<tr>\n<td width=\"76\">03<\/td>\n<td width=\"365\"><a href=\"http:\/\/eventos.ifg.edu.br\/secitecitumbiara\/wp-content\/uploads\/sites\/9\/2017\/03\/03.-SISTEMAS-LINEARES-E-AS-LEIS-DE-KIRCHHOFF.pdf\">SISTEMAS LINEARES E AS LEIS DE KIRCHHOFF<\/a><\/td>\n<td width=\"236\">&nbsp;<u>Mateus Almeida de Freitas<\/u>, Adriana Carvalho Rosa<\/td>\n<\/tr>\n<tr>\n<td width=\"76\">04<\/td>\n<td width=\"365\"><a href=\"http:\/\/eventos.ifg.edu.br\/secitecitumbiara\/wp-content\/uploads\/sites\/9\/2017\/03\/04.-ANALISE-DE-CARBOFURANO-EM-AMOSTRAS-DE-ABOBRINHAS.pdf\">AN\u00c1LISE DE CARBOFURANO EM AMOSTRAS DE ABOBRINHAS COMERCIALIZADAS NO MUNIC\u00cdPIO DE ITUMBIARA-GO<\/a><\/td>\n<td width=\"236\"><u>Waldicl\u00e9cio Ribeiro Farias<\/u>, Rog\u00e9rio Pacheco Rodrigues, Simone Machado Goulart, Adilson Correia Goulart, Jo\u00e3o Paulo Victorino Santos<\/td>\n<\/tr>\n<tr>\n<td width=\"76\">05<\/td>\n<td width=\"365\"><a href=\"http:\/\/eventos.ifg.edu.br\/secitecitumbiara\/wp-content\/uploads\/sites\/9\/2017\/03\/05.-METODOS-ANALITICOS-DE-IDENTIFICACAO-DE-FENILALANINA-EM-ALIMENTOS.pdf\">M\u00c9TODOS ANAL\u00cdTICOS DE IDENTIFICA\u00c7\u00c3O DE FENILALANINA EM ALIMENTOS<\/a><\/td>\n<td width=\"236\">&nbsp;Anne Kamille Silva, <u>Jordana Teodoro Bernardes<\/u>, Simone Machado Goulart, Jo\u00e3o Paulo Victorino Santos<\/td>\n<\/tr>\n<tr>\n<td width=\"76\">06<\/td>\n<td width=\"365\"><a href=\"http:\/\/eventos.ifg.edu.br\/secitecitumbiara\/wp-content\/uploads\/sites\/9\/2017\/03\/06.-CARACTERIZACAO-FISICO-QUIMICA-EM-LEITE-INFORMAL.pdf\">&nbsp;CARACTERIZA\u00c7\u00c3O F\u00cdSICO-QU\u00cdMICA EM LEITE INFORMAL<\/a><\/td>\n<td width=\"236\">&nbsp;<u>Jaqueline S. Paz<\/u>, C\u00e1rita H. Silva, Simone M. Goulart, Jo\u00e3o P. V. Santos<\/td>\n<\/tr>\n<tr>\n<td width=\"76\">07<\/td>\n<td width=\"365\"><a href=\"http:\/\/eventos.ifg.edu.br\/secitecitumbiara\/wp-content\/uploads\/sites\/9\/2017\/03\/07.-PRODUCAO-DE-BIOPOLIMERO-A-PARTIR-DOS-RESIDUOS-GERADOS-PELA-INDUSTRIA-DE-FARINHA.pdf\">PRODU\u00c7\u00c3O DE BIOPOL\u00cdMERO A PARTIR DOS RES\u00cdDUOS GERADOS PELA IND\u00daSTRIA DE FARINHA<\/a><\/td>\n<td width=\"236\"><u>J\u00e9ssyca Lourraine G. Eugenio<\/u>, Adriene S. Nascimento, Alexander A. Santos, M\u00eanyque Melline S. Souza, Nathalia O. D. Cardoso, Yasmin R. S. Goularte<\/td>\n<\/tr>\n<tr>\n<td width=\"76\">08<\/td>\n<td width=\"365\"><a href=\"http:\/\/eventos.ifg.edu.br\/secitecitumbiara\/wp-content\/uploads\/sites\/9\/2017\/03\/08.-ATIVIDADE-EXPERIMENTAL-RESULTADOS-DAS-ANALISES-FISICO-QUIMICAS-DA-AGUA-PARA-CONSUMO-HUMANO.pdf\">ATIVIDADE EXPERIMENTAL: DETERMINA\u00c7\u00c3O DE PAR\u00c2METROS F\u00cdSICO-QU\u00cdMICOS DA \u00c1GUA PARA CONSUMO HUMANO<\/a><\/td>\n<td width=\"236\">&nbsp;<u>Adrielly Machado Batista<\/u>, Rog\u00e9rio Pacheco Rodrigues, Sara Pereira Silva, Kelly Cristina Moura Nunes, Graziela Dias Ferreira, J\u00e9ssyca Lourraine Garcia Eug\u00eanio<\/td>\n<\/tr>\n<tr>\n<td width=\"76\">09<\/td>\n<td width=\"365\"><a href=\"http:\/\/eventos.ifg.edu.br\/secitecitumbiara\/wp-content\/uploads\/sites\/9\/2017\/03\/09.-EDUCACAO-FORMAL-RELATO-DE-AULA-RELACIONANDO-TEORIA-E-PRATICA.pdf\">EDUCA\u00c7\u00c3O FORMAL: RELATO DE AULA RELACIONANDO TEORIA E PR\u00c1TICA NO CONTROLE DE QUALIDADE DE A\u00c7\u00daCAR E \u00c1LCOOL<\/a><\/td>\n<td width=\"236\">&nbsp;<u>J\u00e9ssyca Lourraine Garcia Eug\u00eanio<\/u>, Graziela Dias Ferreira, Rog\u00e9rio Pacheco Rodrigues, Adrielly Machado Batista, Kelly Cristina Moura Nunes<\/td>\n<\/tr>\n<tr>\n<td width=\"76\">10<\/td>\n<td width=\"365\"><a href=\"http:\/\/eventos.ifg.edu.br\/secitecitumbiara\/wp-content\/uploads\/sites\/9\/2017\/03\/10.-ATUACAO-DO-PIBIDIANO-NA-AVALIACAO-DE-PROJETOS-CIENTIFICOS-APRESENTADOS-NA-III-CSI.pdf\">ATUA\u00c7\u00c3O DO PIBIDIANO NA AVALIA\u00c7\u00c3O DE PROJETOS CIENT\u00cdFICOS APRESENTADOS NA III CI\u00caNCIA A SERVI\u00c7O DE ITUMBIARA (CSI)<\/a><\/td>\n<td width=\"236\"><u>Rog\u00e9rio Pacheco Rodrigues<\/u>, Danielle Ferreira Tizzo, Daiana Paula Duarte Teixeira, Gl\u00e1ucia Aparecida Andrade Rezende<\/td>\n<\/tr>\n<tr>\n<td width=\"76\">11<\/td>\n<td width=\"365\"><a href=\"http:\/\/eventos.ifg.edu.br\/secitecitumbiara\/wp-content\/uploads\/sites\/9\/2017\/03\/11.-AULA-PRATICA-SOBRE-SEPARACAO-DE-MISTURA-E-O-PAPEL-DO-ALUNO.pdf\">&nbsp;AULA PR\u00c1TICA SOBRE SEPARA\u00c7\u00c3O DE MISTURA E O PAPEL DO ALUNO NA CONSTRU\u00c7\u00c3O DO SEU CONHECIMENTO<\/a><\/td>\n<td width=\"236\">&nbsp;<u>Amanda L. N. Miranda<\/u>, Maria A. da Costa, Priscila B. Santos, Milena N. Maru, Blyeny H. P. Alves<\/td>\n<\/tr>\n<tr>\n<td width=\"76\">12<\/td>\n<td width=\"365\"><a href=\"http:\/\/eventos.ifg.edu.br\/secitecitumbiara\/wp-content\/uploads\/sites\/9\/2017\/03\/12.-EXPLORANDO-A-QUIMICA-DO-BOLO-NO-CONTEXTO-DA-SALA-DE-AULA.pdf\">&nbsp;EXPLORANDO A QU\u00cdMICA DO BOLO NO CONTEXTO DA SALA DE AULA<\/a><\/td>\n<td width=\"236\">&nbsp;<u>Milena N. Maru<\/u>, Maria A. da Costa, Amanda L. N. Miranda, Priscila B. Santos, Blyeny H. P. Alves, Edina C. R. F. Alves<\/td>\n<\/tr>\n<tr>\n<td width=\"76\">13<\/td>\n<td width=\"365\"><a href=\"http:\/\/eventos.ifg.edu.br\/secitecitumbiara\/wp-content\/uploads\/sites\/9\/2017\/03\/13.-UTILIZACAO-DE-MATERIAL-ALTERNATIVO-PARA-O-ESTUDO-DE-ISOMERIA-NO-ENSINO-DE-QUIMICA.pdf\">&nbsp;UTILIZA\u00c7\u00c3O DE MATERIAL ALTERNATIVO PARA O ESTUDO DE ISOMERIA NO ENSINO DE QU\u00cdMICA<\/a><\/td>\n<td width=\"236\"><u>Priscila B. Santos<\/u>, Maria A. da Costa, Amanda L. N. Miranda, Milena N. Maru, Blyeny H. P. Alves, \u00c9dina C. R. F. Alves<\/td>\n<\/tr>\n<tr>\n<td width=\"76\">14<\/td>\n<td width=\"365\"><a href=\"http:\/\/eventos.ifg.edu.br\/secitecitumbiara\/wp-content\/uploads\/sites\/9\/2017\/03\/14.-A-UTILIZACAO-DE-AULAS-PRATICAS-COMO-FORMA-DE-CONTRIBUICAO.pdf\">A UTILIZA\u00c7\u00c3O DE AULAS PR\u00c1TICAS COMO FORMA DE CONTRIBUI\u00c7\u00c3O PARA O PROCESSO ENSINO-APRENDIZAGEM<\/a><\/td>\n<td width=\"236\"><u>Lucas Miranda Vieira<\/u>, Gl\u00e1ucia Aparecida Andrade Rezende, Fernando Flauzino da Silva<\/td>\n<\/tr>\n<tr>\n<td width=\"76\">15<\/td>\n<td width=\"365\"><a href=\"http:\/\/eventos.ifg.edu.br\/secitecitumbiara\/wp-content\/uploads\/sites\/9\/2017\/03\/15.-FABRICACAO-DE-DESINFETANTE-COM-ALUNOS-DA-UNIDADE-PRISIONAL-DE-SARANDI-GO.pdf\">FABRICA\u00c7\u00c3O DE DESINFETANTE COM ALUNOS DA UNIDADE PRISIONAL DE SARANDI-GO<\/a><\/td>\n<td width=\"236\"><u>Lucilene C\u00e2ndida dos Santos<\/u>, Eloise Aparecida Rodrigues<\/td>\n<\/tr>\n<tr>\n<td width=\"76\">16<\/td>\n<td width=\"365\"><a href=\"http:\/\/eventos.ifg.edu.br\/secitecitumbiara\/wp-content\/uploads\/sites\/9\/2017\/03\/16.-EDUCACAO-AMBIENTAL-NA-EDUCACAO-INFANTIL.pdf\">EDUCA\u00c7\u00c3O AMBIENTAL NA EDUCA\u00c7\u00c3O INFANTIL: PR\u00c1TICAS EDUCATIVAS SOBRE O TEMA \u00c1GUA EM UMA ESCOLA DO CAMPO<\/a><\/td>\n<td width=\"236\">&nbsp;<u>Mara\u00edna S. Medeiros<\/u>, Ingrid D. S. Pacheco, Edyane T. Padilha, Layla G. Girotto, Sheila C. Canobre, F\u00e1bio A. D. Amaral<\/td>\n<\/tr>\n<tr>\n<td width=\"76\">17<\/td>\n<td width=\"365\"><a href=\"http:\/\/eventos.ifg.edu.br\/secitecitumbiara\/wp-content\/uploads\/sites\/9\/2017\/03\/17.-TRANSESTERIFICACAO-DO-SEBO-BOVINO-PARA-PRODUCAO-DE-BIODIESEL.pdf\">TRANSESTERIFICA\u00c7\u00c3O DO SEBO BOVINO PARA PRODU\u00c7\u00c3O DE BIODIESEL<\/a><\/td>\n<td width=\"236\">&nbsp;Tatiana Aparecida. R da Silva, <u>Nath\u00e1lia Augusta U. Caetano<\/u>, Pedro Henrique P. Borges<\/td>\n<\/tr>\n<tr>\n<td valign=\"center\" width=\"121\"><strong>Ci\u00eancias Biol\u00f3gicas<\/strong><\/td>\n<td width=\"76\">18<\/td>\n<td width=\"365\"><a href=\"http:\/\/eventos.ifg.edu.br\/secitecitumbiara\/wp-content\/uploads\/sites\/9\/2017\/03\/18.-O-jogo-como-estrategia-didatica-para-o-ensino-de-Educacao-Ambiental.pdf\">&nbsp;O JOGO COMO ESTRAT\u00c9GIA DID\u00c1TICA PARA O ENSINO DE EDUCA\u00c7\u00c3O AMBIENTAL<\/a><\/td>\n<td width=\"236\">Let\u00edcia A. Silva, Jenyffer S. E. Mur\u00e7a, <u>Dayana F. Abdalla<\/u><\/td>\n<\/tr>\n<tr>\n<td rowspan=\"4\" valign=\"center\" width=\"121\"><strong>Engenharias<\/strong><\/td>\n<td width=\"76\">19<\/td>\n<td width=\"365\"><a href=\"http:\/\/eventos.ifg.edu.br\/secitecitumbiara\/wp-content\/uploads\/sites\/9\/2017\/03\/19.-ANALISE-DE-DESEMPENHO-DE-DIFERENTES-SISTEMAS-FOTOVOLTAICOS.pdf\">&nbsp;AN\u00c1LISE DE DESEMPENHO DE DIFERENTES SISTEMAS FOTOVOLTAICOS EM OPERA\u00c7\u00c3O NA CIDADE DE ITUMBIARA, GOI\u00c1S<\/a><\/td>\n<td width=\"236\">&nbsp;<u>Nayara Santana de Paula<\/u>, Sergio B. Silva, Ol\u00edvio Souto<\/td>\n<\/tr>\n<tr>\n<td width=\"76\">20<\/td>\n<td width=\"365\"><a href=\"http:\/\/eventos.ifg.edu.br\/secitecitumbiara\/wp-content\/uploads\/sites\/9\/2017\/03\/20.-ESTUDO-DOS-IMPACTOS-DA-MICROGERACAO-FOTOVOLTAICA-NA-QUALIDADE-DE-ENERGIA.pdf\">ESTUDO DOS IMPACTOS DA MICROGERA\u00c7\u00c3O FOTOVOLTAICA NA QUALIDADE DE ENERGIA DE SISTEMAS DE DISTRIBUI\u00c7\u00c3O<\/a><\/td>\n<td width=\"236\">&nbsp;<u>Carlos A. A. Campos<\/u>, Ol\u00edvio C. N. Souto, S\u00e9rgio B. Silva<\/td>\n<\/tr>\n<tr>\n<td width=\"76\">21<\/td>\n<td width=\"365\"><a href=\"http:\/\/eventos.ifg.edu.br\/secitecitumbiara\/wp-content\/uploads\/sites\/9\/2017\/03\/21.-ELABORACAO-DE-UMA-INTERFACE-GRAFICA-PARA-ANALISE-ESTATISTICA-PROBABILISTICA.pdf\">&nbsp;ELABORA\u00c7\u00c3O DE UMA INTERFACE GR\u00c1FICA PARA AN\u00c1LISE ESTAT\u00cdSTICA\/PROBABIL\u00cdSTICA DE SINAIS EL\u00c9TRICOS<\/a><\/td>\n<td width=\"236\">&nbsp;<u>Guilherme A. Arantes<\/u>, Jos\u00e9 Fl\u00e1vio S. Amaral, Ol\u00edvio Carlos S. do Nascimento<\/td>\n<\/tr>\n<tr>\n<td width=\"76\">22<\/td>\n<td width=\"365\"><a href=\"http:\/\/eventos.ifg.edu.br\/secitecitumbiara\/wp-content\/uploads\/sites\/9\/2017\/03\/22.-ANALISE-DINAMICA-DO-GERADOR-DE-INDUCAO-DUPLAMENTE-ALIMENTADO.pdf\">AN\u00c1LISE DIN\u00c2MICA DO GERADOR DE INDU\u00c7\u00c3O DUPLAMENTE ALIMENTADO PARA CONEX\u00c3O COM A REDE EL\u00c9TRICA COM VISTAS AO APROVEITAMENTO DE ENERGIA E\u00d3LICA: ESTADO DA ARTE<\/a><\/td>\n<td width=\"236\"><u>Heitor Lopes Rabelo<\/u>, Victor R\u00e9gis Bernardeli<\/td>\n<\/tr>\n<tr>\n<td valign=\"center\" width=\"121\"><strong>Ci\u00eancias Agr\u00e1rias<\/strong><\/td>\n<td width=\"76\">23<\/td>\n<td width=\"365\"><a href=\"http:\/\/eventos.ifg.edu.br\/secitecitumbiara\/wp-content\/uploads\/sites\/9\/2017\/03\/23.-REESTRUTURACAO-DO-SOLO-APOS-O-CULTIVO-DA-CANA-DE-ACUCAR.pdf\">REESTRUTURA\u00c7\u00c3O DO SOLO, AP\u00d3S O CULTIVO DA CANA-DE-A\u00c7\u00daCAR, POR MEIO DE ADUBA\u00c7\u00c3O ORG\u00c2NICA E PLANTIO DE SOJA<\/a><\/td>\n<td width=\"236\">Ana Paula G. Silva, Dejancarlos S. F. da Costa, <u>Nathalia A. U. Caetano<\/u>, Sabrina P. Silva, Savanna Ellen S. Morais<\/td>\n<\/tr>\n<tr>\n<td rowspan=\"13\" valign=\"center\" width=\"121\"><strong>Ci\u00eancias Humanas<\/strong><\/td>\n<td width=\"76\">24<\/td>\n<td width=\"365\"><a href=\"http:\/\/eventos.ifg.edu.br\/secitecitumbiara\/wp-content\/uploads\/sites\/9\/2017\/03\/24.-Analise-das-metodologias-de-ensino-de-quimica-e-sua-influencia.pdf\">AN\u00c1LISE DAS METODOLOGIAS DE ENSINO DE QU\u00cdMICA E SUA INFLU\u00caNCIA NOS PROCESSOS DE ENSINO E APRENDIZAGEM<\/a><\/td>\n<td width=\"236\"><u>Lilian M. de Moraes<\/u>, Maria Aparecida da Costa, Karina V. Klein<\/td>\n<\/tr>\n<tr>\n<td width=\"76\">25<\/td>\n<td width=\"365\"><a href=\"http:\/\/eventos.ifg.edu.br\/secitecitumbiara\/wp-content\/uploads\/sites\/9\/2017\/03\/25.-ATIVIDADES-PRATICAS-DA-QUIMICA-E-SUA-INSERCAO-NAS-ACOES-DE-EXTENSAO-DO-IFG.pdf\">ATIVIDADES PR\u00c1TICAS DA QU\u00cdMICA E SUA INSER\u00c7\u00c3O NAS A\u00c7\u00d5ES DE EXTENS\u00c3O NO IFG<\/a><\/td>\n<td width=\"236\"><u>Blenda Galv\u00e3o Costa Guimar\u00e3es<\/u>, Blyeny H. P. Alves<\/td>\n<\/tr>\n<tr>\n<td width=\"76\">26<\/td>\n<td width=\"365\"><a href=\"http:\/\/eventos.ifg.edu.br\/secitecitumbiara\/wp-content\/uploads\/sites\/9\/2017\/03\/26.-CONCEPCOES-DE-UM-GRUPO-DE-PROFESSORES-DE-QUIMICA-SOBRE-CONTEXTUALIZACAO.pdf\">CONCEP\u00c7\u00d5ES DE UM GRUPO DE PROFESSORES DE QU\u00cdMICA SOBRE CONTEXTUALIZA\u00c7\u00c3O E RELA\u00c7\u00c3O COM A APRENDIZAGEM<\/a><\/td>\n<td width=\"236\">&nbsp;<u>Maria A. da Costa<\/u>, Karla A. P. Field\u2019s<\/td>\n<\/tr>\n<tr>\n<td width=\"76\">27<\/td>\n<td width=\"365\"><a href=\"http:\/\/eventos.ifg.edu.br\/secitecitumbiara\/wp-content\/uploads\/sites\/9\/2017\/03\/27.-O-PAPEL-SOCIAL-DA-QUIMICA-A-PARTIR-DO-CULTIVO-DE-UMA-HORTA.pdf\">&nbsp;O PAPEL SOCIAL DA QU\u00cdMICA A PARTIR DO CULTIVO DE UMA HORTA NA ESCOLA<\/a><\/td>\n<td width=\"236\">&nbsp;<u>Maria A. da Costa<\/u>, Karla A. P. Field\u2019s, Thais M. Vasconcelos, Yuri A. Oliveira, Yuri M. D. Nascimento<\/td>\n<\/tr>\n<tr>\n<td width=\"76\">28<\/td>\n<td width=\"365\"><a href=\"http:\/\/eventos.ifg.edu.br\/secitecitumbiara\/wp-content\/uploads\/sites\/9\/2017\/03\/28.-A-CONTEXTUALIZACAO-NO-ENSINO-DE-QUIMICA-COM-AUXILIO-DE-EXPERIMENTOS.pdf\">&nbsp;A CONTEXTUALIZA\u00c7\u00c3O NO ENSINO DE QU\u00cdMICA COM AUX\u00cdLIO DE EXPERIMENTOS NO PROCESSO DE ENSINO APRENDIZAGEM<\/a><\/td>\n<td width=\"236\">&nbsp;<u>Danielle Ferreira Tizzo<\/u>, Rog\u00e9rio Pacheco Rodrigues, Daiana Paula Duarte Teixeira, Gl\u00e1ucia Aparecida Andrade Rezende<\/td>\n<\/tr>\n<tr>\n<td width=\"76\">29<\/td>\n<td width=\"365\"><a href=\"http:\/\/eventos.ifg.edu.br\/secitecitumbiara\/wp-content\/uploads\/sites\/9\/2017\/03\/29.-METODO-DE-AVALIACAO-O-DESENVOLVIMENTO-DE-UMA-PRATICA-PEDAGOGICA.pdf\">M\u00c9TODO DE AVALIA\u00c7\u00c3O: O DESENVOLVIMENTO DE UMA PR\u00c1TICA PEDAG\u00d3GICA TENDO COMO FOCO A APRESENTA\u00c7\u00c3O DE SEMIN\u00c1RIOS<\/a><\/td>\n<td width=\"236\">&nbsp;<u>Danielle Ferreira Tizzo<\/u>, V\u00e9cia de F\u00e1tima Vitorino<\/td>\n<\/tr>\n<tr>\n<td width=\"76\">30<\/td>\n<td width=\"365\"><a href=\"http:\/\/eventos.ifg.edu.br\/secitecitumbiara\/wp-content\/uploads\/sites\/9\/2017\/03\/30.-ESTUDANTES-DE-LICENCIATURA-EM-QUIMICA-NAS-ATIVIDADES-DO-LABORATORIO-DE-BIOLOGIA.pdf\">ESTUDANTES DE LICENCIATURA EM QU\u00cdMICA NAS ATIVIDADES DO LABORAT\u00d3RIO DE BIOLOGIA NO PROJETO &#8220;CONHECENDO O IFG&#8221;<\/a><\/td>\n<td width=\"236\"><u>Caroline P. Ferreira Drigo<\/u>, Reginaldo F. da Silva, Vanessa F. Santos, Blyeny H. P. Alves, Dayana F. Abdalla, Fernando dos R. de Carvalho<\/td>\n<\/tr>\n<tr>\n<td width=\"76\">31<\/td>\n<td width=\"365\"><a href=\"http:\/\/eventos.ifg.edu.br\/secitecitumbiara\/wp-content\/uploads\/sites\/9\/2017\/03\/31.-ESCOLHA-DO-CURSO-DE-LICENCIATURA-EM-QUIMICA.pdf\">ESCOLHA DO CURSO DE LICENCIATURA EM QU\u00cdMICA: AN\u00c1LISE SOBRE AS MOTIVA\u00c7\u00d5ES DISCENTES<\/a><\/td>\n<td width=\"236\"><u>Yuri Alves Oliveira<\/u>, Andrea Gomes Cardoso, Simone Machado Goulart<\/td>\n<\/tr>\n<tr>\n<td width=\"76\">32<\/td>\n<td width=\"365\"><a href=\"http:\/\/eventos.ifg.edu.br\/secitecitumbiara\/wp-content\/uploads\/sites\/9\/2017\/03\/32.-Fatores-determinantes-da-evasao-no-Curso-Tecnico-Integrado-em-Eletrotecnica.pdf\">FATORES DETERMINANTES DA EVAS\u00c3O NO CURSO T\u00c9CNICO INTEGRADO EM ELETROT\u00c9CNICA DO IFG, <em>CAMPUS <\/em>ITUMBIARA<\/a><\/td>\n<td width=\"236\"><u>Andrea G. Cardoso<\/u>, Adriana de A. Damasceno, Aline S. Barroso, Daniele B. de Aquino, Fernando dos R. de Carvalho, Patr\u00edcia A. P. Borges<\/td>\n<\/tr>\n<tr>\n<td width=\"76\">33<\/td>\n<td width=\"365\"><a href=\"http:\/\/eventos.ifg.edu.br\/secitecitumbiara\/wp-content\/uploads\/sites\/9\/2017\/03\/33.-O-ENSINO-APRENDIZAGEM-EM-RELACAO-AS-LEIS-10.639-2003-E-11.645-2008.pdf\">O ENSINO-APRENDIZAGEM EM RELA\u00c7\u00c3O \u00c0S LEIS 10.639\/2003 E 11.645\/2008 EM UMA ESCOLA P\u00daBLICA NO MUNIC\u00cdPIO DE ITUMBIARA<\/a><\/td>\n<td width=\"236\">Camila Faria Silva, J\u00e9ssica Campos Silva, Marlene Ribeiro da Silva Graciano<\/td>\n<\/tr>\n<tr>\n<td width=\"76\">34<\/td>\n<td width=\"365\"><a href=\"http:\/\/eventos.ifg.edu.br\/secitecitumbiara\/wp-content\/uploads\/sites\/9\/2017\/03\/34.-FORMACAO-DE-PROFESSORES-DESAFIOS-NO-COTIDIANO-ESCOLAR.pdf\">FORMA\u00c7\u00c3O DE PROFESSORES: DESAFIOS NO COTIDIANO ESCOLAR<\/a><\/td>\n<td width=\"236\"><u>N\u00fabia A. P. Santos<\/u><\/td>\n<\/tr>\n<tr>\n<td width=\"76\">35<\/td>\n<td width=\"365\"><a href=\"http:\/\/eventos.ifg.edu.br\/secitecitumbiara\/wp-content\/uploads\/sites\/9\/2017\/03\/35.-O-PROCESSO-DE-URBANIZACAO-BRASILEIRA-NO-ENSINO-DE-GEOGRAFIA.pdf\">O PROCESSO DE URBANIZA\u00c7\u00c3O BRASILEIRA NO ENSINO DE GEOGRAFIA<\/a><\/td>\n<td width=\"236\">Guilherme Henrique S. Sobrinho, Arthur Lopes M. Arantes, Paulo S. Takeshiro, Pablo Henrrico, <u>Nelson Ney Dantas Cruz<\/u><\/td>\n<\/tr>\n<tr>\n<td width=\"76\">36<\/td>\n<td width=\"365\"><a href=\"http:\/\/eventos.ifg.edu.br\/secitecitumbiara\/wp-content\/uploads\/sites\/9\/2017\/03\/36.-O-REORDENAMENTO-DO-TRANSPORTE-COLETIVO-EM-ITUMBIARA.pdf\">O REORDENAMENTO DO TRANSPORTE COLETIVO EM ITUMBIARA: O PAPEL DO APLICATIVO MOOVIT E A NECESSIDADE DE NOVOS TRAJETOS<\/a><\/td>\n<td width=\"236\">Beatriz Xavier da Costa Fonseca, Brenda Ribeiro Ferreira, Eliza Ferreira Marques, Heloisa Maria Oliveira Rosa, <u>Nelson Ney Dantas Cruz<\/u><\/td>\n<\/tr>\n<tr>\n<td valign=\"center\" width=\"121\"><strong>Lingu\u00edstica, Letras e Artes<\/strong><\/td>\n<td width=\"76\">37<\/td>\n<td width=\"365\"><a href=\"http:\/\/eventos.ifg.edu.br\/secitecitumbiara\/wp-content\/uploads\/sites\/9\/2017\/03\/37.-A-FOTOGRAFIA-COMO-OBJETO-INTERDISCIPLINAR.pdf\">&nbsp;A FOTOGRAFIA COMO OBJETO INTERDISCIPLINAR<\/a><\/td>\n<td width=\"236\">Fernanda da S. Oliveira, <u>Karinne M. Silva<\/u><\/td>\n<\/tr>\n<\/tbody>\n<\/table>\n","protected":false},"excerpt":{"rendered":"<p>ISSN &nbsp; &nbsp; 2526-7809 2016 &nbsp; \u00c1REA DE CONCENTRA\u00c7\u00c3O N\u00ba RESUMO T\u00cdTULO DO TRABALHO AUTORES Ci\u00eancias Exatas e da Terra 01 A GEOMETRIA ANAL\u00cdTICA NAS MOL\u00c9CULAS Adriana Carvalho Rosa, Glezia Borges Dutra Santos, Graziela Ana\u00eddes Carmo de Freitas Hercos, Ricardo Soares Oliveira, Waster Jhonny Alves Teixeira. 02 ESTUDO GEOM\u00c9TRICO DE M\u00c1XIMOS E M\u00cdNIMOS DE UMA <a class=\"more-link\" href=\"https:\/\/eventos.ifg.edu.br\/secitecitumbiara\/anais-secitec-2016\/\">Leia mais&#8230; &raquo;<\/a><\/p>\n","protected":false},"author":23,"featured_media":0,"parent":0,"menu_order":0,"comment_status":"closed","ping_status":"closed","template":"","meta":{"ngg_post_thumbnail":0,"footnotes":""},"class_list":["post-67","page","type-page","status-publish","hentry"],"_links":{"self":[{"href":"https:\/\/eventos.ifg.edu.br\/secitecitumbiara\/wp-json\/wp\/v2\/pages\/67"}],"collection":[{"href":"https:\/\/eventos.ifg.edu.br\/secitecitumbiara\/wp-json\/wp\/v2\/pages"}],"about":[{"href":"https:\/\/eventos.ifg.edu.br\/secitecitumbiara\/wp-json\/wp\/v2\/types\/page"}],"author":[{"embeddable":true,"href":"https:\/\/eventos.ifg.edu.br\/secitecitumbiara\/wp-json\/wp\/v2\/users\/23"}],"replies":[{"embeddable":true,"href":"https:\/\/eventos.ifg.edu.br\/secitecitumbiara\/wp-json\/wp\/v2\/comments?post=67"}],"version-history":[{"count":28,"href":"https:\/\/eventos.ifg.edu.br\/secitecitumbiara\/wp-json\/wp\/v2\/pages\/67\/revisions"}],"predecessor-version":[{"id":1553,"href":"https:\/\/eventos.ifg.edu.br\/secitecitumbiara\/wp-json\/wp\/v2\/pages\/67\/revisions\/1553"}],"wp:attachment":[{"href":"https:\/\/eventos.ifg.edu.br\/secitecitumbiara\/wp-json\/wp\/v2\/media?parent=67"}],"curies":[{"name":"wp","href":"https:\/\/api.w.org\/{rel}","templated":true}]}}