{"id":577,"date":"2017-03-24T11:33:29","date_gmt":"2017-03-24T14:33:29","guid":{"rendered":"http:\/\/eventos.ifg.edu.br\/secitecitumbiara\/?page_id=577"},"modified":"2025-11-18T14:39:07","modified_gmt":"2025-11-18T17:39:07","slug":"normas","status":"publish","type":"page","link":"https:\/\/eventos.ifg.edu.br\/secitecitumbiara\/normas\/","title":{"rendered":"Normas"},"content":{"rendered":"<p><a href=\"http:\/\/eventos.ifg.edu.br\/secitecitumbiara\/wp-content\/uploads\/sites\/9\/2025\/10\/Instrucoes-para-elaboracao-de-RESUMOS-SIMPLES-SECITEC-2025-IFG-Itumbiara-1.pdf\" target=\"_blank\" rel=\"noopener\">Instru\u00e7\u00f5es gerais para elabora\u00e7\u00e3o de RESUMOS SIMPLES<\/a><\/p>\n<p><a href=\"http:\/\/eventos.ifg.edu.br\/secitecitumbiara\/wp-content\/uploads\/sites\/9\/2025\/10\/Modelo_RESUMO_SIMPLES_SECITEC_2025_IFG_Itumbiara.doc\">Modelo de RESUMO SIMPLES<\/a><\/p>\n<p><a href=\"http:\/\/eventos.ifg.edu.br\/secitecitumbiara\/wp-content\/uploads\/sites\/9\/2025\/10\/modelo_apresentacao_oral_secitec_ifg_itumbiara_2025.pptx\">Modelo de Apresenta\u00e7\u00e3o Oral<\/a><\/p>\n<p><a href=\"http:\/\/eventos.ifg.edu.br\/secitecitumbiara\/wp-content\/uploads\/sites\/9\/2025\/10\/modelo_poster_secitec_ifg_itumbiara_2025.pptx\">Modelo de P\u00f4ster<\/a><\/p>\n<p><a href=\"http:\/\/eventos.ifg.edu.br\/secitecitumbiara\/wp-content\/uploads\/sites\/9\/2025\/11\/Procedimentos-Sessao-Oral-e-Poster.pdf\">Procedimentos Apresenta\u00e7\u00f5es: Se\u00e7\u00e3o Oral e P\u00f4ster<\/a><\/p>\n<p>&nbsp;<\/p>\n<p>&nbsp;<\/p>\n<p>&nbsp;<\/p>\n\n\n<p><\/p>\n","protected":false},"excerpt":{"rendered":"<p>Instru\u00e7\u00f5es gerais para elabora\u00e7\u00e3o de RESUMOS SIMPLES Modelo de RESUMO SIMPLES Modelo de Apresenta\u00e7\u00e3o Oral Modelo de P\u00f4ster Procedimentos Apresenta\u00e7\u00f5es: Se\u00e7\u00e3o Oral e P\u00f4ster &nbsp; &nbsp; &nbsp;<\/p>\n","protected":false},"author":23,"featured_media":0,"parent":0,"menu_order":0,"comment_status":"closed","ping_status":"closed","template":"","meta":{"ngg_post_thumbnail":0,"footnotes":""},"class_list":["post-577","page","type-page","status-publish","hentry"],"_links":{"self":[{"href":"https:\/\/eventos.ifg.edu.br\/secitecitumbiara\/wp-json\/wp\/v2\/pages\/577"}],"collection":[{"href":"https:\/\/eventos.ifg.edu.br\/secitecitumbiara\/wp-json\/wp\/v2\/pages"}],"about":[{"href":"https:\/\/eventos.ifg.edu.br\/secitecitumbiara\/wp-json\/wp\/v2\/types\/page"}],"author":[{"embeddable":true,"href":"https:\/\/eventos.ifg.edu.br\/secitecitumbiara\/wp-json\/wp\/v2\/users\/23"}],"replies":[{"embeddable":true,"href":"https:\/\/eventos.ifg.edu.br\/secitecitumbiara\/wp-json\/wp\/v2\/comments?post=577"}],"version-history":[{"count":23,"href":"https:\/\/eventos.ifg.edu.br\/secitecitumbiara\/wp-json\/wp\/v2\/pages\/577\/revisions"}],"predecessor-version":[{"id":2214,"href":"https:\/\/eventos.ifg.edu.br\/secitecitumbiara\/wp-json\/wp\/v2\/pages\/577\/revisions\/2214"}],"wp:attachment":[{"href":"https:\/\/eventos.ifg.edu.br\/secitecitumbiara\/wp-json\/wp\/v2\/media?parent=577"}],"curies":[{"name":"wp","href":"https:\/\/api.w.org\/{rel}","templated":true}]}}