{"id":57,"date":"2016-03-03T10:30:54","date_gmt":"2016-03-03T13:30:54","guid":{"rendered":"http:\/\/eventos.ifg.edu.br\/secitecitumbiara\/?page_id=57"},"modified":"2023-10-25T08:33:49","modified_gmt":"2023-10-25T11:33:49","slug":"contato","status":"publish","type":"page","link":"https:\/\/eventos.ifg.edu.br\/secitecitumbiara\/contato\/","title":{"rendered":"Contato"},"content":{"rendered":"<p style=\"text-align: center\">Instituto Federal de Goi\u00e1s (IFG) \u2013 C\u00e2mpus Itumbiara<\/p>\n<p style=\"text-align: center\">GEPEX &#8211; Ger\u00eancia de Pesquisa, P\u00f3s-Gradua\u00e7\u00e3o e Extens\u00e3o<br \/>\nAv. Furnas, 55 &#8211; Village Imperial, Itumbiara &#8211; GO, CEP <a href=\"https:\/\/www.google.com.br\/maps\/place\/IFG+Campus+-+Itumbiara\/@-18.4352325,-49.2141151,18z\/data=!3m1!4b1!4m12!1m6!3m5!1s0x94a10d4d65b47c6d:0x2d1d0eaf20f812f0!2sIFG+Campus+-+Itumbiara!8m2!3d-18.435235!4d-49.2130208!3m4!1s0x94a10d4d65b47c6d:0x2d1d0eaf20f812f0!8m2!3d-18.435235!4d-49.2130208\" rel=\"alternate\">75.524-245<\/a><\/p>\n<p style=\"text-align: center\">E-mail: gepex.itumbiara@ifg.edu.br<\/p>\n","protected":false},"excerpt":{"rendered":"<p>Instituto Federal de Goi\u00e1s (IFG) \u2013 C\u00e2mpus Itumbiara GEPEX &#8211; Ger\u00eancia de Pesquisa, P\u00f3s-Gradua\u00e7\u00e3o e Extens\u00e3o Av. Furnas, 55 &#8211; Village Imperial, Itumbiara &#8211; GO, CEP 75.524-245 E-mail: gepex.itumbiara@ifg.edu.br<\/p>\n","protected":false},"author":23,"featured_media":0,"parent":0,"menu_order":0,"comment_status":"closed","ping_status":"closed","template":"","meta":{"ngg_post_thumbnail":0,"footnotes":""},"class_list":["post-57","page","type-page","status-publish","hentry"],"_links":{"self":[{"href":"https:\/\/eventos.ifg.edu.br\/secitecitumbiara\/wp-json\/wp\/v2\/pages\/57"}],"collection":[{"href":"https:\/\/eventos.ifg.edu.br\/secitecitumbiara\/wp-json\/wp\/v2\/pages"}],"about":[{"href":"https:\/\/eventos.ifg.edu.br\/secitecitumbiara\/wp-json\/wp\/v2\/types\/page"}],"author":[{"embeddable":true,"href":"https:\/\/eventos.ifg.edu.br\/secitecitumbiara\/wp-json\/wp\/v2\/users\/23"}],"replies":[{"embeddable":true,"href":"https:\/\/eventos.ifg.edu.br\/secitecitumbiara\/wp-json\/wp\/v2\/comments?post=57"}],"version-history":[{"count":5,"href":"https:\/\/eventos.ifg.edu.br\/secitecitumbiara\/wp-json\/wp\/v2\/pages\/57\/revisions"}],"predecessor-version":[{"id":2035,"href":"https:\/\/eventos.ifg.edu.br\/secitecitumbiara\/wp-json\/wp\/v2\/pages\/57\/revisions\/2035"}],"wp:attachment":[{"href":"https:\/\/eventos.ifg.edu.br\/secitecitumbiara\/wp-json\/wp\/v2\/media?parent=57"}],"curies":[{"name":"wp","href":"https:\/\/api.w.org\/{rel}","templated":true}]}}