{"id":50,"date":"2017-03-03T10:28:01","date_gmt":"2017-03-03T13:28:01","guid":{"rendered":"http:\/\/eventos.ifg.edu.br\/secitecitumbiara\/?page_id=50"},"modified":"2025-11-12T16:29:05","modified_gmt":"2025-11-12T19:29:05","slug":"apresentacao-2016","status":"publish","type":"page","link":"https:\/\/eventos.ifg.edu.br\/secitecitumbiara\/","title":{"rendered":"Apresenta\u00e7\u00e3o"},"content":{"rendered":"<p>A Semana de Educa\u00e7\u00e3o, Ci\u00eancia e Tecnologia do Instituto Federal de Educa\u00e7\u00e3o, Ci\u00eancia e Tecnologia de Goi\u00e1s \u2013 C\u00e2mpus Itumbiara (SECITEC) \u00e9 o principal evento realizado pelo IFG \u2013 C\u00e2mpus Itumbiara. Como nas edi\u00e7\u00f5es anteriores, a tem\u00e1tica geral de todas as SECITECs do IFG seguir\u00e1 a proposta da 22\u00aa Semana Nacional de Ci\u00eancia e Tecnologia, organizada pelo Governo Federal por meio do Minist\u00e9rio da Ci\u00eancia, Tecnologia e Inova\u00e7\u00e3o.&nbsp;<\/p>\n<p>Em 2025, o tema da iniciativa ser\u00e1:<\/p>\n<p><strong>\u201cPlaneta \u00c1gua: a cultura oce\u00e2nica para enfrentar as mudan\u00e7as clim\u00e1ticas no meu territ\u00f3rio.\u201d<\/strong><\/p>\n<p>A primeira edi\u00e7\u00e3o da&nbsp;SECITEC&nbsp;foi realizada no IFG \u2013 C\u00e2mpus Itumbiara no ano de 2010 e, desde ent\u00e3o, vem apresentando um crescimento gradativo no n\u00famero de participantes e na quantidade de atividades ofertadas \u00e0 comunidade.&nbsp;<\/p>\n<p>O evento se orienta pela miss\u00e3o dos Institutos Federais de formar e qualificar profissionais para os diversos setores da economia e promover o desenvolvimento tecnol\u00f3gico em estreita articula\u00e7\u00e3o com os setores produtivos e com a sociedade, oferecendo mecanismos para a educa\u00e7\u00e3o continuada.<\/p>\n<p>A organiza\u00e7\u00e3o da&nbsp;SECITEC&nbsp;\u00e9 de responsabilidade da Ger\u00eancia de Pesquisa, P\u00f3s-Gradua\u00e7\u00e3o e Extens\u00e3o (GEPEX) do IFG \u2013 C\u00e2mpus Itumbiara, com o apoio dos n\u00facleos de pesquisa em atividade:<\/p>\n<ul>\n<li>N\u00facleo de Pesquisas em Sistemas de Energia&nbsp;<strong>(NuPSE)<\/strong><\/li>\n<li>N\u00facleo de Pesquisas em Qu\u00edmica&nbsp;<strong>(NuPEQUI)<\/strong><\/li>\n<li>N\u00facleo de Pesquisa e Extens\u00e3o Tecnol\u00f3gica Baseado em Cultura Maker&nbsp;<strong>(NuPEMaker)<\/strong><\/li>\n<li>N\u00facleo de Estudo, Pesquisa e Extens\u00e3o em Educa\u00e7\u00e3o e Processos Educacionais&nbsp;<strong>(NuPEPE)<\/strong><\/li>\n<li>\n<div>NAIPE &#8211;&nbsp;N\u00facleo de Pesquisas em Automa\u00e7\u00e3o, Instrumenta\u00e7\u00e3o, Processos e Energias<\/div>\n<\/li>\n<li>\n<div>NULOMT &#8211; N\u00facleo Local do Observat\u00f3rio do Mundo do Trabalho<\/div>\n<\/li>\n<\/ul>\n<ul style=\"font-weight: 400\">\n<li><strong><span style=\"font-weight: 400\">Programa de Educa\u00e7\u00e3o Tutorial (PET) Qu\u00edmica: Educa\u00e7\u00e3o, Ambiente e Sociedade.&nbsp;<\/span><\/strong><\/li>\n<\/ul>\n<p>Nesse sentido, o evento visa alcan\u00e7ar os seguintes objetivos:<\/p>\n<ul>\n<li style=\"font-weight: 400\"><span style=\"font-weight: 400\">Estimular a aproxima\u00e7\u00e3o entre o IFG e a comunidade externa por meio de a\u00e7\u00f5es e projetos de ensino, pesquisa e extens\u00e3o desenvolvidos na institui\u00e7\u00e3o;<\/span><\/li>\n<li style=\"font-weight: 400\"><span style=\"font-weight: 400\">Criar um ambiente de debate e reflex\u00e3o sobre tem\u00e1ticas de interesse das \u00e1reas de engenharia, qu\u00edmica, forma\u00e7\u00e3o de professores e rela\u00e7\u00f5es pessoais;<\/span><\/li>\n<li style=\"font-weight: 400\"><span style=\"font-weight: 400\">Comunicar resultados de projetos de pesquisa ou trabalhos desenvolvidos pelas institui\u00e7\u00f5es de ensino e\/ou pesquisa na cidade;<\/span><\/li>\n<li style=\"font-weight: 400\"><span style=\"font-weight: 400\">Possibilitar a atualiza\u00e7\u00e3o e desenvolvimento dos profissionais que trabalham com a cultura e a educa\u00e7\u00e3o.<\/span><\/li>\n<li style=\"font-weight: 400\"><span style=\"font-weight: 400\">Difundir a cultura, estimular a pr\u00e1tica da leitura, e promover a\u00e7\u00f5es culturais para a comunidade;<\/span><\/li>\n<li style=\"font-weight: 400\"><span style=\"font-weight: 400\">Criar momentos de intera\u00e7\u00e3o com empresas, ind\u00fastrias e institui\u00e7\u00f5es da regi\u00e3o, visando promover e expandir projetos de pesquisa aplicada, extens\u00e3o e ensino.<\/span><\/li>\n<li style=\"font-weight: 400\"><span style=\"font-weight: 400\">Disseminar a socializa\u00e7\u00e3o do conhecimento;<\/span><\/li>\n<li style=\"font-weight: 400\"><span style=\"font-weight: 400\">Promover a populariza\u00e7\u00e3o da ci\u00eancia e tecnologia por meio de eventos de divulga\u00e7\u00e3o cient\u00edfica.<\/span><\/li>\n<\/ul>\n<p style=\"font-weight: 400\">No escopo de atividades anualmente programadas para a&nbsp;SECITEC&nbsp;do IFG \u2013 C\u00e2mpus Itumbiara, constam: palestra sobre Intelig\u00eancia Artificial, oficinas tem\u00e1ticas, torneio de rob\u00f3tica, exposi\u00e7\u00e3o de pain\u00e9is, apresenta\u00e7\u00f5es art\u00edsticas e culturais, sess\u00f5es de p\u00f4steres e comunica\u00e7\u00e3o oral de trabalhos cient\u00edficos, mostra de trabalhos t\u00e9cnicos,<strong>&nbsp;<\/strong>distribui\u00e7\u00e3o de mudas de plantas regionais,<strong>&nbsp;<\/strong>dentre outras. As atividades visam atender aos estudantes dos diferentes n\u00edveis de ensino ofertados na institui\u00e7\u00e3o (cursos t\u00e9cnicos de n\u00edvel m\u00e9dio, ensino superior e Educa\u00e7\u00e3o de Jovens e Adultos), alunos e professores das redes estadual e municipal de educa\u00e7\u00e3o, trabalhadores dos diferentes setores produtivos da regi\u00e3o e a comunidade externa em geral.<\/p>\n<p><span style=\"font-weight: 400\">ISSN &nbsp; &nbsp; 2526-7809<\/span><\/p>\n","protected":false},"excerpt":{"rendered":"<p>A Semana de Educa\u00e7\u00e3o, Ci\u00eancia e Tecnologia do Instituto Federal de Educa\u00e7\u00e3o, Ci\u00eancia e Tecnologia de Goi\u00e1s \u2013 C\u00e2mpus Itumbiara (SECITEC) \u00e9 o principal evento realizado pelo IFG \u2013 C\u00e2mpus Itumbiara. Como nas edi\u00e7\u00f5es anteriores, a tem\u00e1tica geral de todas as SECITECs do IFG seguir\u00e1 a proposta da 22\u00aa Semana Nacional de Ci\u00eancia e Tecnologia, <a class=\"more-link\" href=\"https:\/\/eventos.ifg.edu.br\/secitecitumbiara\/\">Leia mais&#8230; &raquo;<\/a><\/p>\n","protected":false},"author":23,"featured_media":0,"parent":0,"menu_order":0,"comment_status":"closed","ping_status":"closed","template":"","meta":{"ngg_post_thumbnail":0,"footnotes":""},"class_list":["post-50","page","type-page","status-publish","hentry"],"_links":{"self":[{"href":"https:\/\/eventos.ifg.edu.br\/secitecitumbiara\/wp-json\/wp\/v2\/pages\/50"}],"collection":[{"href":"https:\/\/eventos.ifg.edu.br\/secitecitumbiara\/wp-json\/wp\/v2\/pages"}],"about":[{"href":"https:\/\/eventos.ifg.edu.br\/secitecitumbiara\/wp-json\/wp\/v2\/types\/page"}],"author":[{"embeddable":true,"href":"https:\/\/eventos.ifg.edu.br\/secitecitumbiara\/wp-json\/wp\/v2\/users\/23"}],"replies":[{"embeddable":true,"href":"https:\/\/eventos.ifg.edu.br\/secitecitumbiara\/wp-json\/wp\/v2\/comments?post=50"}],"version-history":[{"count":19,"href":"https:\/\/eventos.ifg.edu.br\/secitecitumbiara\/wp-json\/wp\/v2\/pages\/50\/revisions"}],"predecessor-version":[{"id":2188,"href":"https:\/\/eventos.ifg.edu.br\/secitecitumbiara\/wp-json\/wp\/v2\/pages\/50\/revisions\/2188"}],"wp:attachment":[{"href":"https:\/\/eventos.ifg.edu.br\/secitecitumbiara\/wp-json\/wp\/v2\/media?parent=50"}],"curies":[{"name":"wp","href":"https:\/\/api.w.org\/{rel}","templated":true}]}}