{"id":2099,"date":"2025-10-17T10:36:56","date_gmt":"2025-10-17T13:36:56","guid":{"rendered":"https:\/\/eventos.ifg.edu.br\/secitecitumbiara\/?page_id=2099"},"modified":"2025-10-17T10:36:56","modified_gmt":"2025-10-17T13:36:56","slug":"edicao-2024","status":"publish","type":"page","link":"https:\/\/eventos.ifg.edu.br\/secitecitumbiara\/edicao-2024\/","title":{"rendered":"Edi\u00e7\u00e3o 2024"},"content":{"rendered":"\n<p><\/p>\n\n\n\n<p>A Semana de Educa\u00e7\u00e3o, Ci\u00eancia e Tecnologia do Instituto Federal de Educa\u00e7\u00e3o, Ci\u00eancia e Tecnologia de Goi\u00e1s \u2013 C\u00e2mpus Itumbiara (SECITEC) \u00e9 o principal evento realizado pelo IFG \u2013 C\u00e2mpus Itumbiara. Como nas edi\u00e7\u00f5es anteriores, a tem\u00e1tica geral de todas as SECITECs do IFG ser\u00e1 a mesma proposta para a 19\u00aa Semana Nacional de Ci\u00eancia e Tecnologia, que \u00e9 organizada pelo governo federal, por meio do Minist\u00e9rio da Ci\u00eancia, Tecnologia e Inova\u00e7\u00f5es. Em 2024, o tema da iniciativa \u00e9: <strong>Biomas do Brasil: Diversidade, Saberes e Tecnologias Digitais<\/strong><strong><em>.&nbsp;<\/em><\/strong><\/p>\n\n\n\n<p>&nbsp;A primeira edi\u00e7\u00e3o da SECITEC foi realizada no IFG-C\u00e2mpus Itumbiara no ano de 2010 e, desde ent\u00e3o, vem mostrando um crescimento gradativo no n\u00famero de participantes e na quantidade de atividades ofertadas \u00e0 comunidade, sempre se orientando na miss\u00e3o dos Institutos Federais de formar e qualificar profissionais para os diversos setores da economia e promover o desenvolvimento tecnol\u00f3gico em estreita articula\u00e7\u00e3o com os setores produtivos e com a sociedade, oferecendo mecanismos para a educa\u00e7\u00e3o continuada.<\/p>\n\n\n\n<p>A organiza\u00e7\u00e3o da SECITEC \u00e9 de responsabilidade da Ger\u00eancia de Pesquisa, P\u00f3s-Gradua\u00e7\u00e3o e Extens\u00e3o (GEPEX) do IFG-C\u00e2mpus Itumbiara, com o apoio dos n\u00facleos de pesquisa em atividade: N\u00facleo de Pesquisas em Sistemas de Energia (NuPSE), &nbsp;N\u00facleo de Pesquisas e Inova\u00e7\u00e3o Tecnol\u00f3gica em Fontes Renov\u00e1veis de Energia (NUPSOL), N\u00facleo de Pesquisas em Qu\u00edmica (NuPEQUI), N\u00facleo de Pesquisa e Extens\u00e3o Tecnol\u00f3gica Baseado em Cultura Maker (NuPEMaker), al\u00e9m do Programa de Educa\u00e7\u00e3o Tutorial (PET) Qu\u00edmica: Educa\u00e7\u00e3o, Ambiente e Sociedade. Nesse sentido, o evento visa alcan\u00e7ar os seguintes objetivos:<\/p>\n\n\n\n<ul class=\"wp-block-list\">\n<li>Estimular a aproxima\u00e7\u00e3o entre o IFG e a comunidade externa por meio de a\u00e7\u00f5es e projetos de ensino, pesquisa e extens\u00e3o desenvolvidos na institui\u00e7\u00e3o;<\/li>\n\n\n\n<li>Criar um ambiente de debate e reflex\u00e3o sobre tem\u00e1ticas de interesse das \u00e1reas de engenharia, qu\u00edmica, forma\u00e7\u00e3o de professores e rela\u00e7\u00f5es pessoais;<\/li>\n\n\n\n<li>Comunicar resultados de projetos de pesquisa ou trabalhos desenvolvidos pelas institui\u00e7\u00f5es de ensino e\/ou pesquisa na cidade;<\/li>\n\n\n\n<li>Possibilitar a atualiza\u00e7\u00e3o e desenvolvimento dos profissionais que trabalham com a cultura e a educa\u00e7\u00e3o.<\/li>\n\n\n\n<li>Difundir a cultura, estimular a pr\u00e1tica da leitura, e promover a\u00e7\u00f5es culturais para a comunidade;<\/li>\n\n\n\n<li>Criar momentos de intera\u00e7\u00e3o com empresas, ind\u00fastrias e institui\u00e7\u00f5es da regi\u00e3o, visando promover e expandir projetos de pesquisa aplicada, extens\u00e3o e ensino.<\/li>\n\n\n\n<li>Disseminar a socializa\u00e7\u00e3o do conhecimento;<\/li>\n\n\n\n<li>Promover a populariza\u00e7\u00e3o da ci\u00eancia e tecnologia por meio de eventos de divulga\u00e7\u00e3o cient\u00edfica.<\/li>\n<\/ul>\n\n\n\n<p>&nbsp;No escopo de atividades anualmente programadas para a SECITEC do IFG-C\u00e2mpus Itumbiara consta palestras, mesas redondas, oficinas tem\u00e1ticas, minicursos, apresenta\u00e7\u00f5es art\u00edsticas e culturais, sess\u00e3o de p\u00f4steres e comunica\u00e7\u00e3o oral de trabalhos cient\u00edficos, mostra de trabalhos t\u00e9cnicos, dentre outras. As atividades visam atender aos estudantes dos diferentes n\u00edveis de ensino ofertados na institui\u00e7\u00e3o (cursos t\u00e9cnico de n\u00edvel m\u00e9dio, ensino superior e educa\u00e7\u00e3o de jovens e adultos), alunos e professores das redes estadual e municipal de educa\u00e7\u00e3o, trabalhadores dos diferentes setores produtivos da regi\u00e3o e a comunidade externa em geral.<\/p>\n\n\n\n<p>ISSN &nbsp; &nbsp; 2526-7809<\/p>\n","protected":false},"excerpt":{"rendered":"<p>A Semana de Educa\u00e7\u00e3o, Ci\u00eancia e Tecnologia do Instituto Federal de Educa\u00e7\u00e3o, Ci\u00eancia e Tecnologia de Goi\u00e1s \u2013 C\u00e2mpus Itumbiara (SECITEC) \u00e9 o principal evento realizado pelo IFG \u2013 C\u00e2mpus Itumbiara. Como nas edi\u00e7\u00f5es anteriores, a tem\u00e1tica geral de todas as SECITECs do IFG ser\u00e1 a mesma proposta para a 19\u00aa Semana Nacional de Ci\u00eancia <a class=\"more-link\" href=\"https:\/\/eventos.ifg.edu.br\/secitecitumbiara\/edicao-2024\/\">Leia mais&#8230; &raquo;<\/a><\/p>\n","protected":false},"author":23,"featured_media":0,"parent":0,"menu_order":0,"comment_status":"closed","ping_status":"closed","template":"","meta":{"ngg_post_thumbnail":0,"footnotes":""},"class_list":["post-2099","page","type-page","status-publish","hentry"],"_links":{"self":[{"href":"https:\/\/eventos.ifg.edu.br\/secitecitumbiara\/wp-json\/wp\/v2\/pages\/2099"}],"collection":[{"href":"https:\/\/eventos.ifg.edu.br\/secitecitumbiara\/wp-json\/wp\/v2\/pages"}],"about":[{"href":"https:\/\/eventos.ifg.edu.br\/secitecitumbiara\/wp-json\/wp\/v2\/types\/page"}],"author":[{"embeddable":true,"href":"https:\/\/eventos.ifg.edu.br\/secitecitumbiara\/wp-json\/wp\/v2\/users\/23"}],"replies":[{"embeddable":true,"href":"https:\/\/eventos.ifg.edu.br\/secitecitumbiara\/wp-json\/wp\/v2\/comments?post=2099"}],"version-history":[{"count":1,"href":"https:\/\/eventos.ifg.edu.br\/secitecitumbiara\/wp-json\/wp\/v2\/pages\/2099\/revisions"}],"predecessor-version":[{"id":2100,"href":"https:\/\/eventos.ifg.edu.br\/secitecitumbiara\/wp-json\/wp\/v2\/pages\/2099\/revisions\/2100"}],"wp:attachment":[{"href":"https:\/\/eventos.ifg.edu.br\/secitecitumbiara\/wp-json\/wp\/v2\/media?parent=2099"}],"curies":[{"name":"wp","href":"https:\/\/api.w.org\/{rel}","templated":true}]}}