{"id":2066,"date":"2025-04-14T15:47:42","date_gmt":"2025-04-14T18:47:42","guid":{"rendered":"https:\/\/eventos.ifg.edu.br\/secitecitumbiara\/?page_id=2066"},"modified":"2025-04-14T16:19:16","modified_gmt":"2025-04-14T19:19:16","slug":"anais-secitec-2024","status":"publish","type":"page","link":"https:\/\/eventos.ifg.edu.br\/secitecitumbiara\/anais-secitec-2024\/","title":{"rendered":"Anais  2024 &#8211;  SECITEC &#8211; Instituto Federal de Educa\u00e7\u00e3o, Ci\u00eancia e Tecnologia de Goi\u00e1s &#8211; Campus Itumbiara"},"content":{"rendered":"<p><a href=\"http:\/\/eventos.ifg.edu.br\/secitecitumbiara\/wp-content\/uploads\/sites\/9\/2025\/04\/anais_secitec_itumbiara_2024.pdf\" target=\"_blank\" rel=\"noopener\" data-wplink-edit=\"true\">Anais SECITEC 2024<\/a><\/p>\n<p><a href=\"http:\/\/eventos.ifg.edu.br\/secitecitumbiara\/wp-content\/uploads\/sites\/9\/2025\/04\/ebook_secitec_ifg_itumbiara_2024.pdf\" target=\"_blank\" rel=\"noopener\">Ebook SECITEC 2024<\/a><\/p>\n\n\n<p><\/p>\n","protected":false},"excerpt":{"rendered":"<p>Anais SECITEC 2024 Ebook SECITEC 2024<\/p>\n","protected":false},"author":23,"featured_media":0,"parent":0,"menu_order":0,"comment_status":"closed","ping_status":"closed","template":"","meta":{"ngg_post_thumbnail":0,"footnotes":""},"class_list":["post-2066","page","type-page","status-publish","hentry"],"_links":{"self":[{"href":"https:\/\/eventos.ifg.edu.br\/secitecitumbiara\/wp-json\/wp\/v2\/pages\/2066"}],"collection":[{"href":"https:\/\/eventos.ifg.edu.br\/secitecitumbiara\/wp-json\/wp\/v2\/pages"}],"about":[{"href":"https:\/\/eventos.ifg.edu.br\/secitecitumbiara\/wp-json\/wp\/v2\/types\/page"}],"author":[{"embeddable":true,"href":"https:\/\/eventos.ifg.edu.br\/secitecitumbiara\/wp-json\/wp\/v2\/users\/23"}],"replies":[{"embeddable":true,"href":"https:\/\/eventos.ifg.edu.br\/secitecitumbiara\/wp-json\/wp\/v2\/comments?post=2066"}],"version-history":[{"count":3,"href":"https:\/\/eventos.ifg.edu.br\/secitecitumbiara\/wp-json\/wp\/v2\/pages\/2066\/revisions"}],"predecessor-version":[{"id":2077,"href":"https:\/\/eventos.ifg.edu.br\/secitecitumbiara\/wp-json\/wp\/v2\/pages\/2066\/revisions\/2077"}],"wp:attachment":[{"href":"https:\/\/eventos.ifg.edu.br\/secitecitumbiara\/wp-json\/wp\/v2\/media?parent=2066"}],"curies":[{"name":"wp","href":"https:\/\/api.w.org\/{rel}","templated":true}]}}