{"id":2038,"date":"2023-11-08T10:15:53","date_gmt":"2023-11-08T13:15:53","guid":{"rendered":"http:\/\/eventos.ifg.edu.br\/secitecitumbiara\/?page_id=2038"},"modified":"2024-03-12T17:19:25","modified_gmt":"2024-03-12T20:19:25","slug":"chamada-especial-e-book-2023","status":"publish","type":"page","link":"https:\/\/eventos.ifg.edu.br\/secitecitumbiara\/chamada-especial-e-book-2023\/","title":{"rendered":"E-Book 2023"},"content":{"rendered":"<p><strong>Trabalhos selecionados para publica\u00e7\u00e3o do E-BOOK 2023<\/strong><\/p>\n<p>Os autores dos trabalhos que receberam as melhores avalia\u00e7\u00f5es foram convidados para submeter uma vers\u00e3o &#8220;trabalho completo&#8221; de seus resumos para a publica\u00e7\u00e3o como cap\u00edtulo de livro do e-book organizado pela comiss\u00e3o organizadora da Secitec 2023.<\/p>\n<p>O e-book \u00e9 composto por 16 cap\u00edtulos e est\u00e1 dispon\u00edvel para <a href=\"http:\/\/eventos.ifg.edu.br\/secitecitumbiara\/wp-content\/uploads\/sites\/9\/2024\/03\/ebook_secitec_ifg_itumbiara_2023_site.pdf\">download<\/a>.&nbsp;<\/p>\n","protected":false},"excerpt":{"rendered":"<p>Trabalhos selecionados para publica\u00e7\u00e3o do E-BOOK 2023 Os autores dos trabalhos que receberam as melhores avalia\u00e7\u00f5es foram convidados para submeter uma vers\u00e3o &#8220;trabalho completo&#8221; de seus resumos para a publica\u00e7\u00e3o como cap\u00edtulo de livro do e-book organizado pela comiss\u00e3o organizadora da Secitec 2023. O e-book \u00e9 composto por 16 cap\u00edtulos e est\u00e1 dispon\u00edvel para download.&nbsp;<\/p>\n","protected":false},"author":22,"featured_media":0,"parent":0,"menu_order":0,"comment_status":"closed","ping_status":"closed","template":"","meta":{"ngg_post_thumbnail":0,"footnotes":""},"class_list":["post-2038","page","type-page","status-publish","hentry"],"_links":{"self":[{"href":"https:\/\/eventos.ifg.edu.br\/secitecitumbiara\/wp-json\/wp\/v2\/pages\/2038"}],"collection":[{"href":"https:\/\/eventos.ifg.edu.br\/secitecitumbiara\/wp-json\/wp\/v2\/pages"}],"about":[{"href":"https:\/\/eventos.ifg.edu.br\/secitecitumbiara\/wp-json\/wp\/v2\/types\/page"}],"author":[{"embeddable":true,"href":"https:\/\/eventos.ifg.edu.br\/secitecitumbiara\/wp-json\/wp\/v2\/users\/22"}],"replies":[{"embeddable":true,"href":"https:\/\/eventos.ifg.edu.br\/secitecitumbiara\/wp-json\/wp\/v2\/comments?post=2038"}],"version-history":[{"count":10,"href":"https:\/\/eventos.ifg.edu.br\/secitecitumbiara\/wp-json\/wp\/v2\/pages\/2038\/revisions"}],"predecessor-version":[{"id":2057,"href":"https:\/\/eventos.ifg.edu.br\/secitecitumbiara\/wp-json\/wp\/v2\/pages\/2038\/revisions\/2057"}],"wp:attachment":[{"href":"https:\/\/eventos.ifg.edu.br\/secitecitumbiara\/wp-json\/wp\/v2\/media?parent=2038"}],"curies":[{"name":"wp","href":"https:\/\/api.w.org\/{rel}","templated":true}]}}