{"id":1753,"date":"2023-09-11T09:32:36","date_gmt":"2023-09-11T12:32:36","guid":{"rendered":"http:\/\/eventos.ifg.edu.br\/secitecitumbiara\/?page_id=1753"},"modified":"2024-08-14T18:03:23","modified_gmt":"2024-08-14T21:03:23","slug":"anais-secitec-2023","status":"publish","type":"page","link":"https:\/\/eventos.ifg.edu.br\/secitecitumbiara\/anais-secitec-2023\/","title":{"rendered":"Anais  2023 &#8211;  SECITEC &#8211; Instituto Federal de Educa\u00e7\u00e3o, Ci\u00eancia e Tecnologia de Goi\u00e1s &#8211; Campus Itumbiara"},"content":{"rendered":"<p><a href=\"http:\/\/eventos.ifg.edu.br\/secitecitumbiara\/wp-content\/uploads\/sites\/9\/2024\/08\/anais_secitec_2023.pdf\" target=\"_blank\">Anais SECITEC 2023<\/a><\/p>\n","protected":false},"excerpt":{"rendered":"<p>Anais SECITEC 2023<\/p>\n","protected":false},"author":23,"featured_media":0,"parent":0,"menu_order":0,"comment_status":"closed","ping_status":"closed","template":"","meta":{"ngg_post_thumbnail":0,"footnotes":""},"class_list":["post-1753","page","type-page","status-publish","hentry"],"_links":{"self":[{"href":"https:\/\/eventos.ifg.edu.br\/secitecitumbiara\/wp-json\/wp\/v2\/pages\/1753"}],"collection":[{"href":"https:\/\/eventos.ifg.edu.br\/secitecitumbiara\/wp-json\/wp\/v2\/pages"}],"about":[{"href":"https:\/\/eventos.ifg.edu.br\/secitecitumbiara\/wp-json\/wp\/v2\/types\/page"}],"author":[{"embeddable":true,"href":"https:\/\/eventos.ifg.edu.br\/secitecitumbiara\/wp-json\/wp\/v2\/users\/23"}],"replies":[{"embeddable":true,"href":"https:\/\/eventos.ifg.edu.br\/secitecitumbiara\/wp-json\/wp\/v2\/comments?post=1753"}],"version-history":[{"count":4,"href":"https:\/\/eventos.ifg.edu.br\/secitecitumbiara\/wp-json\/wp\/v2\/pages\/1753\/revisions"}],"predecessor-version":[{"id":2067,"href":"https:\/\/eventos.ifg.edu.br\/secitecitumbiara\/wp-json\/wp\/v2\/pages\/1753\/revisions\/2067"}],"wp:attachment":[{"href":"https:\/\/eventos.ifg.edu.br\/secitecitumbiara\/wp-json\/wp\/v2\/media?parent=1753"}],"curies":[{"name":"wp","href":"https:\/\/api.w.org\/{rel}","templated":true}]}}