{"id":17,"date":"2016-09-12T12:22:08","date_gmt":"2016-09-12T15:22:08","guid":{"rendered":"http:\/\/eventos.ifg.edu.br\/secitecitumbiara2016\/?page_id=17"},"modified":"2023-09-11T09:37:57","modified_gmt":"2023-09-11T12:37:57","slug":"programacao-2016","status":"publish","type":"page","link":"https:\/\/eventos.ifg.edu.br\/secitecitumbiara\/programacao-2016\/","title":{"rendered":"Programa\u00e7\u00e3o 2016"},"content":{"rendered":"<h3>Acesse aqui a programa\u00e7\u00e3o geral do Evento<\/h3>\n<p><a href=\"http:\/\/eventos.ifg.edu.br\/secitecitumbiara2016\/wp-content\/uploads\/sites\/9\/2016\/09\/Programa\u00e7\u00e3o-SECITEC-2016-site.pdf\">Programacao SECITEC 2016<\/a><\/p>\n","protected":false},"excerpt":{"rendered":"<p>Acesse aqui a programa\u00e7\u00e3o geral do Evento Programacao SECITEC 2016<\/p>\n","protected":false},"author":23,"featured_media":0,"parent":0,"menu_order":0,"comment_status":"closed","ping_status":"closed","template":"","meta":{"ngg_post_thumbnail":0,"footnotes":""},"class_list":["post-17","page","type-page","status-publish","hentry"],"_links":{"self":[{"href":"https:\/\/eventos.ifg.edu.br\/secitecitumbiara\/wp-json\/wp\/v2\/pages\/17"}],"collection":[{"href":"https:\/\/eventos.ifg.edu.br\/secitecitumbiara\/wp-json\/wp\/v2\/pages"}],"about":[{"href":"https:\/\/eventos.ifg.edu.br\/secitecitumbiara\/wp-json\/wp\/v2\/types\/page"}],"author":[{"embeddable":true,"href":"https:\/\/eventos.ifg.edu.br\/secitecitumbiara\/wp-json\/wp\/v2\/users\/23"}],"replies":[{"embeddable":true,"href":"https:\/\/eventos.ifg.edu.br\/secitecitumbiara\/wp-json\/wp\/v2\/comments?post=17"}],"version-history":[{"count":3,"href":"https:\/\/eventos.ifg.edu.br\/secitecitumbiara\/wp-json\/wp\/v2\/pages\/17\/revisions"}],"predecessor-version":[{"id":1762,"href":"https:\/\/eventos.ifg.edu.br\/secitecitumbiara\/wp-json\/wp\/v2\/pages\/17\/revisions\/1762"}],"wp:attachment":[{"href":"https:\/\/eventos.ifg.edu.br\/secitecitumbiara\/wp-json\/wp\/v2\/media?parent=17"}],"curies":[{"name":"wp","href":"https:\/\/api.w.org\/{rel}","templated":true}]}}