{"id":1645,"date":"2022-10-19T18:52:25","date_gmt":"2022-10-19T21:52:25","guid":{"rendered":"http:\/\/eventos.ifg.edu.br\/secitecitumbiara\/?page_id=1645"},"modified":"2023-04-04T23:29:29","modified_gmt":"2023-04-05T02:29:29","slug":"anais-secitec-2022","status":"publish","type":"page","link":"https:\/\/eventos.ifg.edu.br\/secitecitumbiara\/anais-secitec-2022\/","title":{"rendered":"Anais  2022 &#8211;  SECITEC &#8211; Instituto Federal de Educa\u00e7\u00e3o, Ci\u00eancia e Tecnologia de Goi\u00e1s &#8211; Campus Itumbiara"},"content":{"rendered":"<p><a href=\"http:\/\/eventos.ifg.edu.br\/secitecitumbiara\/wp-content\/uploads\/sites\/9\/2023\/04\/anais_secitec_2022.pdf\">Anais SECITEC 2022<\/a><\/p>\n","protected":false},"excerpt":{"rendered":"<p>Anais SECITEC 2022<\/p>\n","protected":false},"author":23,"featured_media":0,"parent":0,"menu_order":0,"comment_status":"closed","ping_status":"closed","template":"","meta":{"ngg_post_thumbnail":0,"footnotes":""},"class_list":["post-1645","page","type-page","status-publish","hentry"],"_links":{"self":[{"href":"https:\/\/eventos.ifg.edu.br\/secitecitumbiara\/wp-json\/wp\/v2\/pages\/1645"}],"collection":[{"href":"https:\/\/eventos.ifg.edu.br\/secitecitumbiara\/wp-json\/wp\/v2\/pages"}],"about":[{"href":"https:\/\/eventos.ifg.edu.br\/secitecitumbiara\/wp-json\/wp\/v2\/types\/page"}],"author":[{"embeddable":true,"href":"https:\/\/eventos.ifg.edu.br\/secitecitumbiara\/wp-json\/wp\/v2\/users\/23"}],"replies":[{"embeddable":true,"href":"https:\/\/eventos.ifg.edu.br\/secitecitumbiara\/wp-json\/wp\/v2\/comments?post=1645"}],"version-history":[{"count":3,"href":"https:\/\/eventos.ifg.edu.br\/secitecitumbiara\/wp-json\/wp\/v2\/pages\/1645\/revisions"}],"predecessor-version":[{"id":1751,"href":"https:\/\/eventos.ifg.edu.br\/secitecitumbiara\/wp-json\/wp\/v2\/pages\/1645\/revisions\/1751"}],"wp:attachment":[{"href":"https:\/\/eventos.ifg.edu.br\/secitecitumbiara\/wp-json\/wp\/v2\/media?parent=1645"}],"curies":[{"name":"wp","href":"https:\/\/api.w.org\/{rel}","templated":true}]}}