{"id":1526,"date":"2019-10-17T13:25:17","date_gmt":"2019-10-17T16:25:17","guid":{"rendered":"http:\/\/eventos.ifg.edu.br\/secitecitumbiara\/?page_id=1526"},"modified":"2022-10-19T18:57:12","modified_gmt":"2022-10-19T21:57:12","slug":"resultados-2019","status":"publish","type":"page","link":"https:\/\/eventos.ifg.edu.br\/secitecitumbiara\/resultados-2019\/","title":{"rendered":"Resultados 2019"},"content":{"rendered":"<div>&#8211; Autores de resumos expandidos, fiquem atentos \u00e0 modalidade de apresenta\u00e7\u00e3o de seu trabalho (P\u00f4ster ou Comunica\u00e7\u00e3o Oral), pois conforme as normas de submiss\u00e3o e apresenta\u00e7\u00e3o de trabalhos na SECITEC 2019, os resumos expandidos seriam selecionados para apresenta\u00e7\u00e3o oral, conforme o resultado do processo de avalia\u00e7\u00e3o.<\/div>\n<div>&#8211; Quanto aos resumos simples, todos ser\u00e3o apresentados na forma de P\u00f4ster.<\/div>\n<div>&#8211; Utilizar os modelos de P\u00f4ster e de Apresenta\u00e7\u00e3o do Power Point&nbsp;(Comunica\u00e7\u00e3o Oral) dispon\u00edveis na p\u00e1gina do evento.<\/div>\n<div>&nbsp;<\/div>\n<div>\n<p><a href=\"http:\/\/eventos.ifg.edu.br\/secitecitumbiara\/wp-content\/uploads\/sites\/9\/2019\/10\/Resumos-Expandidos-Aprovados-para-Apresenta\u00e7\u00e3o-SECITEC-2019.pdf\">Resumos Expandidos Aprovados para Apresenta\u00e7\u00e3o &#8211; SECITEC 2019<\/a><\/p>\n<p><a href=\"http:\/\/eventos.ifg.edu.br\/secitecitumbiara\/wp-content\/uploads\/sites\/9\/2019\/10\/Resumos-Simples-Aprovados-para-Apresenta\u00e7\u00e3o-SECITEC-2019.pdf\">Resumos Simples Aprovados para Apresenta\u00e7\u00e3o &#8211; SECITEC 2019<\/a><\/p>\n<\/div>\n<p><a href=\"http:\/\/eventos.ifg.edu.br\/secitecitumbiara\/wp-content\/uploads\/sites\/9\/2019\/10\/Listagem-de-Trabalhos-Comunica\u00e7\u00e3o-Oral-24.10.2019.pdf\">Listagem de Trabalhos &#8211; Comunica\u00e7\u00e3o Oral &#8211; 24\/10\/2019<\/a><\/p>\n","protected":false},"excerpt":{"rendered":"<p>&#8211; Autores de resumos expandidos, fiquem atentos \u00e0 modalidade de apresenta\u00e7\u00e3o de seu trabalho (P\u00f4ster ou Comunica\u00e7\u00e3o Oral), pois conforme as normas de submiss\u00e3o e apresenta\u00e7\u00e3o de trabalhos na SECITEC 2019, os resumos expandidos seriam selecionados para apresenta\u00e7\u00e3o oral, conforme o resultado do processo de avalia\u00e7\u00e3o. &#8211; Quanto aos resumos simples, todos ser\u00e3o apresentados na <a class=\"more-link\" href=\"https:\/\/eventos.ifg.edu.br\/secitecitumbiara\/resultados-2019\/\">Leia mais&#8230; &raquo;<\/a><\/p>\n","protected":false},"author":23,"featured_media":0,"parent":0,"menu_order":0,"comment_status":"closed","ping_status":"closed","template":"","meta":{"ngg_post_thumbnail":0,"footnotes":""},"class_list":["post-1526","page","type-page","status-publish","hentry"],"_links":{"self":[{"href":"https:\/\/eventos.ifg.edu.br\/secitecitumbiara\/wp-json\/wp\/v2\/pages\/1526"}],"collection":[{"href":"https:\/\/eventos.ifg.edu.br\/secitecitumbiara\/wp-json\/wp\/v2\/pages"}],"about":[{"href":"https:\/\/eventos.ifg.edu.br\/secitecitumbiara\/wp-json\/wp\/v2\/types\/page"}],"author":[{"embeddable":true,"href":"https:\/\/eventos.ifg.edu.br\/secitecitumbiara\/wp-json\/wp\/v2\/users\/23"}],"replies":[{"embeddable":true,"href":"https:\/\/eventos.ifg.edu.br\/secitecitumbiara\/wp-json\/wp\/v2\/comments?post=1526"}],"version-history":[{"count":5,"href":"https:\/\/eventos.ifg.edu.br\/secitecitumbiara\/wp-json\/wp\/v2\/pages\/1526\/revisions"}],"predecessor-version":[{"id":1651,"href":"https:\/\/eventos.ifg.edu.br\/secitecitumbiara\/wp-json\/wp\/v2\/pages\/1526\/revisions\/1651"}],"wp:attachment":[{"href":"https:\/\/eventos.ifg.edu.br\/secitecitumbiara\/wp-json\/wp\/v2\/media?parent=1526"}],"curies":[{"name":"wp","href":"https:\/\/api.w.org\/{rel}","templated":true}]}}